{"id":386,"date":"2023-02-10T09:56:08","date_gmt":"2023-02-10T09:56:08","guid":{"rendered":"https:\/\/srm.solidar.org\/?page_id=386"},"modified":"2023-07-17T16:19:05","modified_gmt":"2023-07-17T16:19:05","slug":"about-us","status":"publish","type":"page","link":"https:\/\/srm.solidar.org\/de\/about-us\/","title":{"rendered":"\u00dcber uns"},"content":{"rendered":"<div class=\"wp-block-columns is-layout-flex wp-container-core-columns-is-layout-9d6595d7 wp-block-columns-is-layout-flex\">\n<div class=\"wp-block-column is-layout-flow wp-block-column-is-layout-flow\" style=\"flex-basis:25%\">\n<h2 class=\"wp-block-heading\">Navigation<\/h2>\n\n\n<nav class=\"has-medium-font-size is-responsive items-justified-left custom-sidebar-menu wp-block-navigation is-content-justification-left is-layout-flex wp-container-core-navigation-is-layout-fdcfc74e wp-block-navigation-is-layout-flex\" aria-label=\"Seitenleiste\" \n\t\t data-wp-interactive=\"core\/navigation\" data-wp-context='{\"overlayOpenedBy\":{\"click\":false,\"hover\":false,\"focus\":false},\"type\":\"overlay\",\"roleAttribute\":\"\",\"ariaLabel\":\"Men\\u00fc\"}'><button aria-haspopup=\"dialog\" aria-label=\"Men\u00fc \u00f6ffnen\" class=\"wp-block-navigation__responsive-container-open\" \n\t\t\t\tdata-wp-on--click=\"actions.openMenuOnClick\"\n\t\t\t\tdata-wp-on--keydown=\"actions.handleMenuKeydown\"\n\t\t\t><svg width=\"24\" height=\"24\" xmlns=\"http:\/\/www.w3.org\/2000\/svg\" viewbox=\"0 0 24 24\"><path d=\"M5 5v1.5h14V5H5z\"><\/path><path d=\"M5 12.8h14v-1.5H5v1.5z\"><\/path><path d=\"M5 19h14v-1.5H5V19z\"><\/path><\/svg><\/button>\n\t\t\t\t<div class=\"wp-block-navigation__responsive-container\"  id=\"modal-1\" \n\t\t\t\tdata-wp-class--has-modal-open=\"state.isMenuOpen\"\n\t\t\t\tdata-wp-class--is-menu-open=\"state.isMenuOpen\"\n\t\t\t\tdata-wp-watch=\"callbacks.initMenu\"\n\t\t\t\tdata-wp-on--keydown=\"actions.handleMenuKeydown\"\n\t\t\t\tdata-wp-on--focusout=\"actions.handleMenuFocusout\"\n\t\t\t\ttabindex=\"-1\"\n\t\t\t>\n\t\t\t\t\t<div class=\"wp-block-navigation__responsive-close\" tabindex=\"-1\">\n\t\t\t\t\t\t<div class=\"wp-block-navigation__responsive-dialog\" \n\t\t\t\tdata-wp-bind--aria-modal=\"state.ariaModal\"\n\t\t\t\tdata-wp-bind--aria-label=\"state.ariaLabel\"\n\t\t\t\tdata-wp-bind--role=\"state.roleAttribute\"\n\t\t\t>\n\t\t\t\t\t\t\t<button aria-label=\"Men\u00fc schlie\u00dfen\" class=\"wp-block-navigation__responsive-container-close\" \n\t\t\t\tdata-wp-on--click=\"actions.closeMenuOnClick\"\n\t\t\t><svg xmlns=\"http:\/\/www.w3.org\/2000\/svg\" viewbox=\"0 0 24 24\" width=\"24\" height=\"24\" aria-hidden=\"true\" focusable=\"false\"><path d=\"m13.06 12 6.47-6.47-1.06-1.06L12 10.94 5.53 4.47 4.47 5.53 10.94 12l-6.47 6.47 1.06 1.06L12 13.06l6.47 6.47 1.06-1.06L13.06 12Z\"><\/path><\/svg><\/button>\n\t\t\t\t\t\t\t<div class=\"wp-block-navigation__responsive-container-content\" \n\t\t\t\tdata-wp-watch=\"callbacks.focusFirstElement\"\n\t\t\t id=\"modal-1-content\">\n\t\t\t\t\t\t\t\t<ul class=\"wp-block-navigation__container has-medium-font-size is-responsive items-justified-left custom-sidebar-menu wp-block-navigation has-medium-font-size\"><li class=\"has-medium-font-size wp-block-navigation-item wp-block-navigation-link\"><a class=\"wp-block-navigation-item__content\"  href=\"https:\/\/srm.solidar.org\/de\/about-us\/\"><span class=\"wp-block-navigation-item__label\">\u00dcber uns<\/span><\/a><\/li><\/ul>\n\t\t\t\t\t\t\t<\/div>\n\t\t\t\t\t\t<\/div>\n\t\t\t\t\t<\/div>\n\t\t\t\t<\/div><\/nav><\/div>\n\n\n\n<div class=\"wp-block-column is-layout-flow wp-block-column-is-layout-flow\" style=\"flex-basis:75%\">\n<p>Der Social Rights Monitor ist ein Instrument, das die Stimme der fortschrittlichen Zivilgesellschaft auf nationaler Ebene verst\u00e4rkt. Der Inhalt basiert auf den Beitr\u00e4gen der von SOLIDAR-Mitgliedern und Partnern eingerichteten Nationalen Strategiegruppen (NSGs), die in den analysierten L\u00e4ndern aktiv sind. Sie bestehen aus NGOs, Verb\u00e4nden, Bewegungen, Gewerkschaften, Wissenschaftlern und Thinktanks und stellen sicher, dass die Perspektive der Zivilgesellschaft in der Analyse des Social Rights Monitor widergespiegelt wird. Der Monitor spiegelt die Erfahrungen dieser Organisationen wider, die vor Ort aktiv sind, und die Erfahrungen werden durch wissenschaftliche Daten erg\u00e4nzt, die durch Sekund\u00e4rforschung gesammelt wurden.<\/p>\n\n\n\n<p>Die im Social Rights Monitor erarbeiteten Daten werden vom SOLIDAR-Sekretariat mithilfe eines Fragebogens gesammelt, der an die Leiter der Nationalen Strategiegruppen (unsere nationalen Mitglieder) verteilt und mit den von jeder Gruppe erstellten Informationen erg\u00e4nzt wird. Ab 2023 wird dieser Fragebogen online durchgef\u00fchrt.<\/p>\n\n\n\n<p>Basierend auf dem Bild, das sich aus dem Monitor ergibt, erarbeiten SOLIDAR und die NSGs gemeinsam politische Empfehlungen f\u00fcr die politischen Entscheidungstr\u00e4ger der EU. Diese zielen darauf ab, soziale Rechte, einen gesunden Planeten und einen f\u00f6rderlichen, freien und gesch\u00fctzten b\u00fcrgerlichen Raum f\u00fcr alle in Europa Wirklichkeit werden zu lassen. Die aus der Analyse resultierenden zentralen Empfehlungen dienen als Grundlage f\u00fcr die soziale Interessenvertretung von SOLIDAR.<\/p>\n\n\n\n<hr class=\"wp-block-separator has-alpha-channel-opacity\"\/>\n\n\n\n<p><\/p>\n<\/div>\n<\/div>\n\n\n\n<style>\n#main{width: 90%;\n    margin: 0 auto;\n    box-shadow: none;\n    border: 0px;}\n.cities_list,\n.advc_btn_class{display: none}\n.site-branding{position: relative}\n#main-column .post, #main-column .page{border: 0px}\n<\/style>","protected":false},"excerpt":{"rendered":"<p>Navigation The Social Rights Monitor is a tool that amplifies the voice of progressive civil society at national level. Its content is based on the inputs provided by the National Strategy Groups (NSGs) set up by SOLIDAR\u2019s members and partners, which are active in the countries analysed. They consist of NGOs, associations, movements, trade unions, &hellip;<\/p>","protected":false},"author":2,"featured_media":0,"parent":0,"menu_order":0,"comment_status":"closed","ping_status":"closed","template":"","meta":{"_acf_changed":false,"footnotes":""},"class_list":["post-386","page","type-page","status-publish","hentry"],"acf":[],"_links":{"self":[{"href":"https:\/\/srm.solidar.org\/de\/wp-json\/wp\/v2\/pages\/386","targetHints":{"allow":["GET"]}}],"collection":[{"href":"https:\/\/srm.solidar.org\/de\/wp-json\/wp\/v2\/pages"}],"about":[{"href":"https:\/\/srm.solidar.org\/de\/wp-json\/wp\/v2\/types\/page"}],"author":[{"embeddable":true,"href":"https:\/\/srm.solidar.org\/de\/wp-json\/wp\/v2\/users\/2"}],"replies":[{"embeddable":true,"href":"https:\/\/srm.solidar.org\/de\/wp-json\/wp\/v2\/comments?post=386"}],"version-history":[{"count":0,"href":"https:\/\/srm.solidar.org\/de\/wp-json\/wp\/v2\/pages\/386\/revisions"}],"wp:attachment":[{"href":"https:\/\/srm.solidar.org\/de\/wp-json\/wp\/v2\/media?parent=386"}],"curies":[{"name":"wp","href":"https:\/\/api.w.org\/{rel}","templated":true}]}}