{"id":423,"date":"2023-02-13T16:58:29","date_gmt":"2023-02-13T16:58:29","guid":{"rendered":"https:\/\/srm.solidar.org\/?page_id=423"},"modified":"2024-08-08T13:59:10","modified_gmt":"2024-08-08T13:59:10","slug":"equal-opportunities-and-access-to-the-labour-market","status":"publish","type":"page","link":"https:\/\/srm.solidar.org\/de\/equal-opportunities-and-access-to-the-labour-market\/","title":{"rendered":"Chancengleichheit und Zugang zum Arbeitsmarkt"},"content":{"rendered":"<h2 class=\"wp-block-heading\">Chancengleichheit und Zugang zum Arbeitsmarkt<\/h2>\n\n\n\n<div class=\"wp-block-columns is-layout-flex wp-container-core-columns-is-layout-9d6595d7 wp-block-columns-is-layout-flex\">\n<div class=\"wp-block-column is-layout-flow wp-block-column-is-layout-flow\">\n<p>Dieses Thema wird in Kapitel 1 der europ\u00e4ischen S\u00e4ule sozialer Rechte entwickelt. Es analysiert die von den europ\u00e4ischen L\u00e4ndern eingef\u00fchrten Strategien und Ma\u00dfnahmen, um sicherzustellen, dass marginalisierte Gruppen gleiche Chancen auf Teilhabe an der Gesellschaft haben, unter anderem \u2013 aber nicht beschr\u00e4nkt auf \u2013 \u00fcber den Arbeitsmarkt. Mithilfe des Social Rights Monitor-Fragebogens bewerten wir Folgendes f\u00fcr jedes Land:<\/p>\n\n\n\n<ul class=\"wp-block-list\">\n<li>Investitionen in das Sozialsystem<\/li>\n\n\n\n<li>Geschlechtergleichstellung<\/li>\n\n\n\n<li>Bildung, Ausbildung und lebenslanges Lernen<\/li>\n\n\n\n<li>Die Einbeziehung von Migranten, Fl\u00fcchtlingen und Asylbewerbern und anderen Gruppen, die sich in einer prek\u00e4ren Situation befinden<\/li>\n\n\n\n<li>Besch\u00e4ftigung von Jugendlichen<\/li>\n<\/ul>\n\n\n\n<p><\/p>\n<\/div>\n\n\n\n<div class=\"wp-block-column is-layout-flow wp-block-column-is-layout-flow\">\n<p>Intersektionale Perspektiven \u2013 etwa die des Geschlechts \u2013 zur Bewertung der Auswirkungen politischer Ma\u00dfnahmen auf Randgruppen sind nicht auf diesen Abschnitt des Monitors beschr\u00e4nkt, sondern werden im gesamten SRM ber\u00fccksichtigt.<\/p>\n<\/div>\n<\/div>","protected":false},"excerpt":{"rendered":"<p>Equal opportunities and access to the labour market This theme is developed in Chapter 1 of the European Pillar of Social Rights. It analyses the policies and measures put in place by European countries to ensure that marginalised groups have equal opportunities to participate in society, including \u2013 but not limited to \u2013 through the &hellip;<\/p>","protected":false},"author":2,"featured_media":0,"parent":0,"menu_order":0,"comment_status":"closed","ping_status":"closed","template":"","meta":{"_acf_changed":false,"footnotes":""},"class_list":["post-423","page","type-page","status-publish","hentry"],"acf":[],"_links":{"self":[{"href":"https:\/\/srm.solidar.org\/de\/wp-json\/wp\/v2\/pages\/423","targetHints":{"allow":["GET"]}}],"collection":[{"href":"https:\/\/srm.solidar.org\/de\/wp-json\/wp\/v2\/pages"}],"about":[{"href":"https:\/\/srm.solidar.org\/de\/wp-json\/wp\/v2\/types\/page"}],"author":[{"embeddable":true,"href":"https:\/\/srm.solidar.org\/de\/wp-json\/wp\/v2\/users\/2"}],"replies":[{"embeddable":true,"href":"https:\/\/srm.solidar.org\/de\/wp-json\/wp\/v2\/comments?post=423"}],"version-history":[{"count":0,"href":"https:\/\/srm.solidar.org\/de\/wp-json\/wp\/v2\/pages\/423\/revisions"}],"wp:attachment":[{"href":"https:\/\/srm.solidar.org\/de\/wp-json\/wp\/v2\/media?parent=423"}],"curies":[{"name":"wp","href":"https:\/\/api.w.org\/{rel}","templated":true}]}}