{"id":425,"date":"2023-02-13T16:58:50","date_gmt":"2023-02-13T16:58:50","guid":{"rendered":"https:\/\/srm.solidar.org\/?page_id=425"},"modified":"2024-08-08T13:57:30","modified_gmt":"2024-08-08T13:57:30","slug":"fair-working-conditions","status":"publish","type":"page","link":"https:\/\/srm.solidar.org\/de\/fair-working-conditions\/","title":{"rendered":"Faire Arbeitsbedingungen"},"content":{"rendered":"<h2 class=\"wp-block-heading\">Faire Besch\u00e4ftigungsbedingungen<\/h2>\n\n\n\n<div class=\"wp-block-columns is-layout-flex wp-container-core-columns-is-layout-9d6595d7 wp-block-columns-is-layout-flex\">\n<div class=\"wp-block-column is-layout-flow wp-block-column-is-layout-flow\">\n<p>In diesem Abschnitt bewerten wir die Umsetzung von Kapitel 2 der europ\u00e4ischen S\u00e4ule sozialer Rechte. Unsere Mitglieder und Partner berichten \u00fcber die Qualit\u00e4t der Arbeitspl\u00e4tze und Arbeitsbedingungen in ihren L\u00e4ndern, insbesondere \u00fcber Folgendes:<\/p>\n\n\n\n<ul class=\"wp-block-list\">\n<li>Angemessene Entlohnung<\/li>\n\n\n\n<li>Berufssicherheit<\/li>\n\n\n\n<li>Gesundheit und Sicherheit am Arbeitsplatz<\/li>\n\n\n\n<li>Sozial- und Solidarwirtschaft<\/li>\n\n\n\n<li>Work-Life-Balance \/Vereinbarkeit<\/li>\n\n\n\n<li>Sozialer Dialog<\/li>\n<\/ul>\n<\/div>\n\n\n\n<div class=\"wp-block-column is-layout-flow wp-block-column-is-layout-flow\">\n<p><\/p>\n<\/div>\n<\/div>","protected":false},"excerpt":{"rendered":"<p>Fair Working Conditions In this section, we assess the implementation of Chapter 2 of the European Pillar of Social Rights. Our members and partners report on the quality of jobs and working conditions in their countries, specifically the following:<\/p>","protected":false},"author":2,"featured_media":0,"parent":0,"menu_order":0,"comment_status":"closed","ping_status":"closed","template":"","meta":{"_acf_changed":false,"footnotes":""},"class_list":["post-425","page","type-page","status-publish","hentry"],"acf":[],"_links":{"self":[{"href":"https:\/\/srm.solidar.org\/de\/wp-json\/wp\/v2\/pages\/425","targetHints":{"allow":["GET"]}}],"collection":[{"href":"https:\/\/srm.solidar.org\/de\/wp-json\/wp\/v2\/pages"}],"about":[{"href":"https:\/\/srm.solidar.org\/de\/wp-json\/wp\/v2\/types\/page"}],"author":[{"embeddable":true,"href":"https:\/\/srm.solidar.org\/de\/wp-json\/wp\/v2\/users\/2"}],"replies":[{"embeddable":true,"href":"https:\/\/srm.solidar.org\/de\/wp-json\/wp\/v2\/comments?post=425"}],"version-history":[{"count":0,"href":"https:\/\/srm.solidar.org\/de\/wp-json\/wp\/v2\/pages\/425\/revisions"}],"wp:attachment":[{"href":"https:\/\/srm.solidar.org\/de\/wp-json\/wp\/v2\/media?parent=425"}],"curies":[{"name":"wp","href":"https:\/\/api.w.org\/{rel}","templated":true}]}}