{"id":427,"date":"2023-02-13T16:59:08","date_gmt":"2023-02-13T16:59:08","guid":{"rendered":"https:\/\/srm.solidar.org\/?page_id=427"},"modified":"2024-08-08T13:56:30","modified_gmt":"2024-08-08T13:56:30","slug":"social-protection-and-inclusion","status":"publish","type":"page","link":"https:\/\/srm.solidar.org\/de\/social-protection-and-inclusion\/","title":{"rendered":"Soziale Eingliederung und Sozialschutz"},"content":{"rendered":"<h2 class=\"wp-block-heading\">Soziale Eingliederung und Sozialschutz<\/h2>\n\n\n\n<div class=\"wp-block-columns is-layout-flex wp-container-core-columns-is-layout-9d6595d7 wp-block-columns-is-layout-flex\">\n<div class=\"wp-block-column is-layout-flow wp-block-column-is-layout-flow\">\n<p>In diesem thematischen Abschnitt bewertet der Social Rights Monitor die Umsetzung von Kapitel 3 der europ\u00e4ischen S\u00e4ule sozialer Rechte. Ziel ist die \u00dcberwachung und Bewertung der auf nationaler Ebene eingef\u00fchrten Sozialschutzma\u00dfnahmen und ihrer Auswirkungen auf die soziale Eingliederung. Das SRM \u00fcberwacht insbesondere:<\/p>\n\n\n\n<ul class=\"wp-block-list\">\n<li>Zugang zu Wohnraum<\/li>\n\n\n\n<li>Beseitigung der Armut<\/li>\n\n\n\n<li>Zugang zur Gesundheitsversorgung<\/li>\n\n\n\n<li>Zugang zur Kinderbetreuung<\/li>\n\n\n\n<li>Zugang zu wesentlichen Diensten<\/li>\n<\/ul>\n\n\n\n<p><\/p>\n<\/div>\n\n\n\n<div class=\"wp-block-column is-layout-flow wp-block-column-is-layout-flow\">\n<p>Bei der Bewertung von Ma\u00dfnahmen zur Armutsbek\u00e4mpfung werden auch die Auswirkungen von Mindestl\u00f6hnen und Mindesteinkommen ber\u00fccksichtigt. In die Definition des Zugangs zu wesentlichen Dienstleistungen beziehen wir soziale Dienste ein, die eine Schl\u00fcsselrolle bei der Gew\u00e4hrleistung sozialer Gerechtigkeit und Zusammenhalt spielen.<\/p>\n<\/div>\n<\/div>","protected":false},"excerpt":{"rendered":"<p>Social protection and inclusion In this thematic section, the Social Rights Monitor assesses the implementation of Chapter 3 of the European Pillar of Social Rights. The objective is to monitor and assess social protection measures put in place at national level and their impact on social inclusion. In particular, the SRM monitors: The assessment of &hellip;<\/p>","protected":false},"author":2,"featured_media":0,"parent":0,"menu_order":0,"comment_status":"closed","ping_status":"closed","template":"","meta":{"_acf_changed":false,"footnotes":""},"class_list":["post-427","page","type-page","status-publish","hentry"],"acf":[],"_links":{"self":[{"href":"https:\/\/srm.solidar.org\/de\/wp-json\/wp\/v2\/pages\/427","targetHints":{"allow":["GET"]}}],"collection":[{"href":"https:\/\/srm.solidar.org\/de\/wp-json\/wp\/v2\/pages"}],"about":[{"href":"https:\/\/srm.solidar.org\/de\/wp-json\/wp\/v2\/types\/page"}],"author":[{"embeddable":true,"href":"https:\/\/srm.solidar.org\/de\/wp-json\/wp\/v2\/users\/2"}],"replies":[{"embeddable":true,"href":"https:\/\/srm.solidar.org\/de\/wp-json\/wp\/v2\/comments?post=427"}],"version-history":[{"count":0,"href":"https:\/\/srm.solidar.org\/de\/wp-json\/wp\/v2\/pages\/427\/revisions"}],"wp:attachment":[{"href":"https:\/\/srm.solidar.org\/de\/wp-json\/wp\/v2\/media?parent=427"}],"curies":[{"name":"wp","href":"https:\/\/api.w.org\/{rel}","templated":true}]}}