{"id":429,"date":"2023-02-13T16:59:25","date_gmt":"2023-02-13T16:59:25","guid":{"rendered":"https:\/\/srm.solidar.org\/?page_id=429"},"modified":"2024-08-08T14:06:16","modified_gmt":"2024-08-08T14:06:16","slug":"civic-space","status":"publish","type":"page","link":"https:\/\/srm.solidar.org\/de\/civic-space\/","title":{"rendered":"Raum f\u00fcr b\u00fcrgerliches Engagement"},"content":{"rendered":"<h2 class=\"wp-block-heading\">Raum f\u00fcr b\u00fcrgerliches Engagement<\/h2>\n\n\n\n<div class=\"wp-block-columns is-layout-flex wp-container-core-columns-is-layout-9d6595d7 wp-block-columns-is-layout-flex\">\n<div class=\"wp-block-column is-layout-flow wp-block-column-is-layout-flow\">\n<p>Im Rahmen des Monitors der sozialen Rechte verstehen wir den zivilen Raum als einen Raum, der es der organisierten Zivilgesellschaft und den B\u00fcrgern erm\u00f6glicht, an der politischen Entscheidungsfindung teilzunehmen. Sie k\u00f6nnen dies dank der Gew\u00e4hrleistung und des Schutzes der folgenden Elemente tun:<\/p>\n\n\n\n<ul class=\"wp-block-list\">\n<li>Ein Raum der M\u00f6glichkeiten f\u00fcr die Organisationen der Zivilgesellschaft<\/li>\n\n\n\n<li>Einbindung von CSO in den zivilen Dialog<\/li>\n<\/ul>\n\n\n\n<p>In Bezug auf den zweiten Punkt bewerten wir auch, ob die Zivilgesellschaft sinnvoll in den Prozess des Europ\u00e4ischen Semesters eingebunden ist. Bei den EU-Beitrittskandidaten beobachten wir die Beteiligung der Organisationen der Zivilgesellschaft an den f\u00fcr den Beitrittsprozess erforderlichen Reformen.<\/p>\n\n\n\n<p><\/p>\n<\/div>\n\n\n\n<div class=\"wp-block-column is-layout-flow wp-block-column-is-layout-flow\">\n<p>Wir halten den b\u00fcrgerschaftlichen Raum f\u00fcr wesentlich f\u00fcr die Verwirklichung eines sozialeren Europas. Die Zivilgesellschaft ist von entscheidender Bedeutung f\u00fcr die Demokratie und f\u00fcr die St\u00e4rkung der Stimme der Menschen, die es am meisten brauchen<a> <\/a>vernachl\u00e4ssigt<a href=\"https:\/\/srm.solidar.org\/wp-admin\/post.php?post=429&amp;action=edit#_msocom_3\">. <\/a>Der Social Rights Monitor selbst basiert auf den Beitr\u00e4gen zivilgesellschaftlicher Organisationen und st\u00fctzt sich auf deren privilegierte Perspektiven auf die Bed\u00fcrfnisse marginalisierter Gruppen und den Stand der Inklusion auf nationaler Ebene. &nbsp;<\/p>\n<\/div>\n<\/div>","protected":false},"excerpt":{"rendered":"<p>Civic Space In the framework of the Social Rights Monitor, we interpret civic space as an enabling space in which organised civil society and citizens participate in policymaking. They can do this thanks to the guarantee and protection of the following elements: With reference to the second point, we also assess whether civil society is &hellip;<\/p>","protected":false},"author":2,"featured_media":0,"parent":0,"menu_order":0,"comment_status":"closed","ping_status":"closed","template":"","meta":{"_acf_changed":false,"footnotes":""},"class_list":["post-429","page","type-page","status-publish","hentry"],"acf":[],"_links":{"self":[{"href":"https:\/\/srm.solidar.org\/de\/wp-json\/wp\/v2\/pages\/429","targetHints":{"allow":["GET"]}}],"collection":[{"href":"https:\/\/srm.solidar.org\/de\/wp-json\/wp\/v2\/pages"}],"about":[{"href":"https:\/\/srm.solidar.org\/de\/wp-json\/wp\/v2\/types\/page"}],"author":[{"embeddable":true,"href":"https:\/\/srm.solidar.org\/de\/wp-json\/wp\/v2\/users\/2"}],"replies":[{"embeddable":true,"href":"https:\/\/srm.solidar.org\/de\/wp-json\/wp\/v2\/comments?post=429"}],"version-history":[{"count":0,"href":"https:\/\/srm.solidar.org\/de\/wp-json\/wp\/v2\/pages\/429\/revisions"}],"wp:attachment":[{"href":"https:\/\/srm.solidar.org\/de\/wp-json\/wp\/v2\/media?parent=429"}],"curies":[{"name":"wp","href":"https:\/\/api.w.org\/{rel}","templated":true}]}}