{"id":431,"date":"2023-02-13T16:59:43","date_gmt":"2023-02-13T16:59:43","guid":{"rendered":"https:\/\/srm.solidar.org\/?page_id=431"},"modified":"2024-08-08T13:55:49","modified_gmt":"2024-08-08T13:55:49","slug":"just-transition-page","status":"publish","type":"page","link":"https:\/\/srm.solidar.org\/de\/just-transition-page\/","title":{"rendered":"Gerechter \u00dcbergang"},"content":{"rendered":"<h2 class=\"wp-block-heading\">Gerechter \u00dcbergang<\/h2>\n\n\n\n<div class=\"wp-block-columns is-layout-flex wp-container-core-columns-is-layout-9d6595d7 wp-block-columns-is-layout-flex\">\n<div class=\"wp-block-column is-layout-flow wp-block-column-is-layout-flow\">\n<p>Menschen in gef\u00e4hrdeten Situationen \u2013 aufgrund von Faktoren wie sozio\u00f6konomischem Status, geografischer Lage, Alter und Geschlecht \u2013 sind den Auswirkungen des Klimawandels und der Umweltzerst\u00f6rung relativ st\u00e4rker ausgesetzt. Gleichzeitig geh\u00f6ren sozio\u00f6konomische Ungleichheiten zu den Hauptursachen der Klimakrise: Reichere Bev\u00f6lkerungsschichten verschmutzen beispielsweise die Umwelt weitaus st\u00e4rker als \u00e4rmere.<\/p>\n\n\n\n<p>Daher muss der \u00f6kologische \u00dcbergang \u00f6kologische, wirtschaftliche und soziale Fragen gleichzeitig angehen. Bei SOLIDAR definieren wir einen \"sozial gerechten gr\u00fcnen \u00dcbergang\" so, dass die Menschen und die soziale Gerechtigkeit in den Mittelpunkt der Klima- und Umweltpolitik gestellt werden. Mit dem Monitor f\u00fcr soziale Rechte wollen wir bewerten, inwieweit nationale Ma\u00dfnahmen zur Umsetzung des gr\u00fcnen Wandels auch soziale Gerechtigkeit, Gleichheit und Inklusivit\u00e4t f\u00f6rdern.<\/p>\n\n\n\n<p>.<\/p>\n<\/div>\n\n\n\n<div class=\"wp-block-column is-layout-flow wp-block-column-is-layout-flow\">\n<p>Der \u00f6kologische Wandel hat verschiedene soziale Dimensionen. F\u00fcr den Social Rights Monitor haben wir uns jedoch entschieden, uns auf die folgenden vier Bereiche zu konzentrieren, da ihre Verbindungen zu sozialen Rechten klar sind:<\/p>\n\n\n\n<ul class=\"wp-block-list\">\n<li>Qualit\u00e4t der Arbeitspl\u00e4tze im gr\u00fcnen Wandel<\/li>\n\n\n\n<li>Zugang zu Energie und Energiearmut<\/li>\n\n\n\n<li>Zugang zu nachhaltiger Mobilit\u00e4t und Verkehrsarmut<\/li>\n<\/ul>\n\n\n\n<p>Unter der Qualit\u00e4t der Arbeitspl\u00e4tze verstehen wir das, was die IAO als \"menschenw\u00fcrdige Arbeitspl\u00e4tze, die zur Erhaltung oder Wiederherstellung der Umwelt beitragen\" bezeichnet. <\/p>\n<\/div>\n<\/div>","protected":false},"excerpt":{"rendered":"<p>Just Transition People in vulnerable situations \u2013 due to factors such as socio-economic status, geography, age and gender \u2013 are relatively more exposed to the impacts of climate change and environmental degradation. At the same time, socio-economic inequalities are among the root causes of the climate crisis: richer segments of the population pollute far more &hellip;<\/p>","protected":false},"author":2,"featured_media":0,"parent":0,"menu_order":0,"comment_status":"closed","ping_status":"closed","template":"","meta":{"_acf_changed":false,"footnotes":""},"class_list":["post-431","page","type-page","status-publish","hentry"],"acf":[],"_links":{"self":[{"href":"https:\/\/srm.solidar.org\/de\/wp-json\/wp\/v2\/pages\/431","targetHints":{"allow":["GET"]}}],"collection":[{"href":"https:\/\/srm.solidar.org\/de\/wp-json\/wp\/v2\/pages"}],"about":[{"href":"https:\/\/srm.solidar.org\/de\/wp-json\/wp\/v2\/types\/page"}],"author":[{"embeddable":true,"href":"https:\/\/srm.solidar.org\/de\/wp-json\/wp\/v2\/users\/2"}],"replies":[{"embeddable":true,"href":"https:\/\/srm.solidar.org\/de\/wp-json\/wp\/v2\/comments?post=431"}],"version-history":[{"count":0,"href":"https:\/\/srm.solidar.org\/de\/wp-json\/wp\/v2\/pages\/431\/revisions"}],"wp:attachment":[{"href":"https:\/\/srm.solidar.org\/de\/wp-json\/wp\/v2\/media?parent=431"}],"curies":[{"name":"wp","href":"https:\/\/api.w.org\/{rel}","templated":true}]}}