{"id":1825,"date":"2025-08-29T05:45:58","date_gmt":"2025-08-29T05:45:58","guid":{"rendered":"https:\/\/srm.solidar.org\/?page_id=1825"},"modified":"2026-04-30T09:43:31","modified_gmt":"2026-04-30T09:43:31","slug":"other-monitors","status":"publish","type":"page","link":"https:\/\/srm.solidar.org\/es\/other-monitors\/","title":{"rendered":"Otros monitores"},"content":{"rendered":"<h2 class=\"wp-block-heading\"><strong>La matriz ENHANCE<\/strong><\/h2>\n\n\n\n<p>En <strong>Matriz cartesiana ENHANCE<\/strong> es una herramienta \u00fanica que pone de relieve <em>voz y participaci\u00f3n de los alumnos<\/em> en toda Europa. La Matriz es un mapa interactivo sobre el empoderamiento de las organizaciones de aprendizaje de adultos para amplificar las voces de los alumnos, co-crear soluciones e impulsar el cambio inclusivo. Explore m\u00e1s de 30 buenas pr\u00e1cticas de toda Europa.<\/p>\n\n\n\n<p>La matriz contiene <strong>ejemplos de buenas pr\u00e1cticas<\/strong> de Irlanda, Suiza, Pa\u00edses Bajos, B\u00e9lgica, Hungr\u00eda y Austria, y pr\u00e1cticas internacionales. La Matriz explora:<\/p>\n\n\n\n<ul class=\"wp-block-list\">\n<li>Qui\u00e9n puede participar en los procesos educativos y cu\u00e1les son las condiciones de participaci\u00f3n<\/li>\n\n\n\n<li>C\u00f3mo la participaci\u00f3n de los estudiantes adultos puede influir en las comunidades, las sociedades y las pol\u00edticas.<\/li>\n\n\n\n<li>C\u00f3mo la voz de los alumnos puede ser tan valiosa e influyente como la de otras partes interesadas en la educaci\u00f3n.<\/li>\n<\/ul>\n\n\n\n<div style=\"width: 100%;\"><div style=\"position: relative; padding-bottom: 56.25%; padding-top: 0; height: 0;\"><iframe loading=\"lazy\" title=\"Matriz ENHANCE\" frameborder=\"0\" width=\"1200px\" height=\"675px\" style=\"position: absolute; top: 0; left: 0; width: 100%; height: 100%;\" src=\"https:\/\/view.genially.com\/6687ae6995a2850014a4212d\" type=\"text\/html\" allowscriptaccess=\"always\" allowfullscreen=\"true\" scrolling=\"yes\" allownetworking=\"all\"><\/iframe> <\/div> <\/div>\n\n\n\n<p><strong>M\u00e1s informaci\u00f3n sobre ENHANCE<\/strong> <strong>proyecto <\/strong>y c\u00f3mo esta herramienta est\u00e1 configurando las pr\u00e1cticas de educaci\u00f3n inclusiva en toda Europa. <strong><a href=\"https:\/\/enhancelearnervoice.com\/enhance-matrix\/\" target=\"_blank\" rel=\"noreferrer noopener\">aqu\u00ed<\/a>.<\/strong><\/p>\n\n\n\n<p><\/p>\n\n\n\n<p><\/p>\n\n\n\n<h2 class=\"wp-block-heading\"><strong>Just4All National Background Papers Sobre Transici\u00f3n Justa, Aprendizaje Permanente y Educaci\u00f3n de Adultos<\/strong><\/h2>\n\n\n\n<p><strong>ABF<\/strong>,&nbsp;<strong>Liga de la Ense\u00f1anza<\/strong>,&nbsp;<strong>CARDET&nbsp;<\/strong>y&nbsp;<strong>AONTAS<\/strong>, entidades afiliadas al programa financiado por la UE<a href=\"https:\/\/www.solidar.org\/project\/just4all-adult-education-for-a-just-transition\/\"><strong>Proyecto Just4All&nbsp;<\/strong><\/a>han elaborado 4 documentos de referencia sobre los contextos de Irlanda, Francia, Chipre y Suecia.<\/p>\n\n\n\n<p>Los 4 documentos de referencia nacionales ilustran la situaci\u00f3n de las pol\u00edticas destinadas a desarrollar planes de aprendizaje de adultos adecuados para apoyar una transici\u00f3n justa. Los documentos incluyen recomendaciones pol\u00edticas para el \u00e1mbito nacional. A partir de las recomendaciones formuladas por los socios sobre los contextos nacionales, SOLIDAR ha elaborado un folleto con recomendaciones pol\u00edticas para el \u00e1mbito europeo. El folleto, de una sola p\u00e1gina, est\u00e1 disponible en ingl\u00e9s, con cuatro documentos de referencia en ingl\u00e9s, griego, franc\u00e9s y sueco.<\/p>\n\n\n\n<p><strong>Un localizador:<\/strong><\/p>\n\n\n\n<ul class=\"wp-block-list\">\n<li><a href=\"https:\/\/www.solidar.org\/publications-page\/just4all-national-background-papers-on-just-transition-lifelong-learning-and-adult-education\/\">TRANSICI\u00d3N JUSTA Y APRENDIZAJE PERMANENTE<\/a>: 5 recomendaciones para pol\u00edticas eficaces (ENG)<\/li>\n<\/ul>\n\n\n\n<p><strong>AONTAS, Irlanda<\/strong><\/p>\n\n\n\n<ul class=\"wp-block-list\">\n<li><a href=\"https:\/\/www.solidar.org\/wp-content\/uploads\/2024\/11\/backgr1.pdf\">DOCUMENTO NACIONAL DE FONDO: Transici\u00f3n justa, aprendizaje permanente y educaci\u00f3n de adultos en Irlanda<\/a> (ENG)<\/li>\n<\/ul>\n\n\n\n<p><strong>CARDET, Chipre<\/strong><\/p>\n\n\n\n<ul class=\"wp-block-list\">\n<li><a href=\"https:\/\/www.solidar.org\/wp-content\/uploads\/2024\/11\/backgr2.pdf\">DOCUMENTO NACIONAL DE FONDO: Transici\u00f3n justa, aprendizaje permanente y educaci\u00f3n de adultos en Chipre (ENG)<\/a><\/li>\n\n\n\n<li><a href=\"https:\/\/www.solidar.org\/wp-content\/uploads\/2024\/11\/just4all-greek-3.pdf\">DOCUMENTO NACIONAL DE FONDO: Transici\u00f3n justa, aprendizaje permanente y educaci\u00f3n de adultos en Chipre (GR)<\/a><\/li>\n<\/ul>\n\n\n\n<p><strong>Ligue de l'enseignement, Francia<\/strong><\/p>\n\n\n\n<ul class=\"wp-block-list\">\n<li><a href=\"https:\/\/www.solidar.org\/wp-content\/uploads\/2024\/11\/backgr3.pdf\">DOCUMENTO NACIONAL DE FONDO: Transici\u00f3n justa, aprendizaje permanente y educaci\u00f3n de adultos en Francia (ENG)<\/a><\/li>\n\n\n\n<li><a href=\"https:\/\/www.solidar.org\/wp-content\/uploads\/2024\/11\/just4all-french-2.pdf\">DOCUMENTO NACIONAL DE FONDO: Transici\u00f3n justa, aprendizaje permanente y educaci\u00f3n de adultos en Francia (FR)<\/a><\/li>\n<\/ul>\n\n\n\n<p><strong>ABF, Suecia<\/strong><\/p>\n\n\n\n<ul class=\"wp-block-list\">\n<li><a href=\"https:\/\/www.solidar.org\/wp-content\/uploads\/2024\/11\/backgr4.pdf\">DOCUMENTO NACIONAL DE FONDO: Transici\u00f3n justa, aprendizaje permanente y educaci\u00f3n de adultos en Suecia (ENG)<\/a><\/li>\n\n\n\n<li><a href=\"https:\/\/www.solidar.org\/wp-content\/uploads\/2024\/11\/just4all-sweden-final-2.pdf\">DOCUMENTO NACIONAL DE FONDO: Transici\u00f3n justa, aprendizaje permanente y educaci\u00f3n de adultos en Suecia (SWE)<\/a><\/li>\n<\/ul>","protected":false},"excerpt":{"rendered":"<p>The ENHANCE Matrix The ENHANCE Cartesian Matrix is a unique tool that highlights learners\u2019 voices and participation across Europe. The Matrix is an interactive map on empowering adult learning organisations to amplify learners\u2019 voices, co-create solutions, and drive inclusive change. Explore more than 30 good practices from around Europe! The Matrix contains good practice examples &hellip;<\/p>","protected":false},"author":24,"featured_media":0,"parent":0,"menu_order":0,"comment_status":"closed","ping_status":"closed","template":"","meta":{"_acf_changed":false,"footnotes":""},"class_list":["post-1825","page","type-page","status-publish","hentry"],"acf":[],"_links":{"self":[{"href":"https:\/\/srm.solidar.org\/es\/wp-json\/wp\/v2\/pages\/1825","targetHints":{"allow":["GET"]}}],"collection":[{"href":"https:\/\/srm.solidar.org\/es\/wp-json\/wp\/v2\/pages"}],"about":[{"href":"https:\/\/srm.solidar.org\/es\/wp-json\/wp\/v2\/types\/page"}],"author":[{"embeddable":true,"href":"https:\/\/srm.solidar.org\/es\/wp-json\/wp\/v2\/users\/24"}],"replies":[{"embeddable":true,"href":"https:\/\/srm.solidar.org\/es\/wp-json\/wp\/v2\/comments?post=1825"}],"version-history":[{"count":0,"href":"https:\/\/srm.solidar.org\/es\/wp-json\/wp\/v2\/pages\/1825\/revisions"}],"wp:attachment":[{"href":"https:\/\/srm.solidar.org\/es\/wp-json\/wp\/v2\/media?parent=1825"}],"curies":[{"name":"wp","href":"https:\/\/api.w.org\/{rel}","templated":true}]}}