{"id":417,"date":"2023-02-13T16:57:14","date_gmt":"2023-02-13T16:57:14","guid":{"rendered":"https:\/\/srm.solidar.org\/?page_id=417"},"modified":"2023-05-08T10:06:19","modified_gmt":"2023-05-08T10:06:19","slug":"solidar","status":"publish","type":"page","link":"https:\/\/srm.solidar.org\/es\/solidar\/","title":{"rendered":"Solidar"},"content":{"rendered":"<h2 class=\"wp-block-heading\">\u00bfQui\u00e9n es Solidar?<\/h2>\n\n\n\n<div class=\"wp-block-columns is-layout-flex wp-container-core-columns-is-layout-9d6595d7 wp-block-columns-is-layout-flex\">\n<div class=\"wp-block-column is-layout-flow wp-block-column-is-layout-flow\">\n<p><\/p>\n<\/div>\n<\/div>\n\n\n\n<div class=\"wp-block-columns is-layout-flex wp-container-core-columns-is-layout-9d6595d7 wp-block-columns-is-layout-flex\">\n<div class=\"wp-block-column is-layout-flow wp-block-column-is-layout-flow\">\n<p><strong>SOLIDAR es una red europea de Organizaciones de la Sociedad Civil (OSC) progresistas que trabajan para promover la justicia social a trav\u00e9s de una transici\u00f3n justa en Europa y en todo el mundo. representamos m\u00e1s&nbsp;<a href=\"http:\/\/www.solidar.org\/en\/about-us\/members-and-partners\">50 organizaciones miembros<\/a>&nbsp;con sede en 26 pa\u00edses (19 de los cuales son pa\u00edses de la UE), entre ellas OSC nacionales de Europa, as\u00ed como algunas organizaciones no pertenecientes a la UE y de toda la UE, que trabajan en uno o m\u00e1s de nuestros campos de actividad.<\/strong> <\/p>\n<\/div>\n\n\n\n<div class=\"wp-block-column is-layout-flow wp-block-column-is-layout-flow\">\n<p>La red est\u00e1 unida por sus valores compartidos de solidaridad, igualdad y participaci\u00f3n.<\/p>\n\n\n\n<p>SOLIDAR expresa las preocupaciones de sus organizaciones miembros ante la UE y las instituciones internacionales mediante la realizaci\u00f3n de acciones de promoci\u00f3n, gesti\u00f3n y coordinaci\u00f3n de proyectos, seguimiento de pol\u00edticas y sensibilizaci\u00f3n en sus diferentes \u00e1reas pol\u00edticas.<\/p>\n<\/div>\n<\/div>\n\n\n\n<iframe src=\"https:\/\/www.google.com\/maps\/d\/u\/0\/embed?mid=1xPDtler32u7ZDXKeFWJSNUh_ynUUM7zd&#038;ehbc=2E312F\" \n style=\"width:100%; height: 750px\"><\/iframe>","protected":false},"excerpt":{"rendered":"<p>Who is Solidar SOLIDAR&nbsp;is a European network of progressive Civil Society Organisations (CSOs) working to advance social justice through a just transition in Europe and worldwide.&nbsp;We represent over&nbsp;50 member organisations&nbsp;based in 26&nbsp;countries (19&nbsp;of which are EU countries), among which national CSOs in Europe, as well as some non-EU and EU-wide organisations, working in one or &hellip;<\/p>","protected":false},"author":2,"featured_media":0,"parent":0,"menu_order":0,"comment_status":"closed","ping_status":"closed","template":"","meta":{"_acf_changed":false,"footnotes":""},"class_list":["post-417","page","type-page","status-publish","hentry"],"acf":[],"_links":{"self":[{"href":"https:\/\/srm.solidar.org\/es\/wp-json\/wp\/v2\/pages\/417","targetHints":{"allow":["GET"]}}],"collection":[{"href":"https:\/\/srm.solidar.org\/es\/wp-json\/wp\/v2\/pages"}],"about":[{"href":"https:\/\/srm.solidar.org\/es\/wp-json\/wp\/v2\/types\/page"}],"author":[{"embeddable":true,"href":"https:\/\/srm.solidar.org\/es\/wp-json\/wp\/v2\/users\/2"}],"replies":[{"embeddable":true,"href":"https:\/\/srm.solidar.org\/es\/wp-json\/wp\/v2\/comments?post=417"}],"version-history":[{"count":0,"href":"https:\/\/srm.solidar.org\/es\/wp-json\/wp\/v2\/pages\/417\/revisions"}],"wp:attachment":[{"href":"https:\/\/srm.solidar.org\/es\/wp-json\/wp\/v2\/media?parent=417"}],"curies":[{"name":"wp","href":"https:\/\/api.w.org\/{rel}","templated":true}]}}