{"id":419,"date":"2023-02-13T16:57:35","date_gmt":"2023-02-13T16:57:35","guid":{"rendered":"https:\/\/srm.solidar.org\/?page_id=419"},"modified":"2025-10-14T13:03:26","modified_gmt":"2025-10-14T13:03:26","slug":"srm","status":"publish","type":"page","link":"https:\/\/srm.solidar.org\/es\/srm\/","title":{"rendered":"SRM"},"content":{"rendered":"<div class=\"wp-block-pb-accordion-item c-accordion__item js-accordion-item no-js is-open\" data-initially-open=\"true\" data-click-to-close=\"true\" data-auto-close=\"true\" data-scroll=\"false\" data-scroll-offset=\"0\"><h2 id=\"at-4190\" class=\"c-accordion__title js-accordion-controller\" role=\"button\">\u00bfQu\u00e9 es el SRM?<\/h2><div id=\"ac-4190\" class=\"c-accordion__content\">\n<div class=\"wp-block-columns is-layout-flex wp-container-core-columns-is-layout-9d6595d7 wp-block-columns-is-layout-flex\">\n<div class=\"wp-block-column is-layout-flow wp-block-column-is-layout-flow\">\n<p>El Social Rights Monitor eval\u00faa la implementaci\u00f3n del Pilar Europeo de Derechos Sociales (PEDS) a nivel nacional desde la perspectiva de la sociedad civil. El EPSR \u2013tambi\u00e9n conocido como Pilar Social\u2013 es un conjunto de 20 principios que gu\u00edan la acci\u00f3n de la Uni\u00f3n Europea en el \u00e1mbito de los asuntos y pol\u00edticas sociales. En otras palabras, pretende ser una br\u00fajula que oriente a la UE hacia una Europa m\u00e1s social. Sin embargo, para muchas personas la implementaci\u00f3n de estos principios a nivel nacional y de la UE a\u00fan no es una realidad.<\/p>\n\n\n\n<p>Gracias a la contribuci\u00f3n de nuestros miembros y sus redes sobre el terreno (los Grupos Estrat\u00e9gicos Nacionales), SOLIDAR monitorea hasta qu\u00e9 punto se respetan, defienden y promueven los derechos sociales para todas las personas que viven en la UE. El Social Rights Monitor tambi\u00e9n investiga la salud del espacio c\u00edvico y el di\u00e1logo social y civil en la UE, as\u00ed como el grado en que se est\u00e1 llevando a cabo una transici\u00f3n justa. Por tanto, las \u00e1reas tem\u00e1ticas que cubre el Monitor son las siguientes: Igualdad de oportunidades y acceso al mercado laboral; Condiciones de trabajo justas; Inclusi\u00f3n y protecci\u00f3n social; una transici\u00f3n justa; y Espacio c\u00edvico. Los tres primeros corresponden a los tres cap\u00edtulos del PEDS, mientras que los dos \u00faltimos se han a\u00f1adido para ofrecer una imagen m\u00e1s completa de la justicia social en Europa.<\/p>\n\n\n\n<p>Gracias a los datos de primera mano recopilados por organizaciones nacionales de la sociedad civil, el Social Rights Monitor constituye un canal directo de recomendaciones pol\u00edticas entre el nivel nacional y los responsables pol\u00edticos de la UE. De este modo amplifica las voces y las necesidades de los grupos m\u00e1s marginados. El Monitor dedica una secci\u00f3n a los \u201cmensajes de promoci\u00f3n\u201d que resultan de los an\u00e1lisis a nivel nacional en cada \u00e1rea tem\u00e1tica y est\u00e1n dirigidos a los responsables pol\u00edticos de la UE.<\/p>\n<\/div>\n\n\n\n<div class=\"wp-block-column is-layout-flow wp-block-column-is-layout-flow\">\n<p>A los pa\u00edses se les asigna una puntuaci\u00f3n para cada \u00e1rea tem\u00e1tica sobre un m\u00e1ximo de 100 puntos. De este modo se hace visible de inmediato el rendimiento de cada pa\u00eds en cada \u00e1rea y se puede comparar con otros pa\u00edses. Las puntuaciones num\u00e9ricas proceden de las evaluaciones de los Grupos Estrat\u00e9gicos Nacionales (GSN) sobre la evoluci\u00f3n nacional en relaci\u00f3n con los derechos sociales, el espacio c\u00edvico y la transici\u00f3n justa. Los avances negativos en un \u00e1rea dan lugar a puntuaciones m\u00e1s bajas. Los GSN valoran estos avances para cada pa\u00eds respondiendo a las preguntas de la escala Linkert. Esto significa que la puntuaci\u00f3n del \u00e1rea tem\u00e1tica de un pa\u00eds se obtiene sumando todas las puntuaciones dadas a las preguntas relativas a esa \u00e1rea tem\u00e1tica y expresando la puntuaci\u00f3n sobre 100. La puntuaci\u00f3n global de un pa\u00eds es la media de las puntuaciones de las \u00e1reas tem\u00e1ticas. En la secci\u00f3n \"Acerca de: \u00bfCu\u00e1l es el proceso?\". <\/p>\n\n\n\n<p>Since the SRM score reflects the NSG\u2019s assessment of changes\u2014either improvements or deteriorations\u2014in each of the five areas over the past 12 months, it does not represent the overall status of these dimensions in absolute terms. Instead, it highlights recent trends. For example, a country with a historically strong welfare state might receive a low score if recent reforms have significantly weakened social rights or pose a risk of doing so. This does not imply that the overall situation is poor, but rather that recent developments are cause for concern and may undermine social standards over time.<br>Therefore, the SRM should not be used to compare the overall situation of social rights across countries\u2014official statistics are more appropriate for that purpose. Instead, it serves as a tool to track short-term national trends and to understand the perspectives of civil society organizations (CSOs) on these developments.<\/p>\n<\/div>\n<\/div>\n<\/div><\/div>\n\n\n\n<div class=\"wp-block-pb-accordion-item c-accordion__item js-accordion-item no-js\" data-initially-open=\"false\" data-click-to-close=\"true\" data-auto-close=\"true\" data-scroll=\"false\" data-scroll-offset=\"0\"><h2 id=\"at-4191\" class=\"c-accordion__title js-accordion-controller\" role=\"button\">\u00bfCu\u00e1l es el proceso?<\/h2><div id=\"ac-4191\" class=\"c-accordion__content\">\n<div class=\"wp-block-columns is-layout-flex wp-container-core-columns-is-layout-9d6595d7 wp-block-columns-is-layout-flex\">\n<div class=\"wp-block-column is-layout-flow wp-block-column-is-layout-flow\">\n<p>El Monitor de Derechos Sociales es una herramienta que amplifica la voz de la sociedad civil progresista a nivel nacional. Su contenido se basa en los aportes proporcionados por los Grupos Estrat\u00e9gicos Nacionales (GNE) creados por los miembros y socios de SOLIDAR, que est\u00e1n activos en los pa\u00edses analizados. Est\u00e1n formados por ONG, asociaciones, movimientos, sindicatos, instituciones acad\u00e9micas y grupos de expertos, lo que garantiza que la perspectiva de la sociedad civil se refleje en el an\u00e1lisis del Social Rights Monitor. El Monitor refleja las experiencias de estas organizaciones, que est\u00e1n activas sobre el terreno, y las experiencias se complementan con datos cient\u00edficos recopilados a trav\u00e9s de investigaciones documentales.<\/p>\n\n\n\n<p><\/p>\n<\/div>\n\n\n\n<div class=\"wp-block-column is-layout-flow wp-block-column-is-layout-flow\">\n<p>Los datos elaborados en el Monitor de Derechos Sociales son recopilados por la secretar\u00eda de SOLIDAR a trav\u00e9s de un cuestionario distribuido a los L\u00edderes de los Grupos de Estrategia Nacional (nuestros miembros nacionales) y completado con informaci\u00f3n producida por cada grupo. Desde 2023, este cuestionario se realiza online.<\/p>\n\n\n\n<p>Sobre la base de la imagen que surge del Monitor, SOLIDAR y los GSN dise\u00f1an juntos recomendaciones de pol\u00edticas para los responsables pol\u00edticos de la UE. Su objetivo es hacer que los derechos sociales, un planeta saludable y un espacio c\u00edvico propicio, libre y protegido sean una realidad para todos en Europa. Las recomendaciones clave que surgen del an\u00e1lisis se utilizan como base para el trabajo de promoci\u00f3n de asuntos sociales de SOLIDAR.<\/p>\n\n\n\n<p>El MER se publica cada a\u00f1o, hacia finales de noviembre o principios de diciembre, y sus resultados abarcan el periodo comprendido entre junio del a\u00f1o anterior y mayo del a\u00f1o de la publicaci\u00f3n. Este calendario se debe a que los GSN presentan su cuestionario a finales de mayo del a\u00f1o de publicaci\u00f3n. <\/p>\n<\/div>\n<\/div>\n<\/div><\/div>\n\n\n\n<div class=\"wp-block-pb-accordion-item c-accordion__item js-accordion-item no-js\" data-initially-open=\"false\" data-click-to-close=\"true\" data-auto-close=\"true\" data-scroll=\"false\" data-scroll-offset=\"0\"><h2 id=\"at-4192\" class=\"c-accordion__title js-accordion-controller\" role=\"button\">\u00bfC\u00f3mo lo utilizamos?<\/h2><div id=\"ac-4192\" class=\"c-accordion__content\">\n<div class=\"wp-block-columns is-layout-flex wp-container-core-columns-is-layout-9d6595d7 wp-block-columns-is-layout-flex\">\n<div class=\"wp-block-column is-layout-flow wp-block-column-is-layout-flow\">\n<p>El papel principal de SOLIDAR como red de la sociedad civil a nivel europeo es el de servir de puente entre las instituciones de la UE y sus pol\u00edticas, por un lado, y nuestros miembros progresistas que trabajan a nivel nacional, por el otro. El Monitor de Derechos Sociales es una herramienta valiosa para recopilar informaci\u00f3n desde el terreno y llamar la atenci\u00f3n de los encargados de formular pol\u00edticas. Esto garantiza que se tengan debidamente en cuenta las voces de los grupos sociales m\u00e1s desatendidos. Por ejemplo, el MUR complementa el Semestre Europeo al proporcionar una evaluaci\u00f3n m\u00e1s completa de las pol\u00edticas de los Estados miembros. Lamentablemente, el Semestre todav\u00eda est\u00e1 demasiado centrado en los resultados econ\u00f3micos y financieros de los pa\u00edses y no proporciona orientaci\u00f3n suficiente sobre la convergencia social ascendente en la Uni\u00f3n Europea.<\/p>\n\n\n\n<p><\/p>\n<\/div>\n\n\n\n<div class=\"wp-block-column is-layout-flow wp-block-column-is-layout-flow\">\n<p>SOLIDAR difunde las conclusiones del Social Rights Monitor de diversas maneras, incluso a trav\u00e9s de la Conferencia sobre Europa Social, un evento anual en el que se presenta y que tambi\u00e9n explora un tema prioritario para la Europa social. En t\u00e9rminos m\u00e1s generales, el Monitor es una de las principales formas a trav\u00e9s de las cuales la red SOLIDAR presenta sus posiciones sobre asuntos sociales, por lo que sus hallazgos se incorporan a todo nuestro trabajo de promoci\u00f3n.<\/p>\n<\/div>\n<\/div>\n<\/div><\/div>","protected":false},"excerpt":{"rendered":"","protected":false},"author":2,"featured_media":0,"parent":0,"menu_order":0,"comment_status":"closed","ping_status":"closed","template":"","meta":{"_acf_changed":false,"footnotes":""},"class_list":["post-419","page","type-page","status-publish","hentry"],"acf":[],"_links":{"self":[{"href":"https:\/\/srm.solidar.org\/es\/wp-json\/wp\/v2\/pages\/419","targetHints":{"allow":["GET"]}}],"collection":[{"href":"https:\/\/srm.solidar.org\/es\/wp-json\/wp\/v2\/pages"}],"about":[{"href":"https:\/\/srm.solidar.org\/es\/wp-json\/wp\/v2\/types\/page"}],"author":[{"embeddable":true,"href":"https:\/\/srm.solidar.org\/es\/wp-json\/wp\/v2\/users\/2"}],"replies":[{"embeddable":true,"href":"https:\/\/srm.solidar.org\/es\/wp-json\/wp\/v2\/comments?post=419"}],"version-history":[{"count":0,"href":"https:\/\/srm.solidar.org\/es\/wp-json\/wp\/v2\/pages\/419\/revisions"}],"wp:attachment":[{"href":"https:\/\/srm.solidar.org\/es\/wp-json\/wp\/v2\/media?parent=419"}],"curies":[{"name":"wp","href":"https:\/\/api.w.org\/{rel}","templated":true}]}}