{"id":421,"date":"2023-02-13T16:58:01","date_gmt":"2023-02-13T16:58:01","guid":{"rendered":"https:\/\/srm.solidar.org\/?page_id=421"},"modified":"2024-09-11T14:10:40","modified_gmt":"2024-09-11T14:10:40","slug":"past-editions","status":"publish","type":"page","link":"https:\/\/srm.solidar.org\/es\/past-editions\/","title":{"rendered":"Ediciones anteriores"},"content":{"rendered":"<h2 class=\"wp-block-heading\">Monitor de Derechos Sociales<\/h2>\n\n\n\n<p>Esta secci\u00f3n recoge las ediciones anteriores del Social Rights Monitor, que se publican en formato de informes desde 2019. En 2022 no se public\u00f3 ninguna edici\u00f3n ya que SOLIDAR dedic\u00f3 el a\u00f1o a revisar la metodolog\u00eda de recogida y visualizaci\u00f3n de datos.<\/p>\n\n\n\n<p>El Monitor de Derechos Sociales 2023 ser\u00e1 la primera edici\u00f3n en formato de Mapa interactivo. Puede recuperar las ediciones anteriores a partir de 2023 seleccionando el a\u00f1o en la p\u00e1gina Descripci\u00f3n general del mapa. <\/p>\n\n\n\n<hr class=\"wp-block-separator has-text-color has-cyan-bluish-gray-color has-alpha-channel-opacity has-cyan-bluish-gray-background-color has-background is-style-wide\"\/>\n\n\n\n<div class=\"wp-block-group is-vertical is-layout-flex wp-container-core-group-is-layout-8cf370e7 wp-block-group-is-layout-flex\">\n<div class=\"wp-block-media-text alignwide is-stacked-on-mobile\" style=\"grid-template-columns:15% auto\"><figure class=\"wp-block-media-text__media\"><a href=\"https:\/\/www.solidar.org\/system\/downloads\/attachments\/000\/001\/408\/original\/Social_Rights_Monitor_2021.pdf?1638292164\"><img loading=\"lazy\" decoding=\"async\" width=\"215\" height=\"300\" src=\"https:\/\/srm.solidar.org\/wp-content\/uploads\/2023\/05\/Social-Rights-Monitor-2021-2-215x300.png\" alt=\"\" class=\"wp-image-736 size-medium\" srcset=\"https:\/\/srm.solidar.org\/wp-content\/uploads\/2023\/05\/Social-Rights-Monitor-2021-2-215x300.png 215w, https:\/\/srm.solidar.org\/wp-content\/uploads\/2023\/05\/Social-Rights-Monitor-2021-2-9x12.png 9w, https:\/\/srm.solidar.org\/wp-content\/uploads\/2023\/05\/Social-Rights-Monitor-2021-2-17x24.png 17w, https:\/\/srm.solidar.org\/wp-content\/uploads\/2023\/05\/Social-Rights-Monitor-2021-2-26x36.png 26w, https:\/\/srm.solidar.org\/wp-content\/uploads\/2023\/05\/Social-Rights-Monitor-2021-2-34x48.png 34w, https:\/\/srm.solidar.org\/wp-content\/uploads\/2023\/05\/Social-Rights-Monitor-2021-2.png 576w\" sizes=\"auto, (max-width: 215px) 100vw, 215px\" \/><\/a><\/figure><div class=\"wp-block-media-text__content\">\n<h3 class=\"wp-block-heading\">Monitor de Derechos Sociales 2021<\/h3>\n\n\n\n<p>La tercera edici\u00f3n del Monitor de Derechos Sociales fue editada por SOLIDAR &amp;&nbsp;<a href=\"https:\/\/www.feps-europe.eu\/about.html\">FEPS<\/a>&nbsp;y eval\u00faa el estado de los derechos sociales en diferentes pa\u00edses europeos. La edici\u00f3n 20221 cubre 16 pa\u00edses de Europa: 13 pa\u00edses de la UE \u2013&nbsp;<strong>Bulgaria, Croacia, Chequia, Dinamarca, Estonia, Francia, Alemania, Grecia, Hungr\u00eda, Italia, Luxemburgo, Espa\u00f1a y Pa\u00edses Bajos<\/strong>&nbsp;\u2013 2 pa\u00edses candidatos \u2013&nbsp;<strong>Macedonia del Norte y Serbia<\/strong>- y&nbsp;<strong>el Reino Unido<\/strong>.&nbsp;&nbsp;<\/p>\n\n\n\n<p>Los miembros y socios de SOLIDAR han creado 16 Grupos Estrat\u00e9gicos Nacionales (GNE), uno en cada uno de los pa\u00edses cubiertos por el Monitor, compuestos por expertos de OSC, sindicatos y el mundo acad\u00e9mico. El Monitor de Derechos Sociales se desarroll\u00f3 sobre la base de sus observaciones desde el terreno y se complement\u00f3 con datos estad\u00edsticos y hallazgos cient\u00edficos. Por lo tanto, el Monitor tambi\u00e9n refleja la experiencia de la sociedad civil que lucha por la justicia social en Europa y constituye una valiosa base de evidencia para la formulaci\u00f3n de pol\u00edticas.<\/p>\n\n\n\n<p>Tambi\u00e9n puedes ver el <a href=\"https:\/\/www.solidar.org\/publications-page\/social-rights-monitor-2021-the-state-of-social-rights-in-europe\/#:~:text=The%20Social%20Rights%20Monitor%20has,valuable%20evidence%20base%20for%20policymaking.\" data-type=\"URL\" data-id=\"https:\/\/www.solidar.org\/en\/publications\/social-rights-monitor-2021-country-monitors\"><\/a><a href=\"https:\/\/www.solidar.org\/publications-page\/social-rights-monitor-2021-the-state-of-social-rights-in-europe\/#:~:text=The%20Social%20Rights%20Monitor%20has,valuable%20evidence%20base%20for%20policymaking.\" data-type=\"link\" data-id=\"https:\/\/www.solidar.org\/publications-page\/social-rights-monitor-2021-the-state-of-social-rights-in-europe\/#:~:text=The%20Social%20Rights%20Monitor%20has,valuable%20evidence%20base%20for%20policymaking.\">Informes de pa\u00eds separados en ingl\u00e9s y traducciones en muchos de los idiomas de los pa\u00edses.<\/a>.<\/p>\n\n\n\n<div class=\"wp-block-buttons is-layout-flex wp-block-buttons-is-layout-flex\">\n<div class=\"wp-block-button has-custom-font-size has-small-font-size\"><a class=\"wp-block-button__link has-background wp-element-button\" href=\"https:\/\/www.solidar.org\/wp-content\/uploads\/2024\/02\/social_rights_monitor_2021.pdf\" style=\"background-color:#860000\">LEER LA PUBLICACI\u00d3N<\/a><\/div>\n<\/div>\n<\/div><\/div>\n\n\n\n<hr class=\"wp-block-separator has-text-color has-black-color has-alpha-channel-opacity has-black-background-color has-background is-style-wide\"\/>\n\n\n\n<hr class=\"wp-block-separator has-text-color has-cyan-bluish-gray-color has-alpha-channel-opacity has-cyan-bluish-gray-background-color has-background is-style-wide\"\/>\n\n\n\n<div class=\"wp-block-buttons is-layout-flex wp-block-buttons-is-layout-flex\"><\/div>\n\n\n\n<div class=\"wp-block-media-text alignwide is-stacked-on-mobile\" style=\"grid-template-columns:15% auto\"><figure class=\"wp-block-media-text__media\"><a href=\"https:\/\/www.solidar.org\/system\/downloads\/attachments\/000\/001\/210\/original\/SRM2020_ALL_R3_online_EC.pdf?1608289382\"><img loading=\"lazy\" decoding=\"async\" width=\"214\" height=\"300\" src=\"https:\/\/srm.solidar.org\/wp-content\/uploads\/2023\/05\/Social-Rights-Monitor-2020-1-214x300.png\" alt=\"\" class=\"wp-image-740 size-medium\" srcset=\"https:\/\/srm.solidar.org\/wp-content\/uploads\/2023\/05\/Social-Rights-Monitor-2020-1-214x300.png 214w, https:\/\/srm.solidar.org\/wp-content\/uploads\/2023\/05\/Social-Rights-Monitor-2020-1-9x12.png 9w, https:\/\/srm.solidar.org\/wp-content\/uploads\/2023\/05\/Social-Rights-Monitor-2020-1-17x24.png 17w, https:\/\/srm.solidar.org\/wp-content\/uploads\/2023\/05\/Social-Rights-Monitor-2020-1-26x36.png 26w, https:\/\/srm.solidar.org\/wp-content\/uploads\/2023\/05\/Social-Rights-Monitor-2020-1-34x48.png 34w, https:\/\/srm.solidar.org\/wp-content\/uploads\/2023\/05\/Social-Rights-Monitor-2020-1.png 595w\" sizes=\"auto, (max-width: 214px) 100vw, 214px\" \/><\/a><\/figure><div class=\"wp-block-media-text__content\">\n<h3 class=\"wp-block-heading\">Monitor de Derechos Sociales 2020<\/h3>\n\n\n\n<p>La segunda edici\u00f3n del Social Rights Monitor proporciona informaci\u00f3n sobre el estado de los derechos sociales en diferentes pa\u00edses europeos. Esta edici\u00f3n informa sobre 14 pa\u00edses de la Uni\u00f3n Europea \u2013<strong>&nbsp;B\u00e9lgica, Bulgaria, Croacia, Chequia, Dinamarca, Estonia, Francia, Alemania, Grecia, Hungr\u00eda, Italia, Eslovaquia, Espa\u00f1a y Pa\u00edses Bajos<\/strong>; dos pa\u00edses candidatos \u2013&nbsp;<strong>Serbia y Macedonia del Norte<\/strong>; y un miembro que abandon\u00f3 la UE en 2020, el&nbsp;<strong>Reino Unido<\/strong>.<\/p>\n\n\n\n<p>El Monitor 2020 eval\u00faa el estado de la Europa social en t\u00e9rminos de igualdad de oportunidades, condiciones laborales justas, protecci\u00f3n social, inclusi\u00f3n y espacio c\u00edvico. Lo hace sobre la base de las observaciones de los Grupos Estrat\u00e9gicos Nacionales (NSG) establecidos en cada uno de los 17 pa\u00edses por un miembro o socio de SOLIDAR. Estos grupos re\u00fanen la experiencia de organizaciones de la sociedad civil, acad\u00e9micos y expertos en el campo y lo respaldan con datos estad\u00edsticos y hallazgos cient\u00edficos.<\/p>\n\n\n\n<p>Tambi\u00e9n puedes ver el <a href=\"https:\/\/www.solidar.org\/publications-page\/social-rights-monitor-2020-and-country-reports\/\" data-type=\"link\" data-id=\"https:\/\/www.solidar.org\/publications-page\/social-rights-monitor-2020-and-country-reports\/\">Informes nacionales separados en ingl\u00e9s y traducciones a muchas de las lenguas de los pa\u00edses.<\/a><\/p>\n\n\n\n<div class=\"wp-block-buttons is-layout-flex wp-block-buttons-is-layout-flex\">\n<div class=\"wp-block-button has-custom-font-size has-small-font-size\"><a class=\"wp-block-button__link has-background wp-element-button\" href=\"https:\/\/www.solidar.org\/wp-content\/uploads\/2024\/02\/srm2020_all_r3_online_ec.pdf\" style=\"background-color:#860000\">LEER LA PUBLICACI\u00d3N<\/a><\/div>\n<\/div>\n\n\n\n<p><\/p>\n<\/div><\/div>\n\n\n\n<hr class=\"wp-block-separator has-text-color has-white-color has-alpha-channel-opacity has-white-background-color has-background is-style-wide\"\/>\n\n\n\n<hr class=\"wp-block-separator has-alpha-channel-opacity is-style-wide\"\/>\n\n\n\n<div class=\"wp-block-media-text alignwide is-stacked-on-mobile\" style=\"grid-template-columns:15% auto\"><figure class=\"wp-block-media-text__media\"><a href=\"https:\/\/www.solidar.org\/system\/downloads\/attachments\/000\/001\/001\/original\/SRM_2019_Full_NO_BLANKS.pdf?1573578205\"><img loading=\"lazy\" decoding=\"async\" width=\"592\" height=\"837\" src=\"https:\/\/srm.solidar.org\/wp-content\/uploads\/2023\/05\/Social-Rights-Monitor-2019.png\" alt=\"\" class=\"wp-image-748 size-medium\" srcset=\"https:\/\/srm.solidar.org\/wp-content\/uploads\/2023\/05\/Social-Rights-Monitor-2019.png 592w, https:\/\/srm.solidar.org\/wp-content\/uploads\/2023\/05\/Social-Rights-Monitor-2019-212x300.png 212w, https:\/\/srm.solidar.org\/wp-content\/uploads\/2023\/05\/Social-Rights-Monitor-2019-8x12.png 8w, https:\/\/srm.solidar.org\/wp-content\/uploads\/2023\/05\/Social-Rights-Monitor-2019-17x24.png 17w, https:\/\/srm.solidar.org\/wp-content\/uploads\/2023\/05\/Social-Rights-Monitor-2019-25x36.png 25w, https:\/\/srm.solidar.org\/wp-content\/uploads\/2023\/05\/Social-Rights-Monitor-2019-34x48.png 34w\" sizes=\"auto, (max-width: 592px) 100vw, 592px\" \/><\/a><\/figure><div class=\"wp-block-media-text__content\">\n<h3 class=\"wp-block-heading\">Monitor de Derechos Sociales 2019<\/h3>\n\n\n\n<p>La primera edici\u00f3n del Social Rights Monitor ofrece una visi\u00f3n del estado de los derechos sociales en 16 pa\u00edses europeos: 15 de la Uni\u00f3n Europea \u2013 <strong>Austria, Bulgaria, Croacia, Chequia, Estonia, Francia, Alemania, Grecia, Hungr\u00eda, Italia, Rumania, Eslovaquia, Espa\u00f1a, Pa\u00edses Bajos y Reino Unido<\/strong> \u2013 y un pa\u00eds candidato, <strong>Serbia<\/strong>. El Monitor eval\u00faa el estado de la Europa social en t\u00e9rminos de igualdad de oportunidades, condiciones laborales justas, protecci\u00f3n social, inclusi\u00f3n y espacio c\u00edvico bas\u00e1ndose en las observaciones de las organizaciones de la sociedad civil que trabajan sobre el terreno en combinaci\u00f3n con datos estad\u00edsticos y hallazgos cient\u00edficos. <\/p>\n\n\n\n<p>Tambi\u00e9n puedes ver el <a href=\"https:\/\/www.solidar.org\/publications-page\/social-rights-monitor-2019\/\">Informes de pa\u00edses separados y traducciones al franc\u00e9s, italiano, alem\u00e1n y espa\u00f1ol disponibles.<\/a><\/p>\n\n\n\n<div class=\"wp-block-buttons is-layout-flex wp-block-buttons-is-layout-flex\">\n<div class=\"wp-block-button has-custom-font-size has-small-font-size\"><a class=\"wp-block-button__link has-background wp-element-button\" href=\"https:\/\/www.solidar.org\/wp-content\/uploads\/2024\/02\/srm_2019_full_no_blanks.pdf\" style=\"background-color:#860000\">LEER LA PUBLICACI\u00d3N<\/a><\/div>\n<\/div>\n\n\n\n<p><\/p>\n<\/div><\/div>\n\n\n\n<p><\/p>\n<\/div>\n\n\n\n<hr class=\"wp-block-separator has-alpha-channel-opacity\"\/>\n\n\n\n<hr class=\"wp-block-separator has-text-color has-white-color has-alpha-channel-opacity has-white-background-color has-background is-style-wide\"\/>","protected":false},"excerpt":{"rendered":"<p>Social Rights Monitor This section collects the Past Editions of the Social Rights Monitor, which have been published in the format of reports since 2019. In 2022, no edition was published as SOLIDAR dedicated the year to revise the methodology for the data collection and visualisation. The 2023 Social Rights Monitor will be the first &hellip;<\/p>","protected":false},"author":2,"featured_media":0,"parent":0,"menu_order":0,"comment_status":"closed","ping_status":"closed","template":"","meta":{"_acf_changed":false,"footnotes":""},"class_list":["post-421","page","type-page","status-publish","hentry"],"acf":[],"_links":{"self":[{"href":"https:\/\/srm.solidar.org\/es\/wp-json\/wp\/v2\/pages\/421","targetHints":{"allow":["GET"]}}],"collection":[{"href":"https:\/\/srm.solidar.org\/es\/wp-json\/wp\/v2\/pages"}],"about":[{"href":"https:\/\/srm.solidar.org\/es\/wp-json\/wp\/v2\/types\/page"}],"author":[{"embeddable":true,"href":"https:\/\/srm.solidar.org\/es\/wp-json\/wp\/v2\/users\/2"}],"replies":[{"embeddable":true,"href":"https:\/\/srm.solidar.org\/es\/wp-json\/wp\/v2\/comments?post=421"}],"version-history":[{"count":0,"href":"https:\/\/srm.solidar.org\/es\/wp-json\/wp\/v2\/pages\/421\/revisions"}],"wp:attachment":[{"href":"https:\/\/srm.solidar.org\/es\/wp-json\/wp\/v2\/media?parent=421"}],"curies":[{"name":"wp","href":"https:\/\/api.w.org\/{rel}","templated":true}]}}