{"id":423,"date":"2023-02-13T16:58:29","date_gmt":"2023-02-13T16:58:29","guid":{"rendered":"https:\/\/srm.solidar.org\/?page_id=423"},"modified":"2024-08-08T13:59:10","modified_gmt":"2024-08-08T13:59:10","slug":"equal-opportunities-and-access-to-the-labour-market","status":"publish","type":"page","link":"https:\/\/srm.solidar.org\/es\/equal-opportunities-and-access-to-the-labour-market\/","title":{"rendered":"Igualdad de oportunidades y acceso al mercado laboral"},"content":{"rendered":"<h2 class=\"wp-block-heading\">Igualdad de oportunidades y acceso al mercado laboral<\/h2>\n\n\n\n<div class=\"wp-block-columns is-layout-flex wp-container-core-columns-is-layout-9d6595d7 wp-block-columns-is-layout-flex\">\n<div class=\"wp-block-column is-layout-flow wp-block-column-is-layout-flow\">\n<p>Este tema se desarrolla en el Cap\u00edtulo 1 del Pilar Europeo de Derechos Sociales. Analiza las pol\u00edticas y medidas implementadas por los pa\u00edses europeos para garantizar que los grupos marginados tengan igualdad de oportunidades para participar en la sociedad, incluido, entre otros, a trav\u00e9s del mercado laboral. A trav\u00e9s del cuestionario del Social Rights Monitor, evaluamos lo siguiente para cada pa\u00eds:<\/p>\n\n\n\n<ul class=\"wp-block-list\">\n<li>Inversi\u00f3n en el sistema de bienestar<\/li>\n\n\n\n<li>Igualdad de g\u00e9nero<\/li>\n\n\n\n<li>Educaci\u00f3n, formaci\u00f3n y aprendizaje permanente<\/li>\n\n\n\n<li>Inclusi\u00f3n de inmigrantes, refugiados y solicitantes de asilo y otros grupos en situaci\u00f3n vulnerable<\/li>\n\n\n\n<li>Empleo juvenil<\/li>\n<\/ul>\n\n\n\n<p><\/p>\n<\/div>\n\n\n\n<div class=\"wp-block-column is-layout-flow wp-block-column-is-layout-flow\">\n<p>Las perspectivas interseccionales \u2013como la de g\u00e9nero\u2013 destinadas a evaluar el impacto de las pol\u00edticas en los grupos marginados no se limitan a esta secci\u00f3n del Monitor sino que se incluyen en todo el MUR.<\/p>\n<\/div>\n<\/div>","protected":false},"excerpt":{"rendered":"<p>Equal opportunities and access to the labour market This theme is developed in Chapter 1 of the European Pillar of Social Rights. It analyses the policies and measures put in place by European countries to ensure that marginalised groups have equal opportunities to participate in society, including \u2013 but not limited to \u2013 through the &hellip;<\/p>","protected":false},"author":2,"featured_media":0,"parent":0,"menu_order":0,"comment_status":"closed","ping_status":"closed","template":"","meta":{"_acf_changed":false,"footnotes":""},"class_list":["post-423","page","type-page","status-publish","hentry"],"acf":[],"_links":{"self":[{"href":"https:\/\/srm.solidar.org\/es\/wp-json\/wp\/v2\/pages\/423","targetHints":{"allow":["GET"]}}],"collection":[{"href":"https:\/\/srm.solidar.org\/es\/wp-json\/wp\/v2\/pages"}],"about":[{"href":"https:\/\/srm.solidar.org\/es\/wp-json\/wp\/v2\/types\/page"}],"author":[{"embeddable":true,"href":"https:\/\/srm.solidar.org\/es\/wp-json\/wp\/v2\/users\/2"}],"replies":[{"embeddable":true,"href":"https:\/\/srm.solidar.org\/es\/wp-json\/wp\/v2\/comments?post=423"}],"version-history":[{"count":0,"href":"https:\/\/srm.solidar.org\/es\/wp-json\/wp\/v2\/pages\/423\/revisions"}],"wp:attachment":[{"href":"https:\/\/srm.solidar.org\/es\/wp-json\/wp\/v2\/media?parent=423"}],"curies":[{"name":"wp","href":"https:\/\/api.w.org\/{rel}","templated":true}]}}