{"id":427,"date":"2023-02-13T16:59:08","date_gmt":"2023-02-13T16:59:08","guid":{"rendered":"https:\/\/srm.solidar.org\/?page_id=427"},"modified":"2024-08-08T13:56:30","modified_gmt":"2024-08-08T13:56:30","slug":"social-protection-and-inclusion","status":"publish","type":"page","link":"https:\/\/srm.solidar.org\/es\/social-protection-and-inclusion\/","title":{"rendered":"Inclusi\u00f3n y protecci\u00f3n social"},"content":{"rendered":"<h2 class=\"wp-block-heading\">Inclusi\u00f3n y protecci\u00f3n social<\/h2>\n\n\n\n<div class=\"wp-block-columns is-layout-flex wp-container-core-columns-is-layout-9d6595d7 wp-block-columns-is-layout-flex\">\n<div class=\"wp-block-column is-layout-flow wp-block-column-is-layout-flow\">\n<p>En esta secci\u00f3n tem\u00e1tica, Social Rights Monitor eval\u00faa la implementaci\u00f3n del Cap\u00edtulo 3 del Pilar Europeo de Derechos Sociales. El objetivo es monitorear y evaluar las medidas de protecci\u00f3n social implementadas a nivel nacional y su impacto en la inclusi\u00f3n social. En particular, el MUR supervisa:<\/p>\n\n\n\n<ul class=\"wp-block-list\">\n<li>Acceso a la vivienda<\/li>\n\n\n\n<li>Erradicaci\u00f3n de la pobreza<\/li>\n\n\n\n<li>Acceso a la atenci\u00f3n sanitaria<\/li>\n\n\n\n<li>Acceso a guarder\u00edas<\/li>\n\n\n\n<li>Acceso a servicios esenciales<\/li>\n<\/ul>\n\n\n\n<p><\/p>\n<\/div>\n\n\n\n<div class=\"wp-block-column is-layout-flow wp-block-column-is-layout-flow\">\n<p>La evaluaci\u00f3n de las medidas para erradicar la pobreza incluye el impacto de los salarios m\u00ednimos y el ingreso m\u00ednimo. En la definici\u00f3n de acceso a servicios esenciales incluimos los servicios sociales, que desempe\u00f1an un papel clave para garantizar la justicia y la cohesi\u00f3n social.<\/p>\n<\/div>\n<\/div>","protected":false},"excerpt":{"rendered":"<p>Social protection and inclusion In this thematic section, the Social Rights Monitor assesses the implementation of Chapter 3 of the European Pillar of Social Rights. The objective is to monitor and assess social protection measures put in place at national level and their impact on social inclusion. In particular, the SRM monitors: The assessment of &hellip;<\/p>","protected":false},"author":2,"featured_media":0,"parent":0,"menu_order":0,"comment_status":"closed","ping_status":"closed","template":"","meta":{"_acf_changed":false,"footnotes":""},"class_list":["post-427","page","type-page","status-publish","hentry"],"acf":[],"_links":{"self":[{"href":"https:\/\/srm.solidar.org\/es\/wp-json\/wp\/v2\/pages\/427","targetHints":{"allow":["GET"]}}],"collection":[{"href":"https:\/\/srm.solidar.org\/es\/wp-json\/wp\/v2\/pages"}],"about":[{"href":"https:\/\/srm.solidar.org\/es\/wp-json\/wp\/v2\/types\/page"}],"author":[{"embeddable":true,"href":"https:\/\/srm.solidar.org\/es\/wp-json\/wp\/v2\/users\/2"}],"replies":[{"embeddable":true,"href":"https:\/\/srm.solidar.org\/es\/wp-json\/wp\/v2\/comments?post=427"}],"version-history":[{"count":0,"href":"https:\/\/srm.solidar.org\/es\/wp-json\/wp\/v2\/pages\/427\/revisions"}],"wp:attachment":[{"href":"https:\/\/srm.solidar.org\/es\/wp-json\/wp\/v2\/media?parent=427"}],"curies":[{"name":"wp","href":"https:\/\/api.w.org\/{rel}","templated":true}]}}