{"id":429,"date":"2023-02-13T16:59:25","date_gmt":"2023-02-13T16:59:25","guid":{"rendered":"https:\/\/srm.solidar.org\/?page_id=429"},"modified":"2024-08-08T14:06:16","modified_gmt":"2024-08-08T14:06:16","slug":"civic-space","status":"publish","type":"page","link":"https:\/\/srm.solidar.org\/es\/civic-space\/","title":{"rendered":"Espacio c\u00edvico"},"content":{"rendered":"<h2 class=\"wp-block-heading\">Espacio c\u00edvico<\/h2>\n\n\n\n<div class=\"wp-block-columns is-layout-flex wp-container-core-columns-is-layout-9d6595d7 wp-block-columns-is-layout-flex\">\n<div class=\"wp-block-column is-layout-flow wp-block-column-is-layout-flow\">\n<p>En el marco del Monitor de Derechos Sociales, interpretamos el espacio c\u00edvico como un espacio propicio en el que la sociedad civil organizada y los ciudadanos participan en la elaboraci\u00f3n de pol\u00edticas. Pueden hacerlo gracias a la garant\u00eda y protecci\u00f3n de los siguientes elementos:<\/p>\n\n\n\n<ul class=\"wp-block-list\">\n<li>Un espacio propicio para las organizaciones de la sociedad civil<\/li>\n\n\n\n<li>Participaci\u00f3n de las OSC en el di\u00e1logo civil<\/li>\n<\/ul>\n\n\n\n<p>En relaci\u00f3n con el segundo punto, tambi\u00e9n evaluamos si la sociedad civil participa de forma significativa en el proceso del Semestre Europeo. En el caso de los pa\u00edses candidatos a la UE, supervisamos la participaci\u00f3n de las organizaciones de la sociedad civil en las reformas necesarias para el proceso de adhesi\u00f3n.<\/p>\n\n\n\n<p><\/p>\n<\/div>\n\n\n\n<div class=\"wp-block-column is-layout-flow wp-block-column-is-layout-flow\">\n<p>Consideramos que el espacio c\u00edvico es esencial para la realizaci\u00f3n de una Europa m\u00e1s social. La sociedad civil es vital para la democracia y para amplificar la voz de las personas m\u00e1s<a> <\/a>descuidado<a href=\"https:\/\/srm.solidar.org\/wp-admin\/post.php?post=429&amp;action=edit#_msocom_3\">. <\/a>El propio Monitor de Derechos Sociales se basa en los aportes de organizaciones de la sociedad civil y se basa en sus perspectivas privilegiadas sobre las necesidades de los grupos marginados y el estado de la inclusi\u00f3n a nivel nacional. &nbsp;<\/p>\n<\/div>\n<\/div>","protected":false},"excerpt":{"rendered":"<p>Civic Space In the framework of the Social Rights Monitor, we interpret civic space as an enabling space in which organised civil society and citizens participate in policymaking. They can do this thanks to the guarantee and protection of the following elements: With reference to the second point, we also assess whether civil society is &hellip;<\/p>","protected":false},"author":2,"featured_media":0,"parent":0,"menu_order":0,"comment_status":"closed","ping_status":"closed","template":"","meta":{"_acf_changed":false,"footnotes":""},"class_list":["post-429","page","type-page","status-publish","hentry"],"acf":[],"_links":{"self":[{"href":"https:\/\/srm.solidar.org\/es\/wp-json\/wp\/v2\/pages\/429","targetHints":{"allow":["GET"]}}],"collection":[{"href":"https:\/\/srm.solidar.org\/es\/wp-json\/wp\/v2\/pages"}],"about":[{"href":"https:\/\/srm.solidar.org\/es\/wp-json\/wp\/v2\/types\/page"}],"author":[{"embeddable":true,"href":"https:\/\/srm.solidar.org\/es\/wp-json\/wp\/v2\/users\/2"}],"replies":[{"embeddable":true,"href":"https:\/\/srm.solidar.org\/es\/wp-json\/wp\/v2\/comments?post=429"}],"version-history":[{"count":0,"href":"https:\/\/srm.solidar.org\/es\/wp-json\/wp\/v2\/pages\/429\/revisions"}],"wp:attachment":[{"href":"https:\/\/srm.solidar.org\/es\/wp-json\/wp\/v2\/media?parent=429"}],"curies":[{"name":"wp","href":"https:\/\/api.w.org\/{rel}","templated":true}]}}