{"id":386,"date":"2023-02-10T09:56:08","date_gmt":"2023-02-10T09:56:08","guid":{"rendered":"https:\/\/srm.solidar.org\/?page_id=386"},"modified":"2023-07-17T16:19:05","modified_gmt":"2023-07-17T16:19:05","slug":"about-us","status":"publish","type":"page","link":"https:\/\/srm.solidar.org\/fr\/about-us\/","title":{"rendered":"\u00c0 propos de nous"},"content":{"rendered":"<div class=\"wp-block-columns is-layout-flex wp-container-core-columns-is-layout-9d6595d7 wp-block-columns-is-layout-flex\">\n<div class=\"wp-block-column is-layout-flow wp-block-column-is-layout-flow\" style=\"flex-basis:25%\">\n<h2 class=\"wp-block-heading\">Navigation<\/h2>\n\n\n<nav class=\"has-medium-font-size is-responsive items-justified-left custom-sidebar-menu wp-block-navigation is-content-justification-left is-layout-flex wp-container-core-navigation-is-layout-fdcfc74e wp-block-navigation-is-layout-flex\" aria-label=\"Encadr\u00e9\" \n\t\t data-wp-interactive=\"core\/navigation\" data-wp-context='{\"overlayOpenedBy\":{\"click\":false,\"hover\":false,\"focus\":false},\"type\":\"overlay\",\"roleAttribute\":\"\",\"ariaLabel\":\"Menu\"}'><button aria-haspopup=\"dialog\" aria-label=\"Ouvrir le menu\" class=\"wp-block-navigation__responsive-container-open\" \n\t\t\t\tdata-wp-on--click=\"actions.openMenuOnClick\"\n\t\t\t\tdata-wp-on--keydown=\"actions.handleMenuKeydown\"\n\t\t\t><svg width=\"24\" height=\"24\" xmlns=\"http:\/\/www.w3.org\/2000\/svg\" viewbox=\"0 0 24 24\"><path d=\"M5 5v1.5h14V5H5z\"><\/path><path d=\"M5 12.8h14v-1.5H5v1.5z\"><\/path><path d=\"M5 19h14v-1.5H5V19z\"><\/path><\/svg><\/button>\n\t\t\t\t<div class=\"wp-block-navigation__responsive-container\"  id=\"modal-1\" \n\t\t\t\tdata-wp-class--has-modal-open=\"state.isMenuOpen\"\n\t\t\t\tdata-wp-class--is-menu-open=\"state.isMenuOpen\"\n\t\t\t\tdata-wp-watch=\"callbacks.initMenu\"\n\t\t\t\tdata-wp-on--keydown=\"actions.handleMenuKeydown\"\n\t\t\t\tdata-wp-on--focusout=\"actions.handleMenuFocusout\"\n\t\t\t\ttabindex=\"-1\"\n\t\t\t>\n\t\t\t\t\t<div class=\"wp-block-navigation__responsive-close\" tabindex=\"-1\">\n\t\t\t\t\t\t<div class=\"wp-block-navigation__responsive-dialog\" \n\t\t\t\tdata-wp-bind--aria-modal=\"state.ariaModal\"\n\t\t\t\tdata-wp-bind--aria-label=\"state.ariaLabel\"\n\t\t\t\tdata-wp-bind--role=\"state.roleAttribute\"\n\t\t\t>\n\t\t\t\t\t\t\t<button aria-label=\"Fermer le menu\" class=\"wp-block-navigation__responsive-container-close\" \n\t\t\t\tdata-wp-on--click=\"actions.closeMenuOnClick\"\n\t\t\t><svg xmlns=\"http:\/\/www.w3.org\/2000\/svg\" viewbox=\"0 0 24 24\" width=\"24\" height=\"24\" aria-hidden=\"true\" focusable=\"false\"><path d=\"m13.06 12 6.47-6.47-1.06-1.06L12 10.94 5.53 4.47 4.47 5.53 10.94 12l-6.47 6.47 1.06 1.06L12 13.06l6.47 6.47 1.06-1.06L13.06 12Z\"><\/path><\/svg><\/button>\n\t\t\t\t\t\t\t<div class=\"wp-block-navigation__responsive-container-content\" \n\t\t\t\tdata-wp-watch=\"callbacks.focusFirstElement\"\n\t\t\t id=\"modal-1-content\">\n\t\t\t\t\t\t\t\t<ul class=\"wp-block-navigation__container has-medium-font-size is-responsive items-justified-left custom-sidebar-menu wp-block-navigation has-medium-font-size\"><li class=\"has-medium-font-size wp-block-navigation-item wp-block-navigation-link\"><a class=\"wp-block-navigation-item__content\"  href=\"https:\/\/srm.solidar.org\/fr\/about-us\/\"><span class=\"wp-block-navigation-item__label\">\u00c0 propos de nous<\/span><\/a><\/li><\/ul>\n\t\t\t\t\t\t\t<\/div>\n\t\t\t\t\t\t<\/div>\n\t\t\t\t\t<\/div>\n\t\t\t\t<\/div><\/nav><\/div>\n\n\n\n<div class=\"wp-block-column is-layout-flow wp-block-column-is-layout-flow\" style=\"flex-basis:75%\">\n<p>Le Social Rights Monitor est un outil qui amplifie la voix de la soci\u00e9t\u00e9 civile progressiste au niveau national. Son contenu est bas\u00e9 sur les contributions fournies par les groupes strat\u00e9giques nationaux (NSG) mis en place par les membres et partenaires de SOLIDAR, actifs dans les pays analys\u00e9s. Ils sont compos\u00e9s d&#039;ONG, d&#039;associations, de mouvements, de syndicats, d&#039;universit\u00e9s et de groupes de r\u00e9flexion, garantissant que le point de vue de la soci\u00e9t\u00e9 civile se refl\u00e8te dans l&#039;analyse du Social Rights Monitor. Le Monitor refl\u00e8te les exp\u00e9riences de ces organisations, actives sur le terrain, et ces exp\u00e9riences sont compl\u00e9t\u00e9es par des donn\u00e9es scientifiques recueillies gr\u00e2ce \u00e0 des recherches documentaires.<\/p>\n\n\n\n<p>Les donn\u00e9es \u00e9labor\u00e9es dans le Social Rights Monitor sont collect\u00e9es par le secr\u00e9tariat de SOLIDAR \u00e0 travers un questionnaire distribu\u00e9 aux dirigeants des groupes strat\u00e9giques nationaux (nos membres nationaux) et compl\u00e9t\u00e9 par les informations produites par chaque groupe. Depuis 2023, ce questionnaire est r\u00e9alis\u00e9 en ligne.<\/p>\n\n\n\n<p>Sur la base du tableau qui se d\u00e9gage du Monitor, SOLIDAR et les NSG \u00e9laborent ensemble des recommandations politiques \u00e0 l\u2019intention des d\u00e9cideurs politiques de l\u2019UE. Celles-ci visent \u00e0 faire des droits sociaux, d\u2019une plan\u00e8te saine et d\u2019un espace civique favorable, libre et prot\u00e9g\u00e9 une r\u00e9alit\u00e9 pour tous en Europe. Les principales recommandations issues de l&#039;analyse servent de base au travail de plaidoyer de SOLIDAR en mati\u00e8re d&#039;affaires sociales.<\/p>\n\n\n\n<hr class=\"wp-block-separator has-alpha-channel-opacity\"\/>\n\n\n\n<p><\/p>\n<\/div>\n<\/div>\n\n\n\n<style>\n#main{width: 90%;\n    margin: 0 auto;\n    box-shadow: none;\n    border: 0px;}\n.cities_list,\n.advc_btn_class{display: none}\n.site-branding{position: relative}\n#main-column .post, #main-column .page{border: 0px}\n<\/style>","protected":false},"excerpt":{"rendered":"<p>Navigation The Social Rights Monitor is a tool that amplifies the voice of progressive civil society at national level. Its content is based on the inputs provided by the National Strategy Groups (NSGs) set up by SOLIDAR\u2019s members and partners, which are active in the countries analysed. They consist of NGOs, associations, movements, trade unions, &hellip;<\/p>","protected":false},"author":2,"featured_media":0,"parent":0,"menu_order":0,"comment_status":"closed","ping_status":"closed","template":"","meta":{"_acf_changed":false,"footnotes":""},"class_list":["post-386","page","type-page","status-publish","hentry"],"acf":[],"_links":{"self":[{"href":"https:\/\/srm.solidar.org\/fr\/wp-json\/wp\/v2\/pages\/386","targetHints":{"allow":["GET"]}}],"collection":[{"href":"https:\/\/srm.solidar.org\/fr\/wp-json\/wp\/v2\/pages"}],"about":[{"href":"https:\/\/srm.solidar.org\/fr\/wp-json\/wp\/v2\/types\/page"}],"author":[{"embeddable":true,"href":"https:\/\/srm.solidar.org\/fr\/wp-json\/wp\/v2\/users\/2"}],"replies":[{"embeddable":true,"href":"https:\/\/srm.solidar.org\/fr\/wp-json\/wp\/v2\/comments?post=386"}],"version-history":[{"count":0,"href":"https:\/\/srm.solidar.org\/fr\/wp-json\/wp\/v2\/pages\/386\/revisions"}],"wp:attachment":[{"href":"https:\/\/srm.solidar.org\/fr\/wp-json\/wp\/v2\/media?parent=386"}],"curies":[{"name":"wp","href":"https:\/\/api.w.org\/{rel}","templated":true}]}}