{"id":417,"date":"2023-02-13T16:57:14","date_gmt":"2023-02-13T16:57:14","guid":{"rendered":"https:\/\/srm.solidar.org\/?page_id=417"},"modified":"2023-05-08T10:06:19","modified_gmt":"2023-05-08T10:06:19","slug":"solidar","status":"publish","type":"page","link":"https:\/\/srm.solidar.org\/fr\/solidar\/","title":{"rendered":"Solidar"},"content":{"rendered":"<h2 class=\"wp-block-heading\">Qui est Solidar ?<\/h2>\n\n\n\n<div class=\"wp-block-columns is-layout-flex wp-container-core-columns-is-layout-9d6595d7 wp-block-columns-is-layout-flex\">\n<div class=\"wp-block-column is-layout-flow wp-block-column-is-layout-flow\">\n<p><\/p>\n<\/div>\n<\/div>\n\n\n\n<div class=\"wp-block-columns is-layout-flex wp-container-core-columns-is-layout-9d6595d7 wp-block-columns-is-layout-flex\">\n<div class=\"wp-block-column is-layout-flow wp-block-column-is-layout-flow\">\n<p><strong>SOLIDAR est un r\u00e9seau europ\u00e9en d&#039;organisations progressistes de la soci\u00e9t\u00e9 civile (OSC) \u0153uvrant pour faire progresser la justice sociale \u00e0 travers une transition juste en Europe et dans le monde. Nous repr\u00e9sentons plus&nbsp;<a href=\"http:\/\/www.solidar.org\/en\/about-us\/members-and-partners\">50 organisations membres<\/a>&nbsp;bas\u00e9e dans 26 pays (dont 19 pays de l&#039;UE), parmi lesquels des OSC nationales en Europe, ainsi que certaines organisations non europ\u00e9ennes et \u00e0 l&#039;\u00e9chelle de l&#039;UE, travaillant dans un ou plusieurs de nos domaines d&#039;activit\u00e9.<\/strong> <\/p>\n<\/div>\n\n\n\n<div class=\"wp-block-column is-layout-flow wp-block-column-is-layout-flow\">\n<p>Le r\u00e9seau est f\u00e9d\u00e9r\u00e9 par ses valeurs communes de solidarit\u00e9, d\u2019\u00e9galit\u00e9 et de participation.<\/p>\n\n\n\n<p>SOLIDAR exprime les pr\u00e9occupations de ses organisations membres aupr\u00e8s de l&#039;UE et des institutions internationales en menant des actions de plaidoyer, de gestion et de coordination de projets, de suivi des politiques et de sensibilisation dans ses diff\u00e9rents domaines politiques.<\/p>\n<\/div>\n<\/div>\n\n\n\n<iframe src=\"https:\/\/www.google.com\/maps\/d\/u\/0\/embed?mid=1xPDtler32u7ZDXKeFWJSNUh_ynUUM7zd&#038;ehbc=2E312F\" \n style=\"width:100%; height: 750px\"><\/iframe>","protected":false},"excerpt":{"rendered":"<p>Who is Solidar SOLIDAR&nbsp;is a European network of progressive Civil Society Organisations (CSOs) working to advance social justice through a just transition in Europe and worldwide.&nbsp;We represent over&nbsp;50 member organisations&nbsp;based in 26&nbsp;countries (19&nbsp;of which are EU countries), among which national CSOs in Europe, as well as some non-EU and EU-wide organisations, working in one or &hellip;<\/p>","protected":false},"author":2,"featured_media":0,"parent":0,"menu_order":0,"comment_status":"closed","ping_status":"closed","template":"","meta":{"_acf_changed":false,"footnotes":""},"class_list":["post-417","page","type-page","status-publish","hentry"],"acf":[],"_links":{"self":[{"href":"https:\/\/srm.solidar.org\/fr\/wp-json\/wp\/v2\/pages\/417","targetHints":{"allow":["GET"]}}],"collection":[{"href":"https:\/\/srm.solidar.org\/fr\/wp-json\/wp\/v2\/pages"}],"about":[{"href":"https:\/\/srm.solidar.org\/fr\/wp-json\/wp\/v2\/types\/page"}],"author":[{"embeddable":true,"href":"https:\/\/srm.solidar.org\/fr\/wp-json\/wp\/v2\/users\/2"}],"replies":[{"embeddable":true,"href":"https:\/\/srm.solidar.org\/fr\/wp-json\/wp\/v2\/comments?post=417"}],"version-history":[{"count":0,"href":"https:\/\/srm.solidar.org\/fr\/wp-json\/wp\/v2\/pages\/417\/revisions"}],"wp:attachment":[{"href":"https:\/\/srm.solidar.org\/fr\/wp-json\/wp\/v2\/media?parent=417"}],"curies":[{"name":"wp","href":"https:\/\/api.w.org\/{rel}","templated":true}]}}