{"id":419,"date":"2023-02-13T16:57:35","date_gmt":"2023-02-13T16:57:35","guid":{"rendered":"https:\/\/srm.solidar.org\/?page_id=419"},"modified":"2025-10-14T13:03:26","modified_gmt":"2025-10-14T13:03:26","slug":"srm","status":"publish","type":"page","link":"https:\/\/srm.solidar.org\/fr\/srm\/","title":{"rendered":"MRS"},"content":{"rendered":"<div class=\"wp-block-pb-accordion-item c-accordion__item js-accordion-item no-js is-open\" data-initially-open=\"true\" data-click-to-close=\"true\" data-auto-close=\"true\" data-scroll=\"false\" data-scroll-offset=\"0\"><h2 id=\"at-4190\" class=\"c-accordion__title js-accordion-controller\" role=\"button\">Le SRM en bref<\/h2><div id=\"ac-4190\" class=\"c-accordion__content\">\n<div class=\"wp-block-columns is-layout-flex wp-container-core-columns-is-layout-9d6595d7 wp-block-columns-is-layout-flex\">\n<div class=\"wp-block-column is-layout-flow wp-block-column-is-layout-flow\">\n<p>Le Social Rights Monitor \u00e9value la mise en \u0153uvre du socle europ\u00e9en des droits sociaux (SEDS) au niveau national du point de vue de la soci\u00e9t\u00e9 civile. Le SEDS \u2013 \u00e9galement connu sous le nom de pilier social \u2013 est un ensemble de 20 principes qui guident l\u2019action de l\u2019Union europ\u00e9enne dans le domaine des affaires et des politiques sociales. En d\u2019autres termes, il se veut une boussole guidant l\u2019UE vers une Europe plus sociale. Toutefois, pour un trop grand nombre de personnes, la mise en \u0153uvre de ces principes au niveau national et europ\u00e9en n\u2019est pas encore une r\u00e9alit\u00e9.<\/p>\n\n\n\n<p>Gr\u00e2ce \u00e0 la contribution de nos membres et de leurs r\u00e9seaux sur le terrain (les groupes strat\u00e9giques nationaux), SOLIDAR contr\u00f4le dans quelle mesure les droits sociaux sont respect\u00e9s, d\u00e9fendus et promus pour toutes les personnes vivant dans l&#039;UE. Le Social Rights Monitor enqu\u00eate \u00e9galement sur la sant\u00e9 de l\u2019espace civique et du dialogue social et civil dans l\u2019UE, ainsi que sur la mesure dans laquelle une transition juste est poursuivie. Ainsi, les domaines th\u00e9matiques couverts par le Moniteur sont les suivants : \u00c9galit\u00e9 des chances et acc\u00e8s au march\u00e9 du travail ; Conditions de travail \u00e9quitables\u00a0; Inclusion et protection sociales\u00a0; une transition juste\u00a0; et l&#039;espace civique. Les trois premiers correspondent aux trois chapitres du SEDS, tandis que les deux derniers ont \u00e9t\u00e9 ajout\u00e9s pour donner une image plus compl\u00e8te de la justice sociale en Europe.<\/p>\n\n\n\n<p>Gr\u00e2ce aux donn\u00e9es de premi\u00e8re main recueillies par les organisations nationales de la soci\u00e9t\u00e9 civile, le Social Rights Monitor constitue un canal direct de recommandations politiques entre le niveau national et les d\u00e9cideurs politiques de l\u2019UE. Il amplifie ainsi les voix et les besoins des groupes les plus marginalis\u00e9s. Le Monitor consacre une section aux \u00ab messages de plaidoyer \u00bb qui r\u00e9sultent des analyses au niveau national dans chaque domaine th\u00e9matique et s&#039;adressent aux d\u00e9cideurs politiques de l&#039;UE.<\/p>\n<\/div>\n\n\n\n<div class=\"wp-block-column is-layout-flow wp-block-column-is-layout-flow\">\n<p>Les pays se voient attribuer une note pour chaque domaine th\u00e9matique sur un maximum de 100 points. Cela permet de voir imm\u00e9diatement les performances de chaque pays dans chaque domaine et de les comparer \u00e0 celles d'autres pays. Les notes num\u00e9riques proviennent de l'\u00e9valuation par les groupes strat\u00e9giques nationaux (GSN) des d\u00e9veloppements nationaux li\u00e9s aux droits sociaux, \u00e0 l'espace civique et \u00e0 la transition juste. Les \u00e9volutions n\u00e9gatives dans un domaine se traduisent par des notes plus basses. Les groupes strat\u00e9giques nationaux \u00e9valuent ces d\u00e9veloppements pour chaque pays en r\u00e9pondant aux questions de l'\u00e9chelle Linkert. Cela signifie que le score du domaine th\u00e9matique d'un pays est donn\u00e9 en additionnant toutes les notes donn\u00e9es aux questions concernant ce domaine th\u00e9matique et en exprimant le score sur 100. Le score global d'un pays est la moyenne des scores des domaines th\u00e9matiques. De plus amples d\u00e9tails sur le questionnaire et la collecte de donn\u00e9es sont fournis dans la section \"A propos : Quel est le processus ?\" <\/p>\n\n\n\n<p>Since the SRM score reflects the NSG\u2019s assessment of changes\u2014either improvements or deteriorations\u2014in each of the five areas over the past 12 months, it does not represent the overall status of these dimensions in absolute terms. Instead, it highlights recent trends. For example, a country with a historically strong welfare state might receive a low score if recent reforms have significantly weakened social rights or pose a risk of doing so. This does not imply that the overall situation is poor, but rather that recent developments are cause for concern and may undermine social standards over time.<br>Therefore, the SRM should not be used to compare the overall situation of social rights across countries\u2014official statistics are more appropriate for that purpose. Instead, it serves as a tool to track short-term national trends and to understand the perspectives of civil society organizations (CSOs) on these developments.<\/p>\n<\/div>\n<\/div>\n<\/div><\/div>\n\n\n\n<div class=\"wp-block-pb-accordion-item c-accordion__item js-accordion-item no-js\" data-initially-open=\"false\" data-click-to-close=\"true\" data-auto-close=\"true\" data-scroll=\"false\" data-scroll-offset=\"0\"><h2 id=\"at-4191\" class=\"c-accordion__title js-accordion-controller\" role=\"button\">Quel est le processus ?<\/h2><div id=\"ac-4191\" class=\"c-accordion__content\">\n<div class=\"wp-block-columns is-layout-flex wp-container-core-columns-is-layout-9d6595d7 wp-block-columns-is-layout-flex\">\n<div class=\"wp-block-column is-layout-flow wp-block-column-is-layout-flow\">\n<p>Le Social Rights Monitor est un outil qui amplifie la voix de la soci\u00e9t\u00e9 civile progressiste au niveau national. Son contenu est bas\u00e9 sur les contributions fournies par les groupes strat\u00e9giques nationaux (NSG) mis en place par les membres et partenaires de SOLIDAR, actifs dans les pays analys\u00e9s. Ils sont compos\u00e9s d&#039;ONG, d&#039;associations, de mouvements, de syndicats, d&#039;universit\u00e9s et de groupes de r\u00e9flexion, garantissant que le point de vue de la soci\u00e9t\u00e9 civile se refl\u00e8te dans l&#039;analyse du Social Rights Monitor. Le Monitor refl\u00e8te les exp\u00e9riences de ces organisations, actives sur le terrain, et ces exp\u00e9riences sont compl\u00e9t\u00e9es par des donn\u00e9es scientifiques recueillies gr\u00e2ce \u00e0 des recherches documentaires.<\/p>\n\n\n\n<p><\/p>\n<\/div>\n\n\n\n<div class=\"wp-block-column is-layout-flow wp-block-column-is-layout-flow\">\n<p>Les donn\u00e9es \u00e9labor\u00e9es dans le Social Rights Monitor sont collect\u00e9es par le secr\u00e9tariat de SOLIDAR \u00e0 travers un questionnaire distribu\u00e9 aux dirigeants des groupes strat\u00e9giques nationaux (nos membres nationaux) et compl\u00e9t\u00e9 par les informations produites par chaque groupe. Depuis 2023, ce questionnaire est r\u00e9alis\u00e9 en ligne.<\/p>\n\n\n\n<p>Sur la base du tableau qui se d\u00e9gage du Monitor, SOLIDAR et les NSG \u00e9laborent ensemble des recommandations politiques \u00e0 l\u2019intention des d\u00e9cideurs politiques de l\u2019UE. Celles-ci visent \u00e0 faire des droits sociaux, d\u2019une plan\u00e8te saine et d\u2019un espace civique favorable, libre et prot\u00e9g\u00e9 une r\u00e9alit\u00e9 pour tous en Europe. Les principales recommandations issues de l&#039;analyse servent de base au travail de plaidoyer de SOLIDAR en mati\u00e8re d&#039;affaires sociales.<\/p>\n\n\n\n<p>Le MRS est publi\u00e9 chaque ann\u00e9e, vers la fin novembre\/d\u00e9but d\u00e9cembre, et ses conclusions couvrent la p\u00e9riode allant de juin de l'ann\u00e9e pr\u00e9c\u00e9dente \u00e0 mai de l'ann\u00e9e de la publication. Ce calendrier est d\u00fb au fait que les groupes de travail nationaux soumettent leur questionnaire avant la fin du mois de mai de l'ann\u00e9e de publication. <\/p>\n<\/div>\n<\/div>\n<\/div><\/div>\n\n\n\n<div class=\"wp-block-pb-accordion-item c-accordion__item js-accordion-item no-js\" data-initially-open=\"false\" data-click-to-close=\"true\" data-auto-close=\"true\" data-scroll=\"false\" data-scroll-offset=\"0\"><h2 id=\"at-4192\" class=\"c-accordion__title js-accordion-controller\" role=\"button\">Comment agissons-nous ?<\/h2><div id=\"ac-4192\" class=\"c-accordion__content\">\n<div class=\"wp-block-columns is-layout-flex wp-container-core-columns-is-layout-9d6595d7 wp-block-columns-is-layout-flex\">\n<div class=\"wp-block-column is-layout-flow wp-block-column-is-layout-flow\">\n<p>Le r\u00f4le principal de SOLIDAR en tant que r\u00e9seau de la soci\u00e9t\u00e9 civile au niveau europ\u00e9en est de servir de pont entre les institutions europ\u00e9ennes et leurs politiques, d&#039;une part, et nos membres progressistes travaillant au niveau national, d&#039;autre part. Le Social Rights Monitor est un outil pr\u00e9cieux pour recueillir des informations sur le terrain et les porter \u00e0 l&#039;attention des d\u00e9cideurs politiques. Cela garantit que les voix des groupes sociaux les plus n\u00e9glig\u00e9s sont d\u00fbment prises en compte. Par exemple, le MRU compl\u00e8te le Semestre europ\u00e9en en fournissant une \u00e9valuation plus compl\u00e8te des politiques des \u00c9tats membres. Malheureusement, le Semestre est encore trop ax\u00e9 sur les performances \u00e9conomiques et financi\u00e8res des pays et ne fournit pas d&#039;orientations suffisantes en faveur d&#039;une convergence sociale ascendante au sein de l&#039;Union europ\u00e9enne.<\/p>\n\n\n\n<p><\/p>\n<\/div>\n\n\n\n<div class=\"wp-block-column is-layout-flow wp-block-column-is-layout-flow\">\n<p>SOLIDAR diffuse les conclusions du Social Rights Monitor de diverses mani\u00e8res, notamment par le biais de la Conf\u00e9rence sur l&#039;Europe sociale, un \u00e9v\u00e9nement annuel au cours duquel il est pr\u00e9sent\u00e9 et qui explore \u00e9galement un sujet prioritaire pour l&#039;Europe sociale. Plus g\u00e9n\u00e9ralement, l&#039;Observatoire est l&#039;un des principaux moyens par lesquels le r\u00e9seau SOLIDAR pr\u00e9sente ses positions sur les affaires sociales, de sorte que ses conclusions sont int\u00e9gr\u00e9es dans tout notre travail de plaidoyer.<\/p>\n<\/div>\n<\/div>\n<\/div><\/div>","protected":false},"excerpt":{"rendered":"","protected":false},"author":2,"featured_media":0,"parent":0,"menu_order":0,"comment_status":"closed","ping_status":"closed","template":"","meta":{"_acf_changed":false,"footnotes":""},"class_list":["post-419","page","type-page","status-publish","hentry"],"acf":[],"_links":{"self":[{"href":"https:\/\/srm.solidar.org\/fr\/wp-json\/wp\/v2\/pages\/419","targetHints":{"allow":["GET"]}}],"collection":[{"href":"https:\/\/srm.solidar.org\/fr\/wp-json\/wp\/v2\/pages"}],"about":[{"href":"https:\/\/srm.solidar.org\/fr\/wp-json\/wp\/v2\/types\/page"}],"author":[{"embeddable":true,"href":"https:\/\/srm.solidar.org\/fr\/wp-json\/wp\/v2\/users\/2"}],"replies":[{"embeddable":true,"href":"https:\/\/srm.solidar.org\/fr\/wp-json\/wp\/v2\/comments?post=419"}],"version-history":[{"count":0,"href":"https:\/\/srm.solidar.org\/fr\/wp-json\/wp\/v2\/pages\/419\/revisions"}],"wp:attachment":[{"href":"https:\/\/srm.solidar.org\/fr\/wp-json\/wp\/v2\/media?parent=419"}],"curies":[{"name":"wp","href":"https:\/\/api.w.org\/{rel}","templated":true}]}}