{"id":421,"date":"2023-02-13T16:58:01","date_gmt":"2023-02-13T16:58:01","guid":{"rendered":"https:\/\/srm.solidar.org\/?page_id=421"},"modified":"2024-09-11T14:10:40","modified_gmt":"2024-09-11T14:10:40","slug":"past-editions","status":"publish","type":"page","link":"https:\/\/srm.solidar.org\/fr\/past-editions\/","title":{"rendered":"Ann\u00e9es pr\u00e9c\u00e9dentes"},"content":{"rendered":"<h2 class=\"wp-block-heading\">Observateur des droits sociaux<\/h2>\n\n\n\n<p>Cette section rassemble les \u00e9ditions pass\u00e9es du Social Rights Monitor, qui ont \u00e9t\u00e9 publi\u00e9es sous forme de rapports depuis 2019. En 2022, aucune \u00e9dition n&#039;a \u00e9t\u00e9 publi\u00e9e car SOLIDAR a consacr\u00e9 l&#039;ann\u00e9e \u00e0 r\u00e9viser la m\u00e9thodologie de collecte et de visualisation des donn\u00e9es.<\/p>\n\n\n\n<p>L'Observatoire des droits sociaux 2023 sera la premi\u00e8re \u00e9dition sous forme de carte interactive. Vous pouvez consulter les \u00e9ditions pr\u00e9c\u00e9dentes \u00e0 partir de 2023 en s\u00e9lectionnant l'ann\u00e9e sur la page de pr\u00e9sentation de la carte. <\/p>\n\n\n\n<hr class=\"wp-block-separator has-text-color has-cyan-bluish-gray-color has-alpha-channel-opacity has-cyan-bluish-gray-background-color has-background is-style-wide\"\/>\n\n\n\n<div class=\"wp-block-group is-vertical is-layout-flex wp-container-core-group-is-layout-8cf370e7 wp-block-group-is-layout-flex\">\n<div class=\"wp-block-media-text alignwide is-stacked-on-mobile\" style=\"grid-template-columns:15% auto\"><figure class=\"wp-block-media-text__media\"><a href=\"https:\/\/www.solidar.org\/system\/downloads\/attachments\/000\/001\/408\/original\/Social_Rights_Monitor_2021.pdf?1638292164\"><img loading=\"lazy\" decoding=\"async\" width=\"215\" height=\"300\" src=\"https:\/\/srm.solidar.org\/wp-content\/uploads\/2023\/05\/Social-Rights-Monitor-2021-2-215x300.png\" alt=\"\" class=\"wp-image-736 size-medium\" srcset=\"https:\/\/srm.solidar.org\/wp-content\/uploads\/2023\/05\/Social-Rights-Monitor-2021-2-215x300.png 215w, https:\/\/srm.solidar.org\/wp-content\/uploads\/2023\/05\/Social-Rights-Monitor-2021-2-9x12.png 9w, https:\/\/srm.solidar.org\/wp-content\/uploads\/2023\/05\/Social-Rights-Monitor-2021-2-17x24.png 17w, https:\/\/srm.solidar.org\/wp-content\/uploads\/2023\/05\/Social-Rights-Monitor-2021-2-26x36.png 26w, https:\/\/srm.solidar.org\/wp-content\/uploads\/2023\/05\/Social-Rights-Monitor-2021-2-34x48.png 34w, https:\/\/srm.solidar.org\/wp-content\/uploads\/2023\/05\/Social-Rights-Monitor-2021-2.png 576w\" sizes=\"auto, (max-width: 215px) 100vw, 215px\" \/><\/a><\/figure><div class=\"wp-block-media-text__content\">\n<h3 class=\"wp-block-heading\">Observateur des droits sociaux 2021<\/h3>\n\n\n\n<p>La troisi\u00e8me \u00e9dition du Social Rights Monitor a \u00e9t\u00e9 \u00e9dit\u00e9e par SOLIDAR &amp;&nbsp;<a href=\"https:\/\/www.feps-europe.eu\/about.html\">FEPS<\/a>&nbsp;et \u00e9value l&#039;\u00e9tat des droits sociaux dans diff\u00e9rents pays europ\u00e9ens. L\u2019\u00e9dition 20221 couvre 16 pays d\u2019Europe : 13 pays de l\u2019UE \u2013&nbsp;<strong>Bulgarie, Croatie, Tch\u00e9quie, Danemark, Estonie, France, Allemagne, Gr\u00e8ce, Hongrie, Italie, Luxembourg, Espagne et Pays-Bas<\/strong>&nbsp;\u2013 2 pays candidats \u2013&nbsp;<strong>Mac\u00e9doine du Nord et Serbie<\/strong>- et&nbsp;<strong>Le Royaume-Uni<\/strong>.&nbsp;&nbsp;<\/p>\n\n\n\n<p>Les membres et partenaires de SOLIDAR ont cr\u00e9\u00e9 16 groupes strat\u00e9giques nationaux (NSG), un dans chacun des pays couverts par l&#039;Observateur, compos\u00e9s d&#039;experts d&#039;OSC, de syndicats et du monde universitaire. Le Social Rights Monitor a \u00e9t\u00e9 d\u00e9velopp\u00e9 sur la base de leurs observations sur le terrain et compl\u00e9t\u00e9 par des donn\u00e9es statistiques et des d\u00e9couvertes scientifiques. L\u2019Observateur refl\u00e8te donc \u00e9galement l\u2019expertise de la soci\u00e9t\u00e9 civile luttant pour la justice sociale en Europe et constitue une base de donn\u00e9es pr\u00e9cieuses pour l\u2019\u00e9laboration des politiques.<\/p>\n\n\n\n<p>Vous pouvez \u00e9galement consulter le <a href=\"https:\/\/www.solidar.org\/publications-page\/social-rights-monitor-2021-the-state-of-social-rights-in-europe\/#:~:text=The%20Social%20Rights%20Monitor%20has,valuable%20evidence%20base%20for%20policymaking.\" data-type=\"URL\" data-id=\"https:\/\/www.solidar.org\/en\/publications\/social-rights-monitor-2021-country-monitors\"><\/a><a href=\"https:\/\/www.solidar.org\/publications-page\/social-rights-monitor-2021-the-state-of-social-rights-in-europe\/#:~:text=The%20Social%20Rights%20Monitor%20has,valuable%20evidence%20base%20for%20policymaking.\" data-type=\"link\" data-id=\"https:\/\/www.solidar.org\/publications-page\/social-rights-monitor-2021-the-state-of-social-rights-in-europe\/#:~:text=The%20Social%20Rights%20Monitor%20has,valuable%20evidence%20base%20for%20policymaking.\">Rapports nationaux s\u00e9par\u00e9s en anglais et traductions dans de nombreuses langues des pays<\/a>.<\/p>\n\n\n\n<div class=\"wp-block-buttons is-layout-flex wp-block-buttons-is-layout-flex\">\n<div class=\"wp-block-button has-custom-font-size has-small-font-size\"><a class=\"wp-block-button__link has-background wp-element-button\" href=\"https:\/\/www.solidar.org\/wp-content\/uploads\/2024\/02\/social_rights_monitor_2021.pdf\" style=\"background-color:#860000\">LIRE LA PUBLICATION<\/a><\/div>\n<\/div>\n<\/div><\/div>\n\n\n\n<hr class=\"wp-block-separator has-text-color has-black-color has-alpha-channel-opacity has-black-background-color has-background is-style-wide\"\/>\n\n\n\n<hr class=\"wp-block-separator has-text-color has-cyan-bluish-gray-color has-alpha-channel-opacity has-cyan-bluish-gray-background-color has-background is-style-wide\"\/>\n\n\n\n<div class=\"wp-block-buttons is-layout-flex wp-block-buttons-is-layout-flex\"><\/div>\n\n\n\n<div class=\"wp-block-media-text alignwide is-stacked-on-mobile\" style=\"grid-template-columns:15% auto\"><figure class=\"wp-block-media-text__media\"><a href=\"https:\/\/www.solidar.org\/system\/downloads\/attachments\/000\/001\/210\/original\/SRM2020_ALL_R3_online_EC.pdf?1608289382\"><img loading=\"lazy\" decoding=\"async\" width=\"214\" height=\"300\" src=\"https:\/\/srm.solidar.org\/wp-content\/uploads\/2023\/05\/Social-Rights-Monitor-2020-1-214x300.png\" alt=\"\" class=\"wp-image-740 size-medium\" srcset=\"https:\/\/srm.solidar.org\/wp-content\/uploads\/2023\/05\/Social-Rights-Monitor-2020-1-214x300.png 214w, https:\/\/srm.solidar.org\/wp-content\/uploads\/2023\/05\/Social-Rights-Monitor-2020-1-9x12.png 9w, https:\/\/srm.solidar.org\/wp-content\/uploads\/2023\/05\/Social-Rights-Monitor-2020-1-17x24.png 17w, https:\/\/srm.solidar.org\/wp-content\/uploads\/2023\/05\/Social-Rights-Monitor-2020-1-26x36.png 26w, https:\/\/srm.solidar.org\/wp-content\/uploads\/2023\/05\/Social-Rights-Monitor-2020-1-34x48.png 34w, https:\/\/srm.solidar.org\/wp-content\/uploads\/2023\/05\/Social-Rights-Monitor-2020-1.png 595w\" sizes=\"auto, (max-width: 214px) 100vw, 214px\" \/><\/a><\/figure><div class=\"wp-block-media-text__content\">\n<h3 class=\"wp-block-heading\">Observateur des droits sociaux 2020<\/h3>\n\n\n\n<p>La deuxi\u00e8me \u00e9dition du Social Rights Monitor fournit un aper\u00e7u de l&#039;\u00e9tat des droits sociaux dans diff\u00e9rents pays europ\u00e9ens. Cette \u00e9dition rend compte de 14 pays de l\u2019Union europ\u00e9enne \u2013<strong>&nbsp;Belgique, Bulgarie, Croatie, Tch\u00e9quie, Danemark, Estonie, France, Allemagne, Gr\u00e8ce, Hongrie, Italie, Slovaquie, Espagne et Pays-Bas<\/strong>; deux pays candidats \u2013&nbsp;<strong>Serbie et Mac\u00e9doine du Nord<\/strong>; et un membre qui a quitt\u00e9 l&#039;UE en 2020, le&nbsp;<strong>Royaume-Uni<\/strong>.<\/p>\n\n\n\n<p>L&#039;Observatoire 2020 \u00e9value l&#039;\u00e9tat de l&#039;Europe sociale en termes d&#039;\u00e9galit\u00e9 des chances, de conditions de travail \u00e9quitables, de protection sociale, d&#039;inclusion et d&#039;espace civique. Il le fait sur la base des observations des groupes de strat\u00e9gie nationale (NSG) mis en place dans chacun des 17 pays par un membre ou partenaire de SOLIDAR. Ces groupes mettent en commun l\u2019expertise d\u2019organisations de la soci\u00e9t\u00e9 civile, d\u2019universitaires et d\u2019experts dans le domaine et les soutiennent avec des donn\u00e9es statistiques et des d\u00e9couvertes scientifiques.<\/p>\n\n\n\n<p>Vous pouvez \u00e9galement consulter le <a href=\"https:\/\/www.solidar.org\/publications-page\/social-rights-monitor-2020-and-country-reports\/\" data-type=\"link\" data-id=\"https:\/\/www.solidar.org\/publications-page\/social-rights-monitor-2020-and-country-reports\/\">des rapports par pays distincts en anglais et des traductions dans de nombreuses langues des pays.<\/a><\/p>\n\n\n\n<div class=\"wp-block-buttons is-layout-flex wp-block-buttons-is-layout-flex\">\n<div class=\"wp-block-button has-custom-font-size has-small-font-size\"><a class=\"wp-block-button__link has-background wp-element-button\" href=\"https:\/\/www.solidar.org\/wp-content\/uploads\/2024\/02\/srm2020_all_r3_online_ec.pdf\" style=\"background-color:#860000\">LIRE LA PUBLICATION<\/a><\/div>\n<\/div>\n\n\n\n<p><\/p>\n<\/div><\/div>\n\n\n\n<hr class=\"wp-block-separator has-text-color has-white-color has-alpha-channel-opacity has-white-background-color has-background is-style-wide\"\/>\n\n\n\n<hr class=\"wp-block-separator has-alpha-channel-opacity is-style-wide\"\/>\n\n\n\n<div class=\"wp-block-media-text alignwide is-stacked-on-mobile\" style=\"grid-template-columns:15% auto\"><figure class=\"wp-block-media-text__media\"><a href=\"https:\/\/www.solidar.org\/system\/downloads\/attachments\/000\/001\/001\/original\/SRM_2019_Full_NO_BLANKS.pdf?1573578205\"><img loading=\"lazy\" decoding=\"async\" width=\"592\" height=\"837\" src=\"https:\/\/srm.solidar.org\/wp-content\/uploads\/2023\/05\/Social-Rights-Monitor-2019.png\" alt=\"\" class=\"wp-image-748 size-medium\" srcset=\"https:\/\/srm.solidar.org\/wp-content\/uploads\/2023\/05\/Social-Rights-Monitor-2019.png 592w, https:\/\/srm.solidar.org\/wp-content\/uploads\/2023\/05\/Social-Rights-Monitor-2019-212x300.png 212w, https:\/\/srm.solidar.org\/wp-content\/uploads\/2023\/05\/Social-Rights-Monitor-2019-8x12.png 8w, https:\/\/srm.solidar.org\/wp-content\/uploads\/2023\/05\/Social-Rights-Monitor-2019-17x24.png 17w, https:\/\/srm.solidar.org\/wp-content\/uploads\/2023\/05\/Social-Rights-Monitor-2019-25x36.png 25w, https:\/\/srm.solidar.org\/wp-content\/uploads\/2023\/05\/Social-Rights-Monitor-2019-34x48.png 34w\" sizes=\"auto, (max-width: 592px) 100vw, 592px\" \/><\/a><\/figure><div class=\"wp-block-media-text__content\">\n<h3 class=\"wp-block-heading\">Observateur des droits sociaux 2019<\/h3>\n\n\n\n<p>La premi\u00e8re \u00e9dition du Social Rights Monitor donne un aper\u00e7u de l\u2019\u00e9tat des droits sociaux dans 16 pays europ\u00e9ens\u00a0: 15 de l\u2019Union europ\u00e9enne \u2013 <strong>Autriche, Bulgarie, Croatie, Tch\u00e9quie, Estonie, France, Allemagne, Gr\u00e8ce, Hongrie, Italie, Roumanie, Slovaquie, Espagne, Pays-Bas, Royaume-Uni<\/strong> \u2013 et un pays candidat, <strong>Serbie<\/strong>. L&#039;Observateur \u00e9value l&#039;\u00e9tat de l&#039;Europe sociale en termes d&#039;\u00e9galit\u00e9 des chances, de conditions de travail \u00e9quitables, de protection sociale, d&#039;inclusion et d&#039;espace civique, sur la base des observations des organisations de la soci\u00e9t\u00e9 civile travaillant sur le terrain, en combinaison avec des donn\u00e9es statistiques et des d\u00e9couvertes scientifiques. <\/p>\n\n\n\n<p>Vous pouvez \u00e9galement consulter le <a href=\"https:\/\/www.solidar.org\/publications-page\/social-rights-monitor-2019\/\">Rapports nationaux s\u00e9par\u00e9s et traductions fran\u00e7aise, italienne, allemande et espagnole disponibles.<\/a><\/p>\n\n\n\n<div class=\"wp-block-buttons is-layout-flex wp-block-buttons-is-layout-flex\">\n<div class=\"wp-block-button has-custom-font-size has-small-font-size\"><a class=\"wp-block-button__link has-background wp-element-button\" href=\"https:\/\/www.solidar.org\/wp-content\/uploads\/2024\/02\/srm_2019_full_no_blanks.pdf\" style=\"background-color:#860000\">LIRE LA PUBLICATION<\/a><\/div>\n<\/div>\n\n\n\n<p><\/p>\n<\/div><\/div>\n\n\n\n<p><\/p>\n<\/div>\n\n\n\n<hr class=\"wp-block-separator has-alpha-channel-opacity\"\/>\n\n\n\n<hr class=\"wp-block-separator has-text-color has-white-color has-alpha-channel-opacity has-white-background-color has-background is-style-wide\"\/>","protected":false},"excerpt":{"rendered":"<p>Social Rights Monitor This section collects the Past Editions of the Social Rights Monitor, which have been published in the format of reports since 2019. In 2022, no edition was published as SOLIDAR dedicated the year to revise the methodology for the data collection and visualisation. The 2023 Social Rights Monitor will be the first &hellip;<\/p>","protected":false},"author":2,"featured_media":0,"parent":0,"menu_order":0,"comment_status":"closed","ping_status":"closed","template":"","meta":{"_acf_changed":false,"footnotes":""},"class_list":["post-421","page","type-page","status-publish","hentry"],"acf":[],"_links":{"self":[{"href":"https:\/\/srm.solidar.org\/fr\/wp-json\/wp\/v2\/pages\/421","targetHints":{"allow":["GET"]}}],"collection":[{"href":"https:\/\/srm.solidar.org\/fr\/wp-json\/wp\/v2\/pages"}],"about":[{"href":"https:\/\/srm.solidar.org\/fr\/wp-json\/wp\/v2\/types\/page"}],"author":[{"embeddable":true,"href":"https:\/\/srm.solidar.org\/fr\/wp-json\/wp\/v2\/users\/2"}],"replies":[{"embeddable":true,"href":"https:\/\/srm.solidar.org\/fr\/wp-json\/wp\/v2\/comments?post=421"}],"version-history":[{"count":0,"href":"https:\/\/srm.solidar.org\/fr\/wp-json\/wp\/v2\/pages\/421\/revisions"}],"wp:attachment":[{"href":"https:\/\/srm.solidar.org\/fr\/wp-json\/wp\/v2\/media?parent=421"}],"curies":[{"name":"wp","href":"https:\/\/api.w.org\/{rel}","templated":true}]}}