{"id":423,"date":"2023-02-13T16:58:29","date_gmt":"2023-02-13T16:58:29","guid":{"rendered":"https:\/\/srm.solidar.org\/?page_id=423"},"modified":"2024-08-08T13:59:10","modified_gmt":"2024-08-08T13:59:10","slug":"equal-opportunities-and-access-to-the-labour-market","status":"publish","type":"page","link":"https:\/\/srm.solidar.org\/fr\/equal-opportunities-and-access-to-the-labour-market\/","title":{"rendered":"Europe - \u00c9galit\u00e9 des chances et acc\u00e8s au march\u00e9 du travail (2022)"},"content":{"rendered":"<h2 class=\"wp-block-heading\">Europe - \u00c9galit\u00e9 des chances et acc\u00e8s au march\u00e9 du travail (2022)<\/h2>\n\n\n\n<div class=\"wp-block-columns is-layout-flex wp-container-core-columns-is-layout-9d6595d7 wp-block-columns-is-layout-flex\">\n<div class=\"wp-block-column is-layout-flow wp-block-column-is-layout-flow\">\n<p>Ce th\u00e8me est d\u00e9velopp\u00e9 dans le chapitre 1 du socle europ\u00e9en des droits sociaux. Il analyse les politiques et mesures mises en place par les pays europ\u00e9ens pour garantir que les groupes marginalis\u00e9s aient des chances \u00e9gales de participer \u00e0 la soci\u00e9t\u00e9, y compris \u2013 mais sans s&#039;y limiter \u2013 par le biais du march\u00e9 du travail. Gr\u00e2ce au questionnaire Social Rights Monitor, nous \u00e9valuons les \u00e9l\u00e9ments suivants pour chaque pays\u00a0:<\/p>\n\n\n\n<ul class=\"wp-block-list\">\n<li>Investissement dans le syst\u00e8me de protection sociale<\/li>\n\n\n\n<li>\u00c9galit\u00e9 des sexes<\/li>\n\n\n\n<li>\u00c9ducation, formation et apprentissage tout au long de la vie<\/li>\n\n\n\n<li>L'inclusion des migrants, des r\u00e9fugi\u00e9s et des demandeurs d'asile et d'autres groupes en situation de vuln\u00e9rabilit\u00e9<\/li>\n\n\n\n<li>Emploi des jeunes<\/li>\n<\/ul>\n\n\n\n<p><\/p>\n<\/div>\n\n\n\n<div class=\"wp-block-column is-layout-flow wp-block-column-is-layout-flow\">\n<p>Les perspectives intersectionnelles \u2013 telles que celle du genre \u2013 visant \u00e0 \u00e9valuer l\u2019impact des politiques sur les groupes marginalis\u00e9s ne se limitent pas \u00e0 cette section du Moniteur mais sont incluses tout au long du SRM.<\/p>\n<\/div>\n<\/div>","protected":false},"excerpt":{"rendered":"<p>Equal opportunities and access to the labour market This theme is developed in Chapter 1 of the European Pillar of Social Rights. It analyses the policies and measures put in place by European countries to ensure that marginalised groups have equal opportunities to participate in society, including \u2013 but not limited to \u2013 through the &hellip;<\/p>","protected":false},"author":2,"featured_media":0,"parent":0,"menu_order":0,"comment_status":"closed","ping_status":"closed","template":"","meta":{"_acf_changed":false,"footnotes":""},"class_list":["post-423","page","type-page","status-publish","hentry"],"acf":[],"_links":{"self":[{"href":"https:\/\/srm.solidar.org\/fr\/wp-json\/wp\/v2\/pages\/423","targetHints":{"allow":["GET"]}}],"collection":[{"href":"https:\/\/srm.solidar.org\/fr\/wp-json\/wp\/v2\/pages"}],"about":[{"href":"https:\/\/srm.solidar.org\/fr\/wp-json\/wp\/v2\/types\/page"}],"author":[{"embeddable":true,"href":"https:\/\/srm.solidar.org\/fr\/wp-json\/wp\/v2\/users\/2"}],"replies":[{"embeddable":true,"href":"https:\/\/srm.solidar.org\/fr\/wp-json\/wp\/v2\/comments?post=423"}],"version-history":[{"count":0,"href":"https:\/\/srm.solidar.org\/fr\/wp-json\/wp\/v2\/pages\/423\/revisions"}],"wp:attachment":[{"href":"https:\/\/srm.solidar.org\/fr\/wp-json\/wp\/v2\/media?parent=423"}],"curies":[{"name":"wp","href":"https:\/\/api.w.org\/{rel}","templated":true}]}}