{"id":425,"date":"2023-02-13T16:58:50","date_gmt":"2023-02-13T16:58:50","guid":{"rendered":"https:\/\/srm.solidar.org\/?page_id=425"},"modified":"2024-08-08T13:57:30","modified_gmt":"2024-08-08T13:57:30","slug":"fair-working-conditions","status":"publish","type":"page","link":"https:\/\/srm.solidar.org\/fr\/fair-working-conditions\/","title":{"rendered":"Conditions de travail \u00e9quitables"},"content":{"rendered":"<h2 class=\"wp-block-heading\">Conditions de travail \u00e9quitables<\/h2>\n\n\n\n<div class=\"wp-block-columns is-layout-flex wp-container-core-columns-is-layout-9d6595d7 wp-block-columns-is-layout-flex\">\n<div class=\"wp-block-column is-layout-flow wp-block-column-is-layout-flow\">\n<p>Dans cette section, nous \u00e9valuons la mise en \u0153uvre du chapitre 2 du socle europ\u00e9en des droits sociaux. Nos membres et partenaires rendent compte de la qualit\u00e9 des emplois et des conditions de travail dans leur pays, notamment sur les points suivants\u00a0:<\/p>\n\n\n\n<ul class=\"wp-block-list\">\n<li>Salaires ad\u00e9quats<\/li>\n\n\n\n<li>La s\u00e9curit\u00e9 d&#039;emploi<\/li>\n\n\n\n<li>Sant\u00e9 et s\u00e9curit\u00e9 au travail<\/li>\n\n\n\n<li>\u00c9conomie sociale et solidaire<\/li>\n\n\n\n<li>L&#039;\u00e9quilibre travail-vie<\/li>\n\n\n\n<li>Dialogue social<\/li>\n<\/ul>\n<\/div>\n\n\n\n<div class=\"wp-block-column is-layout-flow wp-block-column-is-layout-flow\">\n<p><\/p>\n<\/div>\n<\/div>","protected":false},"excerpt":{"rendered":"<p>Fair Working Conditions In this section, we assess the implementation of Chapter 2 of the European Pillar of Social Rights. Our members and partners report on the quality of jobs and working conditions in their countries, specifically the following:<\/p>","protected":false},"author":2,"featured_media":0,"parent":0,"menu_order":0,"comment_status":"closed","ping_status":"closed","template":"","meta":{"_acf_changed":false,"footnotes":""},"class_list":["post-425","page","type-page","status-publish","hentry"],"acf":[],"_links":{"self":[{"href":"https:\/\/srm.solidar.org\/fr\/wp-json\/wp\/v2\/pages\/425","targetHints":{"allow":["GET"]}}],"collection":[{"href":"https:\/\/srm.solidar.org\/fr\/wp-json\/wp\/v2\/pages"}],"about":[{"href":"https:\/\/srm.solidar.org\/fr\/wp-json\/wp\/v2\/types\/page"}],"author":[{"embeddable":true,"href":"https:\/\/srm.solidar.org\/fr\/wp-json\/wp\/v2\/users\/2"}],"replies":[{"embeddable":true,"href":"https:\/\/srm.solidar.org\/fr\/wp-json\/wp\/v2\/comments?post=425"}],"version-history":[{"count":0,"href":"https:\/\/srm.solidar.org\/fr\/wp-json\/wp\/v2\/pages\/425\/revisions"}],"wp:attachment":[{"href":"https:\/\/srm.solidar.org\/fr\/wp-json\/wp\/v2\/media?parent=425"}],"curies":[{"name":"wp","href":"https:\/\/api.w.org\/{rel}","templated":true}]}}