{"id":427,"date":"2023-02-13T16:59:08","date_gmt":"2023-02-13T16:59:08","guid":{"rendered":"https:\/\/srm.solidar.org\/?page_id=427"},"modified":"2024-08-08T13:56:30","modified_gmt":"2024-08-08T13:56:30","slug":"social-protection-and-inclusion","status":"publish","type":"page","link":"https:\/\/srm.solidar.org\/fr\/social-protection-and-inclusion\/","title":{"rendered":"Inclusion et protection sociales"},"content":{"rendered":"<h2 class=\"wp-block-heading\">Inclusion et protection sociales<\/h2>\n\n\n\n<div class=\"wp-block-columns is-layout-flex wp-container-core-columns-is-layout-9d6595d7 wp-block-columns-is-layout-flex\">\n<div class=\"wp-block-column is-layout-flow wp-block-column-is-layout-flow\">\n<p>Dans cette section th\u00e9matique, le Social Rights Monitor \u00e9value la mise en \u0153uvre du chapitre 3 du socle europ\u00e9en des droits sociaux. L\u2019objectif est de suivre et d\u2019\u00e9valuer les mesures de protection sociale mises en place au niveau national et leur impact sur l\u2019inclusion sociale. Le SRM surveille notamment :<\/p>\n\n\n\n<ul class=\"wp-block-list\">\n<li>Acc\u00e8s au logement<\/li>\n\n\n\n<li>\u00c9radication de la pauvret\u00e9<\/li>\n\n\n\n<li>Acc\u00e8s aux soins de sant\u00e9<\/li>\n\n\n\n<li>Acc\u00e8s aux services de garde d'enfants<\/li>\n\n\n\n<li>Acc\u00e8s aux services essentiels<\/li>\n<\/ul>\n\n\n\n<p><\/p>\n<\/div>\n\n\n\n<div class=\"wp-block-column is-layout-flow wp-block-column-is-layout-flow\">\n<p>L&#039;\u00e9valuation des mesures visant \u00e0 \u00e9radiquer la pauvret\u00e9 inclut l&#039;impact du salaire minimum et du revenu minimum. Dans la d\u00e9finition de l&#039;acc\u00e8s aux services essentiels, nous incluons les services sociaux, qui jouent un r\u00f4le cl\u00e9 pour garantir la justice et la coh\u00e9sion sociales.<\/p>\n<\/div>\n<\/div>","protected":false},"excerpt":{"rendered":"<p>Social protection and inclusion In this thematic section, the Social Rights Monitor assesses the implementation of Chapter 3 of the European Pillar of Social Rights. The objective is to monitor and assess social protection measures put in place at national level and their impact on social inclusion. In particular, the SRM monitors: The assessment of &hellip;<\/p>","protected":false},"author":2,"featured_media":0,"parent":0,"menu_order":0,"comment_status":"closed","ping_status":"closed","template":"","meta":{"_acf_changed":false,"footnotes":""},"class_list":["post-427","page","type-page","status-publish","hentry"],"acf":[],"_links":{"self":[{"href":"https:\/\/srm.solidar.org\/fr\/wp-json\/wp\/v2\/pages\/427","targetHints":{"allow":["GET"]}}],"collection":[{"href":"https:\/\/srm.solidar.org\/fr\/wp-json\/wp\/v2\/pages"}],"about":[{"href":"https:\/\/srm.solidar.org\/fr\/wp-json\/wp\/v2\/types\/page"}],"author":[{"embeddable":true,"href":"https:\/\/srm.solidar.org\/fr\/wp-json\/wp\/v2\/users\/2"}],"replies":[{"embeddable":true,"href":"https:\/\/srm.solidar.org\/fr\/wp-json\/wp\/v2\/comments?post=427"}],"version-history":[{"count":0,"href":"https:\/\/srm.solidar.org\/fr\/wp-json\/wp\/v2\/pages\/427\/revisions"}],"wp:attachment":[{"href":"https:\/\/srm.solidar.org\/fr\/wp-json\/wp\/v2\/media?parent=427"}],"curies":[{"name":"wp","href":"https:\/\/api.w.org\/{rel}","templated":true}]}}