{"id":1825,"date":"2025-08-29T05:45:58","date_gmt":"2025-08-29T05:45:58","guid":{"rendered":"https:\/\/srm.solidar.org\/?page_id=1825"},"modified":"2026-04-30T09:43:31","modified_gmt":"2026-04-30T09:43:31","slug":"other-monitors","status":"publish","type":"page","link":"https:\/\/srm.solidar.org\/hr\/other-monitors\/","title":{"rendered":"Ostali monitori"},"content":{"rendered":"<h2 class=\"wp-block-heading\"><strong>Matrica POBOLJ\u0160ANJA<\/strong><\/h2>\n\n\n\n<p>The <strong>POBOLJ\u0160AJ Kartezijevu matricu<\/strong> je jedinstven alat koji isti\u010de <em>glasovi i sudjelovanje u\u010denika<\/em> diljem Europe. Matrica je interaktivna karta o osna\u017eivanju organizacija za obrazovanje odraslih kako bi poja\u010dale glasove u\u010denika, zajedni\u010dki stvorile rje\u0161enja i potaknule uklju\u010dive promjene. Istra\u017eite vi\u0161e od 30 dobrih praksi iz cijele Europe!<\/p>\n\n\n\n<p>Matrica sadr\u017ei <strong>primjeri dobre prakse<\/strong> iz Irske, \u0160vicarske, Nizozemske, Belgije, Ma\u0111arske i Austrije, te me\u0111unarodne prakse. Matrica istra\u017euje:<\/p>\n\n\n\n<ul class=\"wp-block-list\">\n<li>Tko mo\u017ee sudjelovati u obrazovnim procesima i koji su uvjeti sudjelovanja<\/li>\n\n\n\n<li>Kako sudjelovanje odraslih u\u010denika mo\u017ee utjecati na zajednice, dru\u0161tva i politike<\/li>\n\n\n\n<li>Kako glasovi u\u010denika mogu biti jednako vrijedni i utjecajni kao i glasovi drugih dionika u obrazovanju<\/li>\n<\/ul>\n\n\n\n<div style=\"width: 100%;\"><div style=\"position: relative; padding-bottom: 56.25%; padding-top: 0; height: 0;\"><iframe loading=\"lazy\" title=\"POBOLJ\u0160AJTE matricu\" frameborder=\"0\" width=\"1200px\" height=\"675px\" style=\"position: absolute; top: 0; left: 0; width: 100%; height: 100%;\" src=\"https:\/\/view.genially.com\/6687ae6995a2850014a4212d\" type=\"text\/html\" allowscriptaccess=\"always\" allowfullscreen=\"true\" scrolling=\"yes\" allownetworking=\"all\"><\/iframe> <\/div> <\/div>\n\n\n\n<p><strong>Otkrijte vi\u0161e na ENHANCE-u<\/strong> <strong>projekt <\/strong>i kako ovaj alat oblikuje prakse inkluzivnog obrazovanja diljem Europe <strong><a href=\"https:\/\/enhancelearnervoice.com\/enhance-matrix\/\" target=\"_blank\" rel=\"noreferrer noopener\">ovdje<\/a>.<\/strong><\/p>\n\n\n\n<p><\/p>\n\n\n\n<p><\/p>\n\n\n\n<h2 class=\"wp-block-heading\"><strong>Nacionalni dokumenti Just4All o pravednoj tranziciji, cjelo\u017eivotnom u\u010denju i obrazovanju odraslih<\/strong><\/h2>\n\n\n\n<p><strong>ABF<\/strong>,&nbsp;<strong>Ligue de l&#039;enseignement<\/strong>,&nbsp;<strong>KARTICA&nbsp;<\/strong>i&nbsp;<strong>AONTAS<\/strong>, pridru\u017eeni subjekti financiranih od strane EU-a<a href=\"https:\/\/www.solidar.org\/project\/just4all-adult-education-for-a-just-transition\/\"><strong>Projekt Just4All&nbsp;<\/strong><\/a>izradili su 4 pozadinska dokumenta o kontekstima u Irskoj, Francuskoj, Cipru i \u0160vedskoj.<\/p>\n\n\n\n<p>\u010cetiri nacionalna dokumenta ilustriraju trenutno stanje politika usmjerenih na razvoj odgovaraju\u0107ih programa u\u010denja odraslih za podr\u0161ku pravednoj tranziciji. Dokumenti uklju\u010duju preporuke politika za nacionalnu razinu. Nadovezuju\u0107i se na preporuke partnera o nacionalnim kontekstima, SOLIDAR je sastavio letak s preporukama politika za europsku razinu. Letak od jedne stranice dostupan je na engleskom jeziku, a \u010detiri dokumenta dostupna su na engleskom, gr\u010dkom, francuskom i \u0161vedskom jeziku.<\/p>\n\n\n\n<p><strong>Jedan pager:<\/strong><\/p>\n\n\n\n<ul class=\"wp-block-list\">\n<li><a href=\"https:\/\/www.solidar.org\/publications-page\/just4all-national-background-papers-on-just-transition-lifelong-learning-and-adult-education\/\">PRAVEDNA PRIJELAZNICA I CJELO\u017dIVOTNO U\u010cENJE<\/a>5 preporuka za u\u010dinkovite politike (ENG)<\/li>\n<\/ul>\n\n\n\n<p><strong>AONTAS, Irska<\/strong><\/p>\n\n\n\n<ul class=\"wp-block-list\">\n<li><a href=\"https:\/\/www.solidar.org\/wp-content\/uploads\/2024\/11\/backgr1.pdf\">NACIONALNI DOKUMENT: Pravedna tranzicija, cjelo\u017eivotno u\u010denje i obrazovanje odraslih u Irskoj<\/a> (ENG)<\/li>\n<\/ul>\n\n\n\n<p><strong>CARDET, Cipar<\/strong><\/p>\n\n\n\n<ul class=\"wp-block-list\">\n<li><a href=\"https:\/\/www.solidar.org\/wp-content\/uploads\/2024\/11\/backgr2.pdf\">NACIONALNI DOKUMENT: Pravedna tranzicija, cjelo\u017eivotno u\u010denje i obrazovanje odraslih na Cipru (ENG)<\/a><\/li>\n\n\n\n<li><a href=\"https:\/\/www.solidar.org\/wp-content\/uploads\/2024\/11\/just4all-greek-3.pdf\">NACIONALNI DOKUMENT O UVODU: Pravedna tranzicija, cjelo\u017eivotno u\u010denje i obrazovanje odraslih na Cipru (GR)<\/a><\/li>\n<\/ul>\n\n\n\n<p><strong>Ligue de l&#039;enseignement, Francuska<\/strong><\/p>\n\n\n\n<ul class=\"wp-block-list\">\n<li><a href=\"https:\/\/www.solidar.org\/wp-content\/uploads\/2024\/11\/backgr3.pdf\">NACIONALNI DOKUMENT: Pravedna tranzicija, cjelo\u017eivotno u\u010denje i obrazovanje odraslih u Francuskoj (ENG)<\/a><\/li>\n\n\n\n<li><a href=\"https:\/\/www.solidar.org\/wp-content\/uploads\/2024\/11\/just4all-french-2.pdf\">NACIONALNI DOKUMENT: Pravedna tranzicija, cjelo\u017eivotno u\u010denje i obrazovanje odraslih u Francuskoj (FR)<\/a><\/li>\n<\/ul>\n\n\n\n<p><strong>ABF, \u0160vedska<\/strong><\/p>\n\n\n\n<ul class=\"wp-block-list\">\n<li><a href=\"https:\/\/www.solidar.org\/wp-content\/uploads\/2024\/11\/backgr4.pdf\">NACIONALNI DOKUMENT: Pravedna tranzicija, cjelo\u017eivotno u\u010denje i obrazovanje odraslih u \u0160vedskoj (ENG)<\/a><\/li>\n\n\n\n<li><a href=\"https:\/\/www.solidar.org\/wp-content\/uploads\/2024\/11\/just4all-sweden-final-2.pdf\">NACIONALNI DOKUMENT: Pravedna tranzicija, cjelo\u017eivotno u\u010denje i obrazovanje odraslih u \u0160vedskoj (SWE)<\/a><\/li>\n<\/ul>","protected":false},"excerpt":{"rendered":"<p>The ENHANCE Matrix The ENHANCE Cartesian Matrix is a unique tool that highlights learners\u2019 voices and participation across Europe. The Matrix is an interactive map on empowering adult learning organisations to amplify learners\u2019 voices, co-create solutions, and drive inclusive change. Explore more than 30 good practices from around Europe! The Matrix contains good practice examples &hellip;<\/p>","protected":false},"author":24,"featured_media":0,"parent":0,"menu_order":0,"comment_status":"closed","ping_status":"closed","template":"","meta":{"_acf_changed":false,"footnotes":""},"class_list":["post-1825","page","type-page","status-publish","hentry"],"acf":[],"_links":{"self":[{"href":"https:\/\/srm.solidar.org\/hr\/wp-json\/wp\/v2\/pages\/1825","targetHints":{"allow":["GET"]}}],"collection":[{"href":"https:\/\/srm.solidar.org\/hr\/wp-json\/wp\/v2\/pages"}],"about":[{"href":"https:\/\/srm.solidar.org\/hr\/wp-json\/wp\/v2\/types\/page"}],"author":[{"embeddable":true,"href":"https:\/\/srm.solidar.org\/hr\/wp-json\/wp\/v2\/users\/24"}],"replies":[{"embeddable":true,"href":"https:\/\/srm.solidar.org\/hr\/wp-json\/wp\/v2\/comments?post=1825"}],"version-history":[{"count":0,"href":"https:\/\/srm.solidar.org\/hr\/wp-json\/wp\/v2\/pages\/1825\/revisions"}],"wp:attachment":[{"href":"https:\/\/srm.solidar.org\/hr\/wp-json\/wp\/v2\/media?parent=1825"}],"curies":[{"name":"wp","href":"https:\/\/api.w.org\/{rel}","templated":true}]}}