{"id":417,"date":"2023-02-13T16:57:14","date_gmt":"2023-02-13T16:57:14","guid":{"rendered":"https:\/\/srm.solidar.org\/?page_id=417"},"modified":"2023-05-08T10:06:19","modified_gmt":"2023-05-08T10:06:19","slug":"solidar","status":"publish","type":"page","link":"https:\/\/srm.solidar.org\/hr\/solidar\/","title":{"rendered":"Solidarno"},"content":{"rendered":"<h2 class=\"wp-block-heading\">Tko je Solidar<\/h2>\n\n\n\n<div class=\"wp-block-columns is-layout-flex wp-container-core-columns-is-layout-9d6595d7 wp-block-columns-is-layout-flex\">\n<div class=\"wp-block-column is-layout-flow wp-block-column-is-layout-flow\">\n<p><\/p>\n<\/div>\n<\/div>\n\n\n\n<div class=\"wp-block-columns is-layout-flex wp-container-core-columns-is-layout-9d6595d7 wp-block-columns-is-layout-flex\">\n<div class=\"wp-block-column is-layout-flow wp-block-column-is-layout-flow\">\n<p><strong>SOLIDAR je europska mre\u017ea naprednih organizacija civilnog dru\u0161tva (OCD) koje rade na unapre\u0111enju socijalne pravde kroz pravednu tranziciju u Europi i \u0161irom svijeta. Zastupamo preko&nbsp;<a href=\"http:\/\/www.solidar.org\/en\/about-us\/members-and-partners\">50 organizacija \u010dlanica<\/a>&nbsp;sa sjedi\u0161tem u 26 zemalja (od kojih je 19 zemalja EU), me\u0111u kojima su nacionalne organizacije civilnog dru\u0161tva u Europi, kao i neke organizacije izvan EU i \u0161irom EU, koje rade u jednom ili vi\u0161e na\u0161ih podru\u010dja djelovanja.<\/strong> <\/p>\n<\/div>\n\n\n\n<div class=\"wp-block-column is-layout-flow wp-block-column-is-layout-flow\">\n<p>Mre\u017eu okupljaju zajedni\u010dke vrijednosti solidarnosti, jednakosti i sudjelovanja.<\/p>\n\n\n\n<p>SOLIDAR izra\u017eava zabrinutost svojih organizacija \u010dlanica prema EU i me\u0111unarodnim institucijama provode\u0107i akcije zagovaranja, upravljanje projektima i koordinaciju, pra\u0107enje politike i podizanje svijesti u razli\u010ditim podru\u010djima politike.<\/p>\n<\/div>\n<\/div>\n\n\n\n<iframe src=\"https:\/\/www.google.com\/maps\/d\/u\/0\/embed?mid=1xPDtler32u7ZDXKeFWJSNUh_ynUUM7zd&#038;ehbc=2E312F\" \n style=\"width:100%; height: 750px\"><\/iframe>","protected":false},"excerpt":{"rendered":"<p>Who is Solidar SOLIDAR&nbsp;is a European network of progressive Civil Society Organisations (CSOs) working to advance social justice through a just transition in Europe and worldwide.&nbsp;We represent over&nbsp;50 member organisations&nbsp;based in 26&nbsp;countries (19&nbsp;of which are EU countries), among which national CSOs in Europe, as well as some non-EU and EU-wide organisations, working in one or &hellip;<\/p>","protected":false},"author":2,"featured_media":0,"parent":0,"menu_order":0,"comment_status":"closed","ping_status":"closed","template":"","meta":{"_acf_changed":false,"footnotes":""},"class_list":["post-417","page","type-page","status-publish","hentry"],"acf":[],"_links":{"self":[{"href":"https:\/\/srm.solidar.org\/hr\/wp-json\/wp\/v2\/pages\/417","targetHints":{"allow":["GET"]}}],"collection":[{"href":"https:\/\/srm.solidar.org\/hr\/wp-json\/wp\/v2\/pages"}],"about":[{"href":"https:\/\/srm.solidar.org\/hr\/wp-json\/wp\/v2\/types\/page"}],"author":[{"embeddable":true,"href":"https:\/\/srm.solidar.org\/hr\/wp-json\/wp\/v2\/users\/2"}],"replies":[{"embeddable":true,"href":"https:\/\/srm.solidar.org\/hr\/wp-json\/wp\/v2\/comments?post=417"}],"version-history":[{"count":0,"href":"https:\/\/srm.solidar.org\/hr\/wp-json\/wp\/v2\/pages\/417\/revisions"}],"wp:attachment":[{"href":"https:\/\/srm.solidar.org\/hr\/wp-json\/wp\/v2\/media?parent=417"}],"curies":[{"name":"wp","href":"https:\/\/api.w.org\/{rel}","templated":true}]}}