{"id":421,"date":"2023-02-13T16:58:01","date_gmt":"2023-02-13T16:58:01","guid":{"rendered":"https:\/\/srm.solidar.org\/?page_id=421"},"modified":"2024-09-11T14:10:40","modified_gmt":"2024-09-11T14:10:40","slug":"past-editions","status":"publish","type":"page","link":"https:\/\/srm.solidar.org\/hr\/past-editions\/","title":{"rendered":"Pro\u0161la izdanja"},"content":{"rendered":"<h2 class=\"wp-block-heading\">Monitor socijalnih prava<\/h2>\n\n\n\n<p>Ovaj odjeljak prikuplja pro\u0161la izdanja Monitora socijalnih prava koja se objavljuju u obliku izvje\u0161\u0107a od 2019. U 2022. nije objavljeno nijedno izdanje jer je SOLIDAR godinu posvetio reviziji metodologije za prikupljanje i vizualizaciju podataka.<\/p>\n\n\n\n<p>Monitor socijalnih prava za 2023. bit \u0107e prvo izdanje u formatu interaktivne karte. Mo\u017eete preuzeti prethodna izdanja od 2023. nadalje odabirom godine na stranici Pregled karte. <\/p>\n\n\n\n<hr class=\"wp-block-separator has-text-color has-cyan-bluish-gray-color has-alpha-channel-opacity has-cyan-bluish-gray-background-color has-background is-style-wide\"\/>\n\n\n\n<div class=\"wp-block-group is-vertical is-layout-flex wp-container-core-group-is-layout-8cf370e7 wp-block-group-is-layout-flex\">\n<div class=\"wp-block-media-text alignwide is-stacked-on-mobile\" style=\"grid-template-columns:15% auto\"><figure class=\"wp-block-media-text__media\"><a href=\"https:\/\/www.solidar.org\/system\/downloads\/attachments\/000\/001\/408\/original\/Social_Rights_Monitor_2021.pdf?1638292164\"><img loading=\"lazy\" decoding=\"async\" width=\"215\" height=\"300\" src=\"https:\/\/srm.solidar.org\/wp-content\/uploads\/2023\/05\/Social-Rights-Monitor-2021-2-215x300.png\" alt=\"\" class=\"wp-image-736 size-medium\" srcset=\"https:\/\/srm.solidar.org\/wp-content\/uploads\/2023\/05\/Social-Rights-Monitor-2021-2-215x300.png 215w, https:\/\/srm.solidar.org\/wp-content\/uploads\/2023\/05\/Social-Rights-Monitor-2021-2-9x12.png 9w, https:\/\/srm.solidar.org\/wp-content\/uploads\/2023\/05\/Social-Rights-Monitor-2021-2-17x24.png 17w, https:\/\/srm.solidar.org\/wp-content\/uploads\/2023\/05\/Social-Rights-Monitor-2021-2-26x36.png 26w, https:\/\/srm.solidar.org\/wp-content\/uploads\/2023\/05\/Social-Rights-Monitor-2021-2-34x48.png 34w, https:\/\/srm.solidar.org\/wp-content\/uploads\/2023\/05\/Social-Rights-Monitor-2021-2.png 576w\" sizes=\"auto, (max-width: 215px) 100vw, 215px\" \/><\/a><\/figure><div class=\"wp-block-media-text__content\">\n<h3 class=\"wp-block-heading\">Monitor socijalnih prava 2021<\/h3>\n\n\n\n<p>Tre\u0107e izdanje Monitora socijalnih prava uredili su SOLIDAR &amp;&nbsp;<a href=\"https:\/\/www.feps-europe.eu\/about.html\">FEPS<\/a>&nbsp;te procjenjuje stanje socijalnih prava u razli\u010ditim europskim zemljama. Izdanje 20221 pokriva 16 zemalja u Europi: 13 zemalja EU \u2013&nbsp;<strong>Bugarska, Hrvatska, \u010ce\u0161ka, Danska, Estonija, Francuska, Njema\u010dka, Gr\u010dka, Ma\u0111arska, Italija, Luksemburg, \u0160panjolska i Nizozemska<\/strong>&nbsp;\u2013 2 zemlje kandidatkinje \u2013&nbsp;<strong>Sjeverna Makedonija i Srbija<\/strong>\u2013 i&nbsp;<strong>Ujedinjeno Kraljevstvo<\/strong>.&nbsp;&nbsp;<\/p>\n\n\n\n<p>\u010clanovi i partneri SOLIDAR-a stvorili su 16 Nacionalnih strate\u0161kih skupina (NSG), po jednu u svakoj od zemalja obuhva\u0107enih Monitorom, sastavljenih od stru\u010dnjaka iz organizacija civilnog dru\u0161tva, sindikata i akademske zajednice. Monitor socijalnih prava razvijen je na temelju njihovih promatranja s terena i dopunjen statisti\u010dkim podacima i znanstvenim nalazima. Monitor stoga tako\u0111er odra\u017eava stru\u010dnost civilnog dru\u0161tva koje se bori za socijalnu pravdu u Europi i predstavlja vrijednu bazu dokaza za kreiranje politika.<\/p>\n\n\n\n<p>Tako\u0111er mo\u017eete pogledati <a href=\"https:\/\/www.solidar.org\/publications-page\/social-rights-monitor-2021-the-state-of-social-rights-in-europe\/#:~:text=The%20Social%20Rights%20Monitor%20has,valuable%20evidence%20base%20for%20policymaking.\" data-type=\"URL\" data-id=\"https:\/\/www.solidar.org\/en\/publications\/social-rights-monitor-2021-country-monitors\"><\/a><a href=\"https:\/\/www.solidar.org\/publications-page\/social-rights-monitor-2021-the-state-of-social-rights-in-europe\/#:~:text=The%20Social%20Rights%20Monitor%20has,valuable%20evidence%20base%20for%20policymaking.\" data-type=\"link\" data-id=\"https:\/\/www.solidar.org\/publications-page\/social-rights-monitor-2021-the-state-of-social-rights-in-europe\/#:~:text=The%20Social%20Rights%20Monitor%20has,valuable%20evidence%20base%20for%20policymaking.\">odvojena izvje\u0161\u0107a o zemljama na engleskom jeziku i prijevode na mnoge jezike zemalja<\/a>.<\/p>\n\n\n\n<div class=\"wp-block-buttons is-layout-flex wp-block-buttons-is-layout-flex\">\n<div class=\"wp-block-button has-custom-font-size has-small-font-size\"><a class=\"wp-block-button__link has-background wp-element-button\" href=\"https:\/\/www.solidar.org\/wp-content\/uploads\/2024\/02\/social_rights_monitor_2021.pdf\" style=\"background-color:#860000\">PRO\u010cITAJTE PUBLIKACIJU<\/a><\/div>\n<\/div>\n<\/div><\/div>\n\n\n\n<hr class=\"wp-block-separator has-text-color has-black-color has-alpha-channel-opacity has-black-background-color has-background is-style-wide\"\/>\n\n\n\n<hr class=\"wp-block-separator has-text-color has-cyan-bluish-gray-color has-alpha-channel-opacity has-cyan-bluish-gray-background-color has-background is-style-wide\"\/>\n\n\n\n<div class=\"wp-block-buttons is-layout-flex wp-block-buttons-is-layout-flex\"><\/div>\n\n\n\n<div class=\"wp-block-media-text alignwide is-stacked-on-mobile\" style=\"grid-template-columns:15% auto\"><figure class=\"wp-block-media-text__media\"><a href=\"https:\/\/www.solidar.org\/system\/downloads\/attachments\/000\/001\/210\/original\/SRM2020_ALL_R3_online_EC.pdf?1608289382\"><img loading=\"lazy\" decoding=\"async\" width=\"214\" height=\"300\" src=\"https:\/\/srm.solidar.org\/wp-content\/uploads\/2023\/05\/Social-Rights-Monitor-2020-1-214x300.png\" alt=\"\" class=\"wp-image-740 size-medium\" srcset=\"https:\/\/srm.solidar.org\/wp-content\/uploads\/2023\/05\/Social-Rights-Monitor-2020-1-214x300.png 214w, https:\/\/srm.solidar.org\/wp-content\/uploads\/2023\/05\/Social-Rights-Monitor-2020-1-9x12.png 9w, https:\/\/srm.solidar.org\/wp-content\/uploads\/2023\/05\/Social-Rights-Monitor-2020-1-17x24.png 17w, https:\/\/srm.solidar.org\/wp-content\/uploads\/2023\/05\/Social-Rights-Monitor-2020-1-26x36.png 26w, https:\/\/srm.solidar.org\/wp-content\/uploads\/2023\/05\/Social-Rights-Monitor-2020-1-34x48.png 34w, https:\/\/srm.solidar.org\/wp-content\/uploads\/2023\/05\/Social-Rights-Monitor-2020-1.png 595w\" sizes=\"auto, (max-width: 214px) 100vw, 214px\" \/><\/a><\/figure><div class=\"wp-block-media-text__content\">\n<h3 class=\"wp-block-heading\">Monitor socijalnih prava 2020<\/h3>\n\n\n\n<p>Drugo izdanje Monitora socijalnih prava pru\u017ea uvid u stanje socijalnih prava u razli\u010ditim europskim zemljama. Ovo izdanje izvje\u0161tava o 14 zemalja Europske unije \u2013<strong>&nbsp;Belgija, Bugarska, Hrvatska, \u010ce\u0161ka, Danska, Estonija, Francuska, Njema\u010dka, Gr\u010dka, Ma\u0111arska, Italija, Slova\u010dka, \u0160panjolska i Nizozemska<\/strong>; dvije zemlje kandidatkinje \u2013&nbsp;<strong>Srbija i Sjeverna Makedonija<\/strong>; i jedna \u010dlanica koja je napustila EU 2020&nbsp;<strong>Ujedinjeno Kraljevstvo<\/strong>.<\/p>\n\n\n\n<p>Monitor 2020. ocjenjuje stanje socijalne Europe u pogledu jednakih mogu\u0107nosti, pravednih uvjeta rada, socijalne za\u0161tite, uklju\u010denosti i gra\u0111anskog prostora. To \u010dini na temelju opa\u017eanja Nacionalnih strate\u0161kih skupina (NSG) koje je u svakoj od 17 zemalja uspostavio \u010dlan ili partner SOLIDAR-a. Ove skupine udru\u017euju stru\u010dnost organizacija civilnog dru\u0161tva, akademika i stru\u010dnjaka na tom podru\u010dju i podupiru to statisti\u010dkim podacima i znanstvenim nalazima.<\/p>\n\n\n\n<p>Tako\u0111er mo\u017eete pogledati <a href=\"https:\/\/www.solidar.org\/publications-page\/social-rights-monitor-2020-and-country-reports\/\" data-type=\"link\" data-id=\"https:\/\/www.solidar.org\/publications-page\/social-rights-monitor-2020-and-country-reports\/\">odvojena izvje\u0161\u0107a o zemljama na engleskom jeziku i prijevode na mnoge jezike zemalja.<\/a><\/p>\n\n\n\n<div class=\"wp-block-buttons is-layout-flex wp-block-buttons-is-layout-flex\">\n<div class=\"wp-block-button has-custom-font-size has-small-font-size\"><a class=\"wp-block-button__link has-background wp-element-button\" href=\"https:\/\/www.solidar.org\/wp-content\/uploads\/2024\/02\/srm2020_all_r3_online_ec.pdf\" style=\"background-color:#860000\">PRO\u010cITAJTE PUBLIKACIJU<\/a><\/div>\n<\/div>\n\n\n\n<p><\/p>\n<\/div><\/div>\n\n\n\n<hr class=\"wp-block-separator has-text-color has-white-color has-alpha-channel-opacity has-white-background-color has-background is-style-wide\"\/>\n\n\n\n<hr class=\"wp-block-separator has-alpha-channel-opacity is-style-wide\"\/>\n\n\n\n<div class=\"wp-block-media-text alignwide is-stacked-on-mobile\" style=\"grid-template-columns:15% auto\"><figure class=\"wp-block-media-text__media\"><a href=\"https:\/\/www.solidar.org\/system\/downloads\/attachments\/000\/001\/001\/original\/SRM_2019_Full_NO_BLANKS.pdf?1573578205\"><img loading=\"lazy\" decoding=\"async\" width=\"592\" height=\"837\" src=\"https:\/\/srm.solidar.org\/wp-content\/uploads\/2023\/05\/Social-Rights-Monitor-2019.png\" alt=\"\" class=\"wp-image-748 size-medium\" srcset=\"https:\/\/srm.solidar.org\/wp-content\/uploads\/2023\/05\/Social-Rights-Monitor-2019.png 592w, https:\/\/srm.solidar.org\/wp-content\/uploads\/2023\/05\/Social-Rights-Monitor-2019-212x300.png 212w, https:\/\/srm.solidar.org\/wp-content\/uploads\/2023\/05\/Social-Rights-Monitor-2019-8x12.png 8w, https:\/\/srm.solidar.org\/wp-content\/uploads\/2023\/05\/Social-Rights-Monitor-2019-17x24.png 17w, https:\/\/srm.solidar.org\/wp-content\/uploads\/2023\/05\/Social-Rights-Monitor-2019-25x36.png 25w, https:\/\/srm.solidar.org\/wp-content\/uploads\/2023\/05\/Social-Rights-Monitor-2019-34x48.png 34w\" sizes=\"auto, (max-width: 592px) 100vw, 592px\" \/><\/a><\/figure><div class=\"wp-block-media-text__content\">\n<h3 class=\"wp-block-heading\">Monitor socijalnih prava 2019<\/h3>\n\n\n\n<p>Prvo izdanje Monitora socijalnih prava donosi uvid u stanje socijalnih prava u 16 europskih zemalja: 15 iz Europske unije \u2013 <strong>Austrija, Bugarska, Hrvatska, \u010ce\u0161ka, Estonija, Francuska, Njema\u010dka, Gr\u010dka, Ma\u0111arska, Italija, Rumunjska, Slova\u010dka, \u0160panjolska, Nizozemska, Ujedinjeno Kraljevstvo<\/strong> \u2013 i jedna dr\u017eava kandidatkinja, <strong>Srbija<\/strong>. Monitor procjenjuje stanje socijalne Europe u pogledu jednakih mogu\u0107nosti, pravednih uvjeta rada, socijalne za\u0161tite, uklju\u010denosti i gra\u0111anskog prostora na temelju promatranja organizacija civilnog dru\u0161tva koje djeluju na terenu u kombinaciji sa statisti\u010dkim podacima i znanstvenim spoznajama. <\/p>\n\n\n\n<p>Tako\u0111er mo\u017eete pogledati <a href=\"https:\/\/www.solidar.org\/publications-page\/social-rights-monitor-2019\/\">dostupna su zasebna izvje\u0161\u0107a o zemljama i prijevodi na francuski, talijanski, njema\u010dki i \u0161panjolski.<\/a><\/p>\n\n\n\n<div class=\"wp-block-buttons is-layout-flex wp-block-buttons-is-layout-flex\">\n<div class=\"wp-block-button has-custom-font-size has-small-font-size\"><a class=\"wp-block-button__link has-background wp-element-button\" href=\"https:\/\/www.solidar.org\/wp-content\/uploads\/2024\/02\/srm_2019_full_no_blanks.pdf\" style=\"background-color:#860000\">PRO\u010cITAJTE PUBLIKACIJU<\/a><\/div>\n<\/div>\n\n\n\n<p><\/p>\n<\/div><\/div>\n\n\n\n<p><\/p>\n<\/div>\n\n\n\n<hr class=\"wp-block-separator has-alpha-channel-opacity\"\/>\n\n\n\n<hr class=\"wp-block-separator has-text-color has-white-color has-alpha-channel-opacity has-white-background-color has-background is-style-wide\"\/>","protected":false},"excerpt":{"rendered":"<p>Social Rights Monitor This section collects the Past Editions of the Social Rights Monitor, which have been published in the format of reports since 2019. In 2022, no edition was published as SOLIDAR dedicated the year to revise the methodology for the data collection and visualisation. The 2023 Social Rights Monitor will be the first &hellip;<\/p>","protected":false},"author":2,"featured_media":0,"parent":0,"menu_order":0,"comment_status":"closed","ping_status":"closed","template":"","meta":{"_acf_changed":false,"footnotes":""},"class_list":["post-421","page","type-page","status-publish","hentry"],"acf":[],"_links":{"self":[{"href":"https:\/\/srm.solidar.org\/hr\/wp-json\/wp\/v2\/pages\/421","targetHints":{"allow":["GET"]}}],"collection":[{"href":"https:\/\/srm.solidar.org\/hr\/wp-json\/wp\/v2\/pages"}],"about":[{"href":"https:\/\/srm.solidar.org\/hr\/wp-json\/wp\/v2\/types\/page"}],"author":[{"embeddable":true,"href":"https:\/\/srm.solidar.org\/hr\/wp-json\/wp\/v2\/users\/2"}],"replies":[{"embeddable":true,"href":"https:\/\/srm.solidar.org\/hr\/wp-json\/wp\/v2\/comments?post=421"}],"version-history":[{"count":0,"href":"https:\/\/srm.solidar.org\/hr\/wp-json\/wp\/v2\/pages\/421\/revisions"}],"wp:attachment":[{"href":"https:\/\/srm.solidar.org\/hr\/wp-json\/wp\/v2\/media?parent=421"}],"curies":[{"name":"wp","href":"https:\/\/api.w.org\/{rel}","templated":true}]}}