{"id":423,"date":"2023-02-13T16:58:29","date_gmt":"2023-02-13T16:58:29","guid":{"rendered":"https:\/\/srm.solidar.org\/?page_id=423"},"modified":"2024-08-08T13:59:10","modified_gmt":"2024-08-08T13:59:10","slug":"equal-opportunities-and-access-to-the-labour-market","status":"publish","type":"page","link":"https:\/\/srm.solidar.org\/hr\/equal-opportunities-and-access-to-the-labour-market\/","title":{"rendered":"Jednake mogu\u0107nosti i pristup tr\u017ei\u0161tu rada"},"content":{"rendered":"<h2 class=\"wp-block-heading\">Jednake mogu\u0107nosti i pristup tr\u017ei\u0161tu rada<\/h2>\n\n\n\n<div class=\"wp-block-columns is-layout-flex wp-container-core-columns-is-layout-9d6595d7 wp-block-columns-is-layout-flex\">\n<div class=\"wp-block-column is-layout-flow wp-block-column-is-layout-flow\">\n<p>Ova je tema razvijena u 1. poglavlju Europskog stupa socijalnih prava. Analizira politike i mjere koje su uspostavile europske zemlje kako bi osigurale da marginalizirane skupine imaju jednake mogu\u0107nosti sudjelovanja u dru\u0161tvu, uklju\u010duju\u0107i \u2013 ali ne ograni\u010davaju\u0107i se na \u2013 putem tr\u017ei\u0161ta rada. Putem upitnika Social Rights Monitor procjenjujemo sljede\u0107e za svaku zemlju:<\/p>\n\n\n\n<ul class=\"wp-block-list\">\n<li>Ulaganje u sustav socijalne skrbi<\/li>\n\n\n\n<li>Ravnopravnost spolova<\/li>\n\n\n\n<li>Obrazovanje, osposobljavanje i cjelo\u017eivotno u\u010denje<\/li>\n\n\n\n<li>Uklju\u010divanje migranata, izbjeglica i tra\u017eitelja azila i drugih skupina u ranjivoj situaciji<\/li>\n\n\n\n<li>Zapo\u0161ljavanje mladih<\/li>\n<\/ul>\n\n\n\n<p><\/p>\n<\/div>\n\n\n\n<div class=\"wp-block-column is-layout-flow wp-block-column-is-layout-flow\">\n<p>Intersekcijske perspektive \u2013 kao \u0161to je rodna \u2013 usmjerene na procjenu utjecaja politika na marginalizirane skupine nisu ograni\u010dene na ovaj odjeljak Monitora, ve\u0107 su uklju\u010dene u cijeli SRM.<\/p>\n<\/div>\n<\/div>","protected":false},"excerpt":{"rendered":"<p>Equal opportunities and access to the labour market This theme is developed in Chapter 1 of the European Pillar of Social Rights. It analyses the policies and measures put in place by European countries to ensure that marginalised groups have equal opportunities to participate in society, including \u2013 but not limited to \u2013 through the &hellip;<\/p>","protected":false},"author":2,"featured_media":0,"parent":0,"menu_order":0,"comment_status":"closed","ping_status":"closed","template":"","meta":{"_acf_changed":false,"footnotes":""},"class_list":["post-423","page","type-page","status-publish","hentry"],"acf":[],"_links":{"self":[{"href":"https:\/\/srm.solidar.org\/hr\/wp-json\/wp\/v2\/pages\/423","targetHints":{"allow":["GET"]}}],"collection":[{"href":"https:\/\/srm.solidar.org\/hr\/wp-json\/wp\/v2\/pages"}],"about":[{"href":"https:\/\/srm.solidar.org\/hr\/wp-json\/wp\/v2\/types\/page"}],"author":[{"embeddable":true,"href":"https:\/\/srm.solidar.org\/hr\/wp-json\/wp\/v2\/users\/2"}],"replies":[{"embeddable":true,"href":"https:\/\/srm.solidar.org\/hr\/wp-json\/wp\/v2\/comments?post=423"}],"version-history":[{"count":0,"href":"https:\/\/srm.solidar.org\/hr\/wp-json\/wp\/v2\/pages\/423\/revisions"}],"wp:attachment":[{"href":"https:\/\/srm.solidar.org\/hr\/wp-json\/wp\/v2\/media?parent=423"}],"curies":[{"name":"wp","href":"https:\/\/api.w.org\/{rel}","templated":true}]}}