{"id":429,"date":"2023-02-13T16:59:25","date_gmt":"2023-02-13T16:59:25","guid":{"rendered":"https:\/\/srm.solidar.org\/?page_id=429"},"modified":"2024-08-08T14:06:16","modified_gmt":"2024-08-08T14:06:16","slug":"civic-space","status":"publish","type":"page","link":"https:\/\/srm.solidar.org\/hr\/civic-space\/","title":{"rendered":"Prostor za djelovanje civilnog dru\u0161tva"},"content":{"rendered":"<h2 class=\"wp-block-heading\">Prostor za djelovanje civilnog dru\u0161tva<\/h2>\n\n\n\n<div class=\"wp-block-columns is-layout-flex wp-container-core-columns-is-layout-9d6595d7 wp-block-columns-is-layout-flex\">\n<div class=\"wp-block-column is-layout-flow wp-block-column-is-layout-flow\">\n<p>U okviru Monitora dru\u0161tvenih prava, gra\u0111anski prostor tuma\u010dimo kao prostor koji omogu\u0107uje u kojem organizirano civilno dru\u0161tvo i gra\u0111ani sudjeluju u kreiranju politika. Oni to mogu zahvaljuju\u0107i jamstvu i za\u0161titi sljede\u0107ih elemenata:<\/p>\n\n\n\n<ul class=\"wp-block-list\">\n<li>Omogu\u0107uju\u0107i prostor za organizacije civilnog dru\u0161tva<\/li>\n\n\n\n<li>Uklju\u010denost OCD-ova u gra\u0111anski dijalog<\/li>\n<\/ul>\n\n\n\n<p>S obzirom na drugu to\u010dku, tako\u0111er procjenjujemo je li civilno dru\u0161tvo smisleno uklju\u010deno u proces Europskog semestra. Za zemlje kandidate za \u010dlanstvo u EU pratimo uklju\u010denost organizacija civilnog dru\u0161tva u reforme potrebne za proces pristupanja.<\/p>\n\n\n\n<p><\/p>\n<\/div>\n\n\n\n<div class=\"wp-block-column is-layout-flow wp-block-column-is-layout-flow\">\n<p>Smatramo da je gra\u0111anski prostor bitan za ostvarenje dru\u0161tvene Europe. Civilno dru\u0161tvo klju\u010dno je za demokraciju i za ja\u010danje glasa ljudi koji su ve\u0107ina<a> <\/a>zapu\u0161tena<a href=\"https:\/\/srm.solidar.org\/wp-admin\/post.php?post=429&amp;action=edit#_msocom_3\">. <\/a>Sam Monitor socijalnih prava temelji se na inputima organizacija civilnog dru\u0161tva i oslanja se na njihove privilegirane perspektive o potrebama marginaliziranih skupina i stanju uklju\u010denosti na nacionalnoj razini. &nbsp;<\/p>\n<\/div>\n<\/div>","protected":false},"excerpt":{"rendered":"<p>Civic Space In the framework of the Social Rights Monitor, we interpret civic space as an enabling space in which organised civil society and citizens participate in policymaking. They can do this thanks to the guarantee and protection of the following elements: With reference to the second point, we also assess whether civil society is &hellip;<\/p>","protected":false},"author":2,"featured_media":0,"parent":0,"menu_order":0,"comment_status":"closed","ping_status":"closed","template":"","meta":{"_acf_changed":false,"footnotes":""},"class_list":["post-429","page","type-page","status-publish","hentry"],"acf":[],"_links":{"self":[{"href":"https:\/\/srm.solidar.org\/hr\/wp-json\/wp\/v2\/pages\/429","targetHints":{"allow":["GET"]}}],"collection":[{"href":"https:\/\/srm.solidar.org\/hr\/wp-json\/wp\/v2\/pages"}],"about":[{"href":"https:\/\/srm.solidar.org\/hr\/wp-json\/wp\/v2\/types\/page"}],"author":[{"embeddable":true,"href":"https:\/\/srm.solidar.org\/hr\/wp-json\/wp\/v2\/users\/2"}],"replies":[{"embeddable":true,"href":"https:\/\/srm.solidar.org\/hr\/wp-json\/wp\/v2\/comments?post=429"}],"version-history":[{"count":0,"href":"https:\/\/srm.solidar.org\/hr\/wp-json\/wp\/v2\/pages\/429\/revisions"}],"wp:attachment":[{"href":"https:\/\/srm.solidar.org\/hr\/wp-json\/wp\/v2\/media?parent=429"}],"curies":[{"name":"wp","href":"https:\/\/api.w.org\/{rel}","templated":true}]}}