{"id":431,"date":"2023-02-13T16:59:43","date_gmt":"2023-02-13T16:59:43","guid":{"rendered":"https:\/\/srm.solidar.org\/?page_id=431"},"modified":"2024-08-08T13:55:49","modified_gmt":"2024-08-08T13:55:49","slug":"just-transition-page","status":"publish","type":"page","link":"https:\/\/srm.solidar.org\/hr\/just-transition-page\/","title":{"rendered":"Socijalno pravedna zelena tranzicija"},"content":{"rendered":"<h2 class=\"wp-block-heading\">Socijalno pravedna zelena tranzicija<\/h2>\n\n\n\n<div class=\"wp-block-columns is-layout-flex wp-container-core-columns-is-layout-9d6595d7 wp-block-columns-is-layout-flex\">\n<div class=\"wp-block-column is-layout-flow wp-block-column-is-layout-flow\">\n<p>Ljudi u ranjivim situacijama \u2013 zbog \u010dimbenika kao \u0161to su socio-ekonomski status, zemljopis, dob i spol \u2013 relativno su vi\u0161e izlo\u017eeni utjecajima klimatskih promjena i degradacije okoli\u0161a. Istodobno, socioekonomske nejednakosti su me\u0111u temeljnim uzrocima klimatske krize: bogatiji segmenti stanovni\u0161tva zaga\u0111uju daleko vi\u0161e od siroma\u0161nijih, na primjer.<\/p>\n\n\n\n<p>Stoga se ekolo\u0161ka tranzicija mora istodobno baviti ekolo\u0161kim, ekonomskim i dru\u0161tvenim pitanjima. U SOLIDAR-u definiramo &quot;socijalno pravednu zelenu tranziciju&quot; kao stavljanje ljudi i socijalne pravde u sredi\u0161te klimatskih i ekolo\u0161kih politika. U Monitoru socijalnih prava nastojimo procijeniti u kojoj mjeri nacionalne mjere za provedbu zelene tranzicije tako\u0111er poti\u010du socijalnu pravdu, jednakost i uklju\u010divost.<\/p>\n\n\n\n<p>.<\/p>\n<\/div>\n\n\n\n<div class=\"wp-block-column is-layout-flow wp-block-column-is-layout-flow\">\n<p>Postoje razli\u010dite dru\u0161tvene dimenzije ekolo\u0161ke tranzicije. Me\u0111utim, za Social Rights Monitor odlu\u010dili smo se usredoto\u010diti na sljede\u0107a \u010detiri podru\u010dja, jer su njihove veze sa socijalnim pravima jasne:<\/p>\n\n\n\n<ul class=\"wp-block-list\">\n<li>Kvaliteta poslova u zelenoj tranziciji<\/li>\n\n\n\n<li>Pristup energiji i energetsko siroma\u0161tvo<\/li>\n\n\n\n<li>Pristup odr\u017eivoj mobilnosti i prometno siroma\u0161tvo<\/li>\n<\/ul>\n\n\n\n<p>Pod kvalitetom poslova mislimo na ono \u0161to ILO naziva &quot;pristojnim poslovima koji doprinose o\u010duvanju ili obnovi okoli\u0161a&quot;. <\/p>\n<\/div>\n<\/div>","protected":false},"excerpt":{"rendered":"<p>Just Transition People in vulnerable situations \u2013 due to factors such as socio-economic status, geography, age and gender \u2013 are relatively more exposed to the impacts of climate change and environmental degradation. At the same time, socio-economic inequalities are among the root causes of the climate crisis: richer segments of the population pollute far more &hellip;<\/p>","protected":false},"author":2,"featured_media":0,"parent":0,"menu_order":0,"comment_status":"closed","ping_status":"closed","template":"","meta":{"_acf_changed":false,"footnotes":""},"class_list":["post-431","page","type-page","status-publish","hentry"],"acf":[],"_links":{"self":[{"href":"https:\/\/srm.solidar.org\/hr\/wp-json\/wp\/v2\/pages\/431","targetHints":{"allow":["GET"]}}],"collection":[{"href":"https:\/\/srm.solidar.org\/hr\/wp-json\/wp\/v2\/pages"}],"about":[{"href":"https:\/\/srm.solidar.org\/hr\/wp-json\/wp\/v2\/types\/page"}],"author":[{"embeddable":true,"href":"https:\/\/srm.solidar.org\/hr\/wp-json\/wp\/v2\/users\/2"}],"replies":[{"embeddable":true,"href":"https:\/\/srm.solidar.org\/hr\/wp-json\/wp\/v2\/comments?post=431"}],"version-history":[{"count":0,"href":"https:\/\/srm.solidar.org\/hr\/wp-json\/wp\/v2\/pages\/431\/revisions"}],"wp:attachment":[{"href":"https:\/\/srm.solidar.org\/hr\/wp-json\/wp\/v2\/media?parent=431"}],"curies":[{"name":"wp","href":"https:\/\/api.w.org\/{rel}","templated":true}]}}