{"id":417,"date":"2023-02-13T16:57:14","date_gmt":"2023-02-13T16:57:14","guid":{"rendered":"https:\/\/srm.solidar.org\/?page_id=417"},"modified":"2023-05-08T10:06:19","modified_gmt":"2023-05-08T10:06:19","slug":"solidar","status":"publish","type":"page","link":"https:\/\/srm.solidar.org\/it\/solidar\/","title":{"rendered":"Solidar"},"content":{"rendered":"<h2 class=\"wp-block-heading\">Che cos'\u00e8 Solidar<\/h2>\n\n\n\n<div class=\"wp-block-columns is-layout-flex wp-container-core-columns-is-layout-9d6595d7 wp-block-columns-is-layout-flex\">\n<div class=\"wp-block-column is-layout-flow wp-block-column-is-layout-flow\">\n<p><\/p>\n<\/div>\n<\/div>\n\n\n\n<div class=\"wp-block-columns is-layout-flex wp-container-core-columns-is-layout-9d6595d7 wp-block-columns-is-layout-flex\">\n<div class=\"wp-block-column is-layout-flow wp-block-column-is-layout-flow\">\n<p><strong>SOLIDAR \u00e8 una rete europea di organizzazioni progressiste della societ\u00e0 civile (OSC) che lavorano per promuovere la giustizia sociale attraverso una transizione giusta in Europa e nel mondo. Rappresentiamo oltre&nbsp;<a href=\"http:\/\/www.solidar.org\/en\/about-us\/members-and-partners\">50 organizzazioni membri<\/a>&nbsp;con sede in 26 paesi (19 dei quali sono paesi dell\u2019UE), tra cui organizzazioni della societ\u00e0 civile nazionali in Europa, nonch\u00e9 alcune organizzazioni extra-UE e a livello UE, che lavorano in uno o pi\u00f9 dei nostri campi di attivit\u00e0.<\/strong> <\/p>\n<\/div>\n\n\n\n<div class=\"wp-block-column is-layout-flow wp-block-column-is-layout-flow\">\n<p>La rete \u00e8 unita dai valori condivisi di solidariet\u00e0, uguaglianza e partecipazione.<\/p>\n\n\n\n<p>SOLIDAR d\u00e0 voce alle preoccupazioni delle sue organizzazioni aderenti all\u2019UE e alle istituzioni internazionali svolgendo azioni di advocacy, gestione e coordinamento dei progetti, monitoraggio delle politiche e sensibilizzazione nelle sue diverse aree politiche.<\/p>\n<\/div>\n<\/div>\n\n\n\n<iframe src=\"https:\/\/www.google.com\/maps\/d\/u\/0\/embed?mid=1xPDtler32u7ZDXKeFWJSNUh_ynUUM7zd&#038;ehbc=2E312F\" \n style=\"width:100%; height: 750px\"><\/iframe>","protected":false},"excerpt":{"rendered":"<p>Who is Solidar SOLIDAR&nbsp;is a European network of progressive Civil Society Organisations (CSOs) working to advance social justice through a just transition in Europe and worldwide.&nbsp;We represent over&nbsp;50 member organisations&nbsp;based in 26&nbsp;countries (19&nbsp;of which are EU countries), among which national CSOs in Europe, as well as some non-EU and EU-wide organisations, working in one or &hellip;<\/p>","protected":false},"author":2,"featured_media":0,"parent":0,"menu_order":0,"comment_status":"closed","ping_status":"closed","template":"","meta":{"_acf_changed":false,"footnotes":""},"class_list":["post-417","page","type-page","status-publish","hentry"],"acf":[],"_links":{"self":[{"href":"https:\/\/srm.solidar.org\/it\/wp-json\/wp\/v2\/pages\/417","targetHints":{"allow":["GET"]}}],"collection":[{"href":"https:\/\/srm.solidar.org\/it\/wp-json\/wp\/v2\/pages"}],"about":[{"href":"https:\/\/srm.solidar.org\/it\/wp-json\/wp\/v2\/types\/page"}],"author":[{"embeddable":true,"href":"https:\/\/srm.solidar.org\/it\/wp-json\/wp\/v2\/users\/2"}],"replies":[{"embeddable":true,"href":"https:\/\/srm.solidar.org\/it\/wp-json\/wp\/v2\/comments?post=417"}],"version-history":[{"count":0,"href":"https:\/\/srm.solidar.org\/it\/wp-json\/wp\/v2\/pages\/417\/revisions"}],"wp:attachment":[{"href":"https:\/\/srm.solidar.org\/it\/wp-json\/wp\/v2\/media?parent=417"}],"curies":[{"name":"wp","href":"https:\/\/api.w.org\/{rel}","templated":true}]}}