{"id":419,"date":"2023-02-13T16:57:35","date_gmt":"2023-02-13T16:57:35","guid":{"rendered":"https:\/\/srm.solidar.org\/?page_id=419"},"modified":"2025-10-14T13:03:26","modified_gmt":"2025-10-14T13:03:26","slug":"srm","status":"publish","type":"page","link":"https:\/\/srm.solidar.org\/it\/srm\/","title":{"rendered":"SRM"},"content":{"rendered":"<div class=\"wp-block-pb-accordion-item c-accordion__item js-accordion-item no-js is-open\" data-initially-open=\"true\" data-click-to-close=\"true\" data-auto-close=\"true\" data-scroll=\"false\" data-scroll-offset=\"0\"><h2 id=\"at-4190\" class=\"c-accordion__title js-accordion-controller\" role=\"button\">Che cos'\u00e8 l'SRM<\/h2><div id=\"ac-4190\" class=\"c-accordion__content\">\n<div class=\"wp-block-columns is-layout-flex wp-container-core-columns-is-layout-9d6595d7 wp-block-columns-is-layout-flex\">\n<div class=\"wp-block-column is-layout-flow wp-block-column-is-layout-flow\">\n<p>Il Social Rights Monitor valuta l\u2019attuazione del pilastro europeo dei diritti sociali (EPSR) a livello nazionale dal punto di vista della societ\u00e0 civile. Il pilastro sociale \u2013 noto anche come pilastro sociale \u2013 \u00e8 un insieme di 20 principi che guidano l\u2019azione dell\u2019Unione europea nel campo degli affari e delle politiche sociali. In altre parole, vuole essere una bussola che guida l\u2019UE verso un\u2019Europa pi\u00f9 sociale. Per troppe persone, tuttavia, l\u2019attuazione di questi principi a livello nazionale e comunitario non \u00e8 ancora una realt\u00e0.<\/p>\n\n\n\n<p>Grazie al contributo dei nostri membri e delle loro reti sul campo (i Gruppi strategici nazionali), SOLIDAR monitora il grado in cui i diritti sociali vengono rispettati, sostenuti e promossi per tutte le persone che vivono nell\u2019UE. Il Social Rights Monitor indaga anche sullo stato di salute dello spazio civico e del dialogo sociale e civile nell\u2019UE, nonch\u00e9 sulla misura in cui viene perseguita una transizione giusta. Pertanto, le aree tematiche oggetto del Monitor sono le seguenti: Pari opportunit\u00e0 e accesso al mercato del lavoro; Condizioni di lavoro eque; Inclusione e protezione sociale; una transizione giusta; e spazio civico. I primi tre corrispondono ai tre capitoli del pilastro, mentre gli ultimi due sono stati aggiunti per fornire un quadro pi\u00f9 completo della giustizia sociale in Europa.<\/p>\n\n\n\n<p>Grazie ai dati di prima mano raccolti dalle organizzazioni nazionali della societ\u00e0 civile, il Social Rights Monitor costituisce un canale diretto di raccomandazioni politiche tra il livello nazionale e i responsabili politici dell\u2019UE. Amplifica cos\u00ec le voci e i bisogni dei gruppi pi\u00f9 emarginati. L\u2019Osservatorio dedica una sezione ai \u201cmessaggi di advocacy\u201d che risultano dalle analisi a livello nazionale in ciascuna area tematica e sono rivolti ai policy maker dell\u2019UE.<\/p>\n<\/div>\n\n\n\n<div class=\"wp-block-column is-layout-flow wp-block-column-is-layout-flow\">\n<p>Ai Paesi viene assegnato un punteggio per ogni area tematica su un massimo di 100 punti. Ci\u00f2 rende immediatamente visibile il rendimento di ciascun Paese in ogni area e consente il confronto con altri Paesi. I punteggi numerici derivano dalle valutazioni dei Gruppi strategici nazionali (Gsn) sugli sviluppi nazionali in materia di diritti sociali, spazio civico e giusta transizione. Gli sviluppi negativi in un'area comportano punteggi pi\u00f9 bassi. I Gruppi strategici nazionali valutano questi sviluppi per ciascun Paese rispondendo alle domande della scala Linkert. Ci\u00f2 significa che il punteggio dell'area tematica di un Paese \u00e8 dato dalla somma di tutte le percentuali date alle domande relative a quell'area tematica ed esprime il punteggio su 100. Il punteggio complessivo di un Paese \u00e8 dato dalla somma di tutte le percentuali date alle domande relative a quell'area tematica. Il punteggio complessivo di un Paese \u00e8 la media dei punteggi delle aree tematiche. Ulteriori dettagli sul questionario e sulla raccolta dei dati sono forniti nella sezione \"Informazioni: Qual \u00e8 il processo?\". <\/p>\n\n\n\n<p>Since the SRM score reflects the NSG\u2019s assessment of changes\u2014either improvements or deteriorations\u2014in each of the five areas over the past 12 months, it does not represent the overall status of these dimensions in absolute terms. Instead, it highlights recent trends. For example, a country with a historically strong welfare state might receive a low score if recent reforms have significantly weakened social rights or pose a risk of doing so. This does not imply that the overall situation is poor, but rather that recent developments are cause for concern and may undermine social standards over time.<br>Therefore, the SRM should not be used to compare the overall situation of social rights across countries\u2014official statistics are more appropriate for that purpose. Instead, it serves as a tool to track short-term national trends and to understand the perspectives of civil society organizations (CSOs) on these developments.<\/p>\n<\/div>\n<\/div>\n<\/div><\/div>\n\n\n\n<div class=\"wp-block-pb-accordion-item c-accordion__item js-accordion-item no-js\" data-initially-open=\"false\" data-click-to-close=\"true\" data-auto-close=\"true\" data-scroll=\"false\" data-scroll-offset=\"0\"><h2 id=\"at-4191\" class=\"c-accordion__title js-accordion-controller\" role=\"button\">Come si articola il processo<\/h2><div id=\"ac-4191\" class=\"c-accordion__content\">\n<div class=\"wp-block-columns is-layout-flex wp-container-core-columns-is-layout-9d6595d7 wp-block-columns-is-layout-flex\">\n<div class=\"wp-block-column is-layout-flow wp-block-column-is-layout-flow\">\n<p>Il Social Rights Monitor \u00e8 uno strumento che amplifica la voce della societ\u00e0 civile progressista a livello nazionale. Il suo contenuto si basa sugli input forniti dai Gruppi strategici nazionali (NSG) istituiti dai membri e dai partner di SOLIDAR, attivi nei paesi analizzati. Sono costituiti da ONG, associazioni, movimenti, sindacati, mondo accademico e think tank, garantendo che la prospettiva della societ\u00e0 civile si rispecchi nell&#039;analisi del Social Rights Monitor. L\u2019Osservatorio riflette le esperienze di queste organizzazioni, attive sul campo, e le esperienze sono integrate da dati scientifici raccolti attraverso ricerche documentali.<\/p>\n\n\n\n<p><\/p>\n<\/div>\n\n\n\n<div class=\"wp-block-column is-layout-flow wp-block-column-is-layout-flow\">\n<p>I dati elaborati nel Social Rights Monitor vengono raccolti dalla segreteria di SOLIDAR attraverso un questionario distribuito ai Leader dei Gruppi di Strategia Nazionale (i nostri membri nazionali) e completato con le informazioni prodotte da ciascun gruppo. Dal 2023 tale questionario viene svolto online.<\/p>\n\n\n\n<p>Sulla base del quadro che emerge dal Monitor, SOLIDAR e gli NSG elaborano insieme raccomandazioni politiche per i responsabili politici dell\u2019UE. L\u2019obiettivo \u00e8 far s\u00ec che i diritti sociali, un pianeta sano e uno spazio civico abilitante, libero e protetto diventino una realt\u00e0 per tutti in Europa. Le raccomandazioni chiave derivanti dall&#039;analisi vengono utilizzate come base per il lavoro di sensibilizzazione sugli affari sociali di SOLIDAR.<\/p>\n\n\n\n<p>L'SRM viene pubblicato ogni anno, verso la fine di novembre\/inizio dicembre, e i suoi risultati coprono il periodo che va da giugno dell'anno precedente a maggio dell'anno di pubblicazione. Questa tempistica \u00e8 dovuta al fatto che i NSG inviano il loro questionario entro la fine di maggio dell'anno di pubblicazione. <\/p>\n<\/div>\n<\/div>\n<\/div><\/div>\n\n\n\n<div class=\"wp-block-pb-accordion-item c-accordion__item js-accordion-item no-js\" data-initially-open=\"false\" data-click-to-close=\"true\" data-auto-close=\"true\" data-scroll=\"false\" data-scroll-offset=\"0\"><h2 id=\"at-4192\" class=\"c-accordion__title js-accordion-controller\" role=\"button\">Qual \u00e8 il suo obiettivo<\/h2><div id=\"ac-4192\" class=\"c-accordion__content\">\n<div class=\"wp-block-columns is-layout-flex wp-container-core-columns-is-layout-9d6595d7 wp-block-columns-is-layout-flex\">\n<div class=\"wp-block-column is-layout-flow wp-block-column-is-layout-flow\">\n<p>Il ruolo principale di SOLIDAR come rete della societ\u00e0 civile a livello europeo \u00e8 quello di ponte tra le istituzioni dell&#039;UE e le loro politiche da un lato e i nostri membri progressisti che lavorano a livello nazionale dall&#039;altro. Il Social Rights Monitor \u00e8 uno strumento prezioso per raccogliere informazioni dal campo e portarle all&#039;attenzione dei responsabili politici. Ci\u00f2 garantisce che le voci dei gruppi sociali pi\u00f9 trascurati siano debitamente prese in considerazione. Ad esempio, l\u2019SRM integra il semestre europeo, fornendo una valutazione pi\u00f9 completa delle politiche degli Stati membri. Purtroppo, il semestre \u00e8 ancora troppo focalizzato sulle performance economiche e finanziarie dei paesi e non fornisce indicazioni sufficienti sulla convergenza sociale verso l\u2019alto nell\u2019Unione europea.<\/p>\n\n\n\n<p><\/p>\n<\/div>\n\n\n\n<div class=\"wp-block-column is-layout-flow wp-block-column-is-layout-flow\">\n<p>SOLIDAR diffonde i risultati del Social Rights Monitor in vari modi, anche attraverso la Social Europe Conference, un evento annuale in cui viene presentato, e che esplora anche un tema prioritario per l\u2019Europa sociale. Pi\u00f9 in generale, il Monitor \u00e8 uno dei modi principali attraverso cui la rete SOLIDAR presenta le sue posizioni sugli affari sociali, quindi i suoi risultati sono integrati in tutto il nostro lavoro di advocacy.<\/p>\n<\/div>\n<\/div>\n<\/div><\/div>","protected":false},"excerpt":{"rendered":"","protected":false},"author":2,"featured_media":0,"parent":0,"menu_order":0,"comment_status":"closed","ping_status":"closed","template":"","meta":{"_acf_changed":false,"footnotes":""},"class_list":["post-419","page","type-page","status-publish","hentry"],"acf":[],"_links":{"self":[{"href":"https:\/\/srm.solidar.org\/it\/wp-json\/wp\/v2\/pages\/419","targetHints":{"allow":["GET"]}}],"collection":[{"href":"https:\/\/srm.solidar.org\/it\/wp-json\/wp\/v2\/pages"}],"about":[{"href":"https:\/\/srm.solidar.org\/it\/wp-json\/wp\/v2\/types\/page"}],"author":[{"embeddable":true,"href":"https:\/\/srm.solidar.org\/it\/wp-json\/wp\/v2\/users\/2"}],"replies":[{"embeddable":true,"href":"https:\/\/srm.solidar.org\/it\/wp-json\/wp\/v2\/comments?post=419"}],"version-history":[{"count":0,"href":"https:\/\/srm.solidar.org\/it\/wp-json\/wp\/v2\/pages\/419\/revisions"}],"wp:attachment":[{"href":"https:\/\/srm.solidar.org\/it\/wp-json\/wp\/v2\/media?parent=419"}],"curies":[{"name":"wp","href":"https:\/\/api.w.org\/{rel}","templated":true}]}}