{"id":429,"date":"2023-02-13T16:59:25","date_gmt":"2023-02-13T16:59:25","guid":{"rendered":"https:\/\/srm.solidar.org\/?page_id=429"},"modified":"2024-08-08T14:06:16","modified_gmt":"2024-08-08T14:06:16","slug":"civic-space","status":"publish","type":"page","link":"https:\/\/srm.solidar.org\/it\/civic-space\/","title":{"rendered":"Spazio civico"},"content":{"rendered":"<h2 class=\"wp-block-heading\">Spazio civico<\/h2>\n\n\n\n<div class=\"wp-block-columns is-layout-flex wp-container-core-columns-is-layout-9d6595d7 wp-block-columns-is-layout-flex\">\n<div class=\"wp-block-column is-layout-flow wp-block-column-is-layout-flow\">\n<p>Nell'ambito dell'Osservatorio dei diritti sociali, interpretiamo lo spazio civico come uno spazio che consente alla societ\u00e0 civile organizzata e ai cittadini di partecipare alla definizione delle politiche. Possono farlo grazie alla garanzia e alla protezione dei seguenti elementi:<\/p>\n\n\n\n<ul class=\"wp-block-list\">\n<li>Uno spazio favorevole per le organizzazioni della societ\u00e0 civile<\/li>\n\n\n\n<li>Coinvolgimento delle OSC nel dialogo civile<\/li>\n<\/ul>\n\n\n\n<p>In riferimento al secondo punto, valutiamo anche se la societ\u00e0 civile \u00e8 coinvolta in modo significativo nel processo del Semestre europeo. Per i Paesi candidati all'UE, monitoriamo il coinvolgimento delle organizzazioni della societ\u00e0 civile nelle riforme necessarie per il processo di adesione.<\/p>\n\n\n\n<p><\/p>\n<\/div>\n\n\n\n<div class=\"wp-block-column is-layout-flow wp-block-column-is-layout-flow\">\n<p>Consideriamo lo spazio civico essenziale per la realizzazione di un\u2019Europa pi\u00f9 sociale. La societ\u00e0 civile \u00e8 vitale per la democrazia e per amplificare la voce dei pi\u00f9 abbienti<a> <\/a>trascurato<a href=\"https:\/\/srm.solidar.org\/wp-admin\/post.php?post=429&amp;action=edit#_msocom_3\">. <\/a>Lo stesso Social Rights Monitor si basa sui contributi delle organizzazioni della societ\u00e0 civile e si avvale delle loro prospettive privilegiate sui bisogni dei gruppi emarginati e sullo stato di inclusione a livello nazionale. &nbsp;<\/p>\n<\/div>\n<\/div>","protected":false},"excerpt":{"rendered":"<p>Civic Space In the framework of the Social Rights Monitor, we interpret civic space as an enabling space in which organised civil society and citizens participate in policymaking. They can do this thanks to the guarantee and protection of the following elements: With reference to the second point, we also assess whether civil society is &hellip;<\/p>","protected":false},"author":2,"featured_media":0,"parent":0,"menu_order":0,"comment_status":"closed","ping_status":"closed","template":"","meta":{"_acf_changed":false,"footnotes":""},"class_list":["post-429","page","type-page","status-publish","hentry"],"acf":[],"_links":{"self":[{"href":"https:\/\/srm.solidar.org\/it\/wp-json\/wp\/v2\/pages\/429","targetHints":{"allow":["GET"]}}],"collection":[{"href":"https:\/\/srm.solidar.org\/it\/wp-json\/wp\/v2\/pages"}],"about":[{"href":"https:\/\/srm.solidar.org\/it\/wp-json\/wp\/v2\/types\/page"}],"author":[{"embeddable":true,"href":"https:\/\/srm.solidar.org\/it\/wp-json\/wp\/v2\/users\/2"}],"replies":[{"embeddable":true,"href":"https:\/\/srm.solidar.org\/it\/wp-json\/wp\/v2\/comments?post=429"}],"version-history":[{"count":0,"href":"https:\/\/srm.solidar.org\/it\/wp-json\/wp\/v2\/pages\/429\/revisions"}],"wp:attachment":[{"href":"https:\/\/srm.solidar.org\/it\/wp-json\/wp\/v2\/media?parent=429"}],"curies":[{"name":"wp","href":"https:\/\/api.w.org\/{rel}","templated":true}]}}