{"id":431,"date":"2023-02-13T16:59:43","date_gmt":"2023-02-13T16:59:43","guid":{"rendered":"https:\/\/srm.solidar.org\/?page_id=431"},"modified":"2024-08-08T13:55:49","modified_gmt":"2024-08-08T13:55:49","slug":"just-transition-page","status":"publish","type":"page","link":"https:\/\/srm.solidar.org\/it\/just-transition-page\/","title":{"rendered":"Transizione giusta"},"content":{"rendered":"<h2 class=\"wp-block-heading\">Transizione giusta<\/h2>\n\n\n\n<div class=\"wp-block-columns is-layout-flex wp-container-core-columns-is-layout-9d6595d7 wp-block-columns-is-layout-flex\">\n<div class=\"wp-block-column is-layout-flow wp-block-column-is-layout-flow\">\n<p>Le persone in situazioni vulnerabili \u2013 a causa di fattori quali lo stato socioeconomico, la geografia, l\u2019et\u00e0 e il genere \u2013 sono relativamente pi\u00f9 esposte agli impatti dei cambiamenti climatici e del degrado ambientale. Allo stesso tempo, le disuguaglianze socioeconomiche sono tra le cause profonde della crisi climatica: i segmenti pi\u00f9 ricchi della popolazione inquinano molto pi\u00f9 di quelli pi\u00f9 poveri, ad esempio.<\/p>\n\n\n\n<p>Pertanto, la transizione ecologica deve affrontare contemporaneamente le questioni ambientali, economiche e sociali. Noi di SOLIDAR definiamo la \"transizione verde socialmente giusta\" come una transizione che pone le persone e la giustizia sociale al centro delle politiche climatiche e ambientali. Nel Social Rights Monitor ci proponiamo di valutare in che misura le misure nazionali per attuare la transizione verde promuovano anche la giustizia sociale, l'uguaglianza e l'inclusivit\u00e0.<\/p>\n\n\n\n<p>.<\/p>\n<\/div>\n\n\n\n<div class=\"wp-block-column is-layout-flow wp-block-column-is-layout-flow\">\n<p>Ci sono varie dimensioni sociali nella transizione ecologica. Tuttavia, per il Social Rights Monitor, abbiamo deciso di concentrarci sulle seguenti quattro aree, poich\u00e9 i loro collegamenti con i diritti sociali sono chiari:<\/p>\n\n\n\n<ul class=\"wp-block-list\">\n<li>Qualit\u00e0 dei posti di lavoro nella transizione verde<\/li>\n\n\n\n<li>Accesso all\u2019energia e povert\u00e0 energetica<\/li>\n\n\n\n<li>Accesso alla mobilit\u00e0 sostenibile e povert\u00e0 nei trasporti<\/li>\n<\/ul>\n\n\n\n<p>Per qualit\u00e0 del lavoro intendiamo ci\u00f2 che l'ILO definisce \"posti di lavoro dignitosi che contribuiscono a preservare o ripristinare l'ambiente\". <\/p>\n<\/div>\n<\/div>","protected":false},"excerpt":{"rendered":"<p>Just Transition People in vulnerable situations \u2013 due to factors such as socio-economic status, geography, age and gender \u2013 are relatively more exposed to the impacts of climate change and environmental degradation. At the same time, socio-economic inequalities are among the root causes of the climate crisis: richer segments of the population pollute far more &hellip;<\/p>","protected":false},"author":2,"featured_media":0,"parent":0,"menu_order":0,"comment_status":"closed","ping_status":"closed","template":"","meta":{"_acf_changed":false,"footnotes":""},"class_list":["post-431","page","type-page","status-publish","hentry"],"acf":[],"_links":{"self":[{"href":"https:\/\/srm.solidar.org\/it\/wp-json\/wp\/v2\/pages\/431","targetHints":{"allow":["GET"]}}],"collection":[{"href":"https:\/\/srm.solidar.org\/it\/wp-json\/wp\/v2\/pages"}],"about":[{"href":"https:\/\/srm.solidar.org\/it\/wp-json\/wp\/v2\/types\/page"}],"author":[{"embeddable":true,"href":"https:\/\/srm.solidar.org\/it\/wp-json\/wp\/v2\/users\/2"}],"replies":[{"embeddable":true,"href":"https:\/\/srm.solidar.org\/it\/wp-json\/wp\/v2\/comments?post=431"}],"version-history":[{"count":0,"href":"https:\/\/srm.solidar.org\/it\/wp-json\/wp\/v2\/pages\/431\/revisions"}],"wp:attachment":[{"href":"https:\/\/srm.solidar.org\/it\/wp-json\/wp\/v2\/media?parent=431"}],"curies":[{"name":"wp","href":"https:\/\/api.w.org\/{rel}","templated":true}]}}