{"id":419,"date":"2023-02-13T16:57:35","date_gmt":"2023-02-13T16:57:35","guid":{"rendered":"https:\/\/srm.solidar.org\/?page_id=419"},"modified":"2025-10-14T13:03:26","modified_gmt":"2025-10-14T13:03:26","slug":"srm","status":"publish","type":"page","link":"https:\/\/srm.solidar.org\/pt\/srm\/","title":{"rendered":"SRM"},"content":{"rendered":"<div class=\"wp-block-pb-accordion-item c-accordion__item js-accordion-item no-js is-open\" data-initially-open=\"true\" data-click-to-close=\"true\" data-auto-close=\"true\" data-scroll=\"false\" data-scroll-offset=\"0\"><h2 id=\"at-4190\" class=\"c-accordion__title js-accordion-controller\" role=\"button\">O que \u00e9 o Monitor dos Direitos Sociais (MRS)?<\/h2><div id=\"ac-4190\" class=\"c-accordion__content\">\n<div class=\"wp-block-columns is-layout-flex wp-container-core-columns-is-layout-9d6595d7 wp-block-columns-is-layout-flex\">\n<div class=\"wp-block-column is-layout-flow wp-block-column-is-layout-flow\">\n<p>O Observat\u00f3rio dos Direitos Sociais avalia a aplica\u00e7\u00e3o do Pilar Europeu dos Direitos Sociais (PEDS) a n\u00edvel nacional, na perspetiva da sociedade civil. O Pilar Europeu dos Direitos Sociais - tamb\u00e9m conhecido como Pilar Social - \u00e9 um conjunto de 20 princ\u00edpios que orientam a a\u00e7\u00e3o da Uni\u00e3o Europeia no dom\u00ednio dos assuntos e pol\u00edticas sociais. Por outras palavras, pretende ser uma b\u00fassola que orienta a UE para uma Europa mais social. No entanto, para demasiadas pessoas, a aplica\u00e7\u00e3o destes princ\u00edpios a n\u00edvel nacional e comunit\u00e1rio ainda n\u00e3o \u00e9 uma realidade.<\/p>\n\n\n\n<p>Gra\u00e7as \u00e0 contribui\u00e7\u00e3o dos nossos membros e das suas redes no terreno (os Grupos Estrat\u00e9gicos Nacionais), a SOLIDAR monitoriza a medida em que os direitos sociais s\u00e3o respeitados, defendidos e promovidos para todas as pessoas que vivem na UE. O Monitor dos Direitos Sociais tamb\u00e9m investiga a sa\u00fade do espa\u00e7o c\u00edvico e do di\u00e1logo social e civil na UE, bem como a medida em que uma transi\u00e7\u00e3o justa est\u00e1 a ser prosseguida. Por conseguinte, os dom\u00ednios tem\u00e1ticos abrangidos pelo Monitor s\u00e3o os seguintes Igualdade de oportunidades e acesso ao mercado de trabalho; condi\u00e7\u00f5es de trabalho justas; inclus\u00e3o e prote\u00e7\u00e3o social; transi\u00e7\u00e3o justa; e espa\u00e7o c\u00edvico. Os tr\u00eas primeiros correspondem aos tr\u00eas cap\u00edtulos do PEDS, enquanto os dois \u00faltimos foram acrescentados para dar uma imagem mais completa da justi\u00e7a social na Europa.<\/p>\n\n\n\n<p>Gra\u00e7as aos dados recolhidos em primeira m\u00e3o pelas organiza\u00e7\u00f5es nacionais da sociedade civil, o Observat\u00f3rio dos Direitos Sociais constitui um canal direto de recomenda\u00e7\u00f5es pol\u00edticas entre o n\u00edvel nacional e os decisores pol\u00edticos da UE. Deste modo, amplifica as vozes e as necessidades dos grupos mais marginalizados. O Monitor de Direitos Sociais dedica uma sec\u00e7\u00e3o \u00e0s \"mensagens de sensibiliza\u00e7\u00e3o\" que resultam das an\u00e1lises a n\u00edvel nacional em cada \u00e1rea tem\u00e1tica e s\u00e3o dirigidas aos decisores pol\u00edticos da UE.<\/p>\n<\/div>\n\n\n\n<div class=\"wp-block-column is-layout-flow wp-block-column-is-layout-flow\">\n<p>\u00c9 atribu\u00edda aos pa\u00edses uma pontua\u00e7\u00e3o para cada \u00e1rea tem\u00e1tica, num m\u00e1ximo de 100 pontos. Isto torna imediatamente vis\u00edvel o desempenho de cada pa\u00eds em cada \u00e1rea e permite a compara\u00e7\u00e3o com outros pa\u00edses. As pontua\u00e7\u00f5es num\u00e9ricas t\u00eam origem nas avalia\u00e7\u00f5es dos Grupos de Estrat\u00e9gia Nacional (NSG) dos desenvolvimentos nacionais relacionados com os direitos sociais, o espa\u00e7o c\u00edvico e a transi\u00e7\u00e3o justa. Os desenvolvimentos negativos num determinado dom\u00ednio resultam em pontua\u00e7\u00f5es mais baixas. Os NSGs classificam estes desenvolvimentos para cada pa\u00eds respondendo a perguntas da escala Linkert. Isto significa que a classifica\u00e7\u00e3o da \u00e1rea tem\u00e1tica de um pa\u00eds \u00e9 dada pela soma de todas as classifica\u00e7\u00f5es dadas \u00e0s perguntas relativas a essa \u00e1rea tem\u00e1tica e expressa a classifica\u00e7\u00e3o em 100. A pontua\u00e7\u00e3o global de um pa\u00eds \u00e9 a m\u00e9dia das pontua\u00e7\u00f5es das \u00e1reas tem\u00e1ticas. Na sec\u00e7\u00e3o \"Acerca de\" s\u00e3o fornecidos mais pormenores sobre o question\u00e1rio e a recolha de dados: O que \u00e9 o processo?\" <\/p>\n\n\n\n<p>Since the SRM score reflects the NSG\u2019s assessment of changes\u2014either improvements or deteriorations\u2014in each of the five areas over the past 12 months, it does not represent the overall status of these dimensions in absolute terms. Instead, it highlights recent trends. For example, a country with a historically strong welfare state might receive a low score if recent reforms have significantly weakened social rights or pose a risk of doing so. This does not imply that the overall situation is poor, but rather that recent developments are cause for concern and may undermine social standards over time.<br>Therefore, the SRM should not be used to compare the overall situation of social rights across countries\u2014official statistics are more appropriate for that purpose. Instead, it serves as a tool to track short-term national trends and to understand the perspectives of civil society organizations (CSOs) on these developments.<\/p>\n<\/div>\n<\/div>\n<\/div><\/div>\n\n\n\n<div class=\"wp-block-pb-accordion-item c-accordion__item js-accordion-item no-js\" data-initially-open=\"false\" data-click-to-close=\"true\" data-auto-close=\"true\" data-scroll=\"false\" data-scroll-offset=\"0\"><h2 id=\"at-4191\" class=\"c-accordion__title js-accordion-controller\" role=\"button\">Qual \u00e9 o processo?<\/h2><div id=\"ac-4191\" class=\"c-accordion__content\">\n<div class=\"wp-block-columns is-layout-flex wp-container-core-columns-is-layout-9d6595d7 wp-block-columns-is-layout-flex\">\n<div class=\"wp-block-column is-layout-flow wp-block-column-is-layout-flow\">\n<p>O Monitor dos Direitos Sociais \u00e9 uma ferramenta que amplifica a voz da sociedade civil progressista a n\u00edvel nacional. O seu conte\u00fado baseia-se nos contributos fornecidos pelos Grupos de Estrat\u00e9gia Nacional (GEN) criados pelos membros e parceiros da SOLIDAR, que est\u00e3o activos nos pa\u00edses analisados. Estes grupos s\u00e3o constitu\u00eddos por ONG, associa\u00e7\u00f5es, movimentos, sindicatos, universidades e grupos de reflex\u00e3o, assegurando que a perspetiva da sociedade civil \u00e9 reflectida na an\u00e1lise do Monitor dos Direitos Sociais. O Monitor reflecte as experi\u00eancias destas organiza\u00e7\u00f5es, que est\u00e3o activas no terreno, e as experi\u00eancias s\u00e3o complementadas por dados cient\u00edficos recolhidos atrav\u00e9s de investiga\u00e7\u00e3o documental.<\/p>\n\n\n\n<p><\/p>\n<\/div>\n\n\n\n<div class=\"wp-block-column is-layout-flow wp-block-column-is-layout-flow\">\n<p>Os dados elaborados no Monitor dos Direitos Sociais s\u00e3o recolhidos pelo secretariado da SOLIDAR atrav\u00e9s de um question\u00e1rio distribu\u00eddo aos L\u00edderes dos Grupos Estrat\u00e9gicos Nacionais (os nossos membros nacionais) e completado com informa\u00e7\u00f5es produzidas por cada grupo. A partir de 2023, este question\u00e1rio passou a ser realizado em linha.<\/p>\n\n\n\n<p>Com base no quadro que emerge do Monitor, a SOLIDAR e os NSGs elaboram em conjunto recomenda\u00e7\u00f5es pol\u00edticas para os decisores pol\u00edticos da UE. Estas recomenda\u00e7\u00f5es t\u00eam por objetivo tornar os direitos sociais, um planeta saud\u00e1vel e um espa\u00e7o c\u00edvico livre, protegido e prop\u00edcio uma realidade para todos na Europa. As principais recomenda\u00e7\u00f5es resultantes da an\u00e1lise s\u00e3o utilizadas como base para o trabalho de sensibiliza\u00e7\u00e3o da SOLIDAR no dom\u00ednio dos assuntos sociais.<\/p>\n\n\n\n<p>O MUR \u00e9 publicado todos os anos, por volta do final de novembro\/in\u00edcio de dezembro, e as suas conclus\u00f5es abrangem o per\u00edodo que vai de junho do ano anterior a maio do ano da publica\u00e7\u00e3o. Este calend\u00e1rio deve-se ao facto de os GNS apresentarem o seu question\u00e1rio at\u00e9 ao final de maio do ano de publica\u00e7\u00e3o. <\/p>\n<\/div>\n<\/div>\n<\/div><\/div>\n\n\n\n<div class=\"wp-block-pb-accordion-item c-accordion__item js-accordion-item no-js\" data-initially-open=\"false\" data-click-to-close=\"true\" data-auto-close=\"true\" data-scroll=\"false\" data-scroll-offset=\"0\"><h2 id=\"at-4192\" class=\"c-accordion__title js-accordion-controller\" role=\"button\">Como \u00e9 que o utilizamos?<\/h2><div id=\"ac-4192\" class=\"c-accordion__content\">\n<div class=\"wp-block-columns is-layout-flex wp-container-core-columns-is-layout-9d6595d7 wp-block-columns-is-layout-flex\">\n<div class=\"wp-block-column is-layout-flow wp-block-column-is-layout-flow\">\n<p>O principal papel da SOLIDAR enquanto rede da sociedade civil a n\u00edvel europeu \u00e9 servir de ponte entre as institui\u00e7\u00f5es da UE e as suas pol\u00edticas, por um lado, e os nossos membros progressistas que trabalham a n\u00edvel nacional, por outro. O Observat\u00f3rio dos Direitos Sociais \u00e9 um instrumento valioso para recolher informa\u00e7\u00f5es do terreno e cham\u00e1-las \u00e0 aten\u00e7\u00e3o dos decisores pol\u00edticos. Isto assegura que as vozes dos grupos sociais mais negligenciados s\u00e3o devidamente tidas em conta. Por exemplo, o MUR complementa o Semestre Europeu, fornecendo uma avalia\u00e7\u00e3o mais completa das pol\u00edticas dos Estados-Membros. Infelizmente, o Semestre continua a centrar-se demasiado nos desempenhos econ\u00f3micos e financeiros dos pa\u00edses e n\u00e3o fornece orienta\u00e7\u00f5es suficientes para uma converg\u00eancia social ascendente na Uni\u00e3o Europeia.<\/p>\n\n\n\n<p><\/p>\n<\/div>\n\n\n\n<div class=\"wp-block-column is-layout-flow wp-block-column-is-layout-flow\">\n<p>A SOLIDAR divulga as conclus\u00f5es do Monitor dos Direitos Sociais de v\u00e1rias formas, nomeadamente atrav\u00e9s da Confer\u00eancia da Europa Social, um evento anual em que \u00e9 apresentado e que tamb\u00e9m explora um tema priorit\u00e1rio para a Europa social. De um modo mais geral, o Monitor \u00e9 uma das principais formas atrav\u00e9s das quais a rede SOLIDAR apresenta as suas posi\u00e7\u00f5es sobre assuntos sociais, pelo que as suas conclus\u00f5es s\u00e3o integradas em todo o nosso trabalho de sensibiliza\u00e7\u00e3o.<\/p>\n<\/div>\n<\/div>\n<\/div><\/div>","protected":false},"excerpt":{"rendered":"","protected":false},"author":2,"featured_media":0,"parent":0,"menu_order":0,"comment_status":"closed","ping_status":"closed","template":"","meta":{"_acf_changed":false,"footnotes":""},"class_list":["post-419","page","type-page","status-publish","hentry"],"acf":[],"_links":{"self":[{"href":"https:\/\/srm.solidar.org\/pt\/wp-json\/wp\/v2\/pages\/419","targetHints":{"allow":["GET"]}}],"collection":[{"href":"https:\/\/srm.solidar.org\/pt\/wp-json\/wp\/v2\/pages"}],"about":[{"href":"https:\/\/srm.solidar.org\/pt\/wp-json\/wp\/v2\/types\/page"}],"author":[{"embeddable":true,"href":"https:\/\/srm.solidar.org\/pt\/wp-json\/wp\/v2\/users\/2"}],"replies":[{"embeddable":true,"href":"https:\/\/srm.solidar.org\/pt\/wp-json\/wp\/v2\/comments?post=419"}],"version-history":[{"count":0,"href":"https:\/\/srm.solidar.org\/pt\/wp-json\/wp\/v2\/pages\/419\/revisions"}],"wp:attachment":[{"href":"https:\/\/srm.solidar.org\/pt\/wp-json\/wp\/v2\/media?parent=419"}],"curies":[{"name":"wp","href":"https:\/\/api.w.org\/{rel}","templated":true}]}}