{"id":421,"date":"2023-02-13T16:58:01","date_gmt":"2023-02-13T16:58:01","guid":{"rendered":"https:\/\/srm.solidar.org\/?page_id=421"},"modified":"2024-09-11T14:10:40","modified_gmt":"2024-09-11T14:10:40","slug":"past-editions","status":"publish","type":"page","link":"https:\/\/srm.solidar.org\/pt\/past-editions\/","title":{"rendered":"Edi\u00e7\u00f5es anteriores"},"content":{"rendered":"<h2 class=\"wp-block-heading\">Monitor dos direitos sociais<\/h2>\n\n\n\n<p>Esta sec\u00e7\u00e3o re\u00fane as edi\u00e7\u00f5es anteriores do Monitor dos Direitos Sociais, que t\u00eam sido publicadas no formato de relat\u00f3rios desde 2019. Em 2022, n\u00e3o foi publicada qualquer edi\u00e7\u00e3o, uma vez que a SOLIDAR dedicou esse ano \u00e0 revis\u00e3o da metodologia de recolha e visualiza\u00e7\u00e3o de dados.<\/p>\n\n\n\n<p>O Monitor dos Direitos Sociais de 2023 ser\u00e1 a primeira edi\u00e7\u00e3o em formato de mapa interativo. Pode consultar as edi\u00e7\u00f5es anteriores a partir de 2023 selecionando o ano na p\u00e1gina Vis\u00e3o geral do mapa. <\/p>\n\n\n\n<hr class=\"wp-block-separator has-text-color has-cyan-bluish-gray-color has-alpha-channel-opacity has-cyan-bluish-gray-background-color has-background is-style-wide\"\/>\n\n\n\n<div class=\"wp-block-group is-vertical is-layout-flex wp-container-core-group-is-layout-8cf370e7 wp-block-group-is-layout-flex\">\n<div class=\"wp-block-media-text alignwide is-stacked-on-mobile\" style=\"grid-template-columns:15% auto\"><figure class=\"wp-block-media-text__media\"><a href=\"https:\/\/www.solidar.org\/system\/downloads\/attachments\/000\/001\/408\/original\/Social_Rights_Monitor_2021.pdf?1638292164\"><img loading=\"lazy\" decoding=\"async\" width=\"215\" height=\"300\" src=\"https:\/\/srm.solidar.org\/wp-content\/uploads\/2023\/05\/Social-Rights-Monitor-2021-2-215x300.png\" alt=\"\" class=\"wp-image-736 size-medium\" srcset=\"https:\/\/srm.solidar.org\/wp-content\/uploads\/2023\/05\/Social-Rights-Monitor-2021-2-215x300.png 215w, https:\/\/srm.solidar.org\/wp-content\/uploads\/2023\/05\/Social-Rights-Monitor-2021-2-9x12.png 9w, https:\/\/srm.solidar.org\/wp-content\/uploads\/2023\/05\/Social-Rights-Monitor-2021-2-17x24.png 17w, https:\/\/srm.solidar.org\/wp-content\/uploads\/2023\/05\/Social-Rights-Monitor-2021-2-26x36.png 26w, https:\/\/srm.solidar.org\/wp-content\/uploads\/2023\/05\/Social-Rights-Monitor-2021-2-34x48.png 34w, https:\/\/srm.solidar.org\/wp-content\/uploads\/2023\/05\/Social-Rights-Monitor-2021-2.png 576w\" sizes=\"auto, (max-width: 215px) 100vw, 215px\" \/><\/a><\/figure><div class=\"wp-block-media-text__content\">\n<h3 class=\"wp-block-heading\">Monitor dos direitos sociais 2021<\/h3>\n\n\n\n<p>A terceira edi\u00e7\u00e3o do Monitor dos Direitos Sociais foi editada pela SOLIDAR &amp;&nbsp;<a href=\"https:\/\/www.feps-europe.eu\/about.html\">FEPS<\/a>&nbsp;e avalia a situa\u00e7\u00e3o dos direitos sociais em diferentes pa\u00edses europeus. A edi\u00e7\u00e3o de 20221 abrange 16 pa\u00edses da Europa: 13 pa\u00edses da UE -&nbsp;<strong>Bulg\u00e1ria, Cro\u00e1cia, Ch\u00e9quia, Dinamarca, Est\u00f3nia, Fran\u00e7a, Alemanha, Gr\u00e9cia, Hungria, It\u00e1lia, Luxemburgo, Espanha e Pa\u00edses Baixos<\/strong>&nbsp;- 2 pa\u00edses candidatos -&nbsp;<strong>Maced\u00f3nia do Norte e S\u00e9rvia<\/strong>- e&nbsp;<strong>o Reino Unido<\/strong>.&nbsp;&nbsp;<\/p>\n\n\n\n<p>Os membros e parceiros da SOLIDAR criaram 16 Grupos Estrat\u00e9gicos Nacionais (NSG), um em cada um dos pa\u00edses abrangidos pelo Monitor, compostos por peritos de OSC, sindicatos e universidades. O Monitor dos Direitos Sociais foi desenvolvido com base nas suas observa\u00e7\u00f5es no terreno e complementado com dados estat\u00edsticos e conclus\u00f5es cient\u00edficas. Por conseguinte, o Observat\u00f3rio reflecte tamb\u00e9m os conhecimentos especializados da sociedade civil que luta pela justi\u00e7a social na Europa e constitui uma valiosa base de dados para a elabora\u00e7\u00e3o de pol\u00edticas.<\/p>\n\n\n\n<p>Tamb\u00e9m \u00e9 poss\u00edvel visualizar o <a href=\"https:\/\/www.solidar.org\/publications-page\/social-rights-monitor-2021-the-state-of-social-rights-in-europe\/#:~:text=The%20Social%20Rights%20Monitor%20has,valuable%20evidence%20base%20for%20policymaking.\" data-type=\"URL\" data-id=\"https:\/\/www.solidar.org\/en\/publications\/social-rights-monitor-2021-country-monitors\"><\/a><a href=\"https:\/\/www.solidar.org\/publications-page\/social-rights-monitor-2021-the-state-of-social-rights-in-europe\/#:~:text=The%20Social%20Rights%20Monitor%20has,valuable%20evidence%20base%20for%20policymaking.\" data-type=\"link\" data-id=\"https:\/\/www.solidar.org\/publications-page\/social-rights-monitor-2021-the-state-of-social-rights-in-europe\/#:~:text=The%20Social%20Rights%20Monitor%20has,valuable%20evidence%20base%20for%20policymaking.\">relat\u00f3rios separados por pa\u00eds em ingl\u00eas e tradu\u00e7\u00f5es em muitas das l\u00ednguas dos pa\u00edses<\/a>.<\/p>\n\n\n\n<div class=\"wp-block-buttons is-layout-flex wp-block-buttons-is-layout-flex\">\n<div class=\"wp-block-button has-custom-font-size has-small-font-size\"><a class=\"wp-block-button__link has-background wp-element-button\" href=\"https:\/\/www.solidar.org\/wp-content\/uploads\/2024\/02\/social_rights_monitor_2021.pdf\" style=\"background-color:#860000\">LER A PUBLICA\u00c7\u00c3O<\/a><\/div>\n<\/div>\n<\/div><\/div>\n\n\n\n<hr class=\"wp-block-separator has-text-color has-black-color has-alpha-channel-opacity has-black-background-color has-background is-style-wide\"\/>\n\n\n\n<hr class=\"wp-block-separator has-text-color has-cyan-bluish-gray-color has-alpha-channel-opacity has-cyan-bluish-gray-background-color has-background is-style-wide\"\/>\n\n\n\n<div class=\"wp-block-buttons is-layout-flex wp-block-buttons-is-layout-flex\"><\/div>\n\n\n\n<div class=\"wp-block-media-text alignwide is-stacked-on-mobile\" style=\"grid-template-columns:15% auto\"><figure class=\"wp-block-media-text__media\"><a href=\"https:\/\/www.solidar.org\/system\/downloads\/attachments\/000\/001\/210\/original\/SRM2020_ALL_R3_online_EC.pdf?1608289382\"><img loading=\"lazy\" decoding=\"async\" width=\"214\" height=\"300\" src=\"https:\/\/srm.solidar.org\/wp-content\/uploads\/2023\/05\/Social-Rights-Monitor-2020-1-214x300.png\" alt=\"\" class=\"wp-image-740 size-medium\" srcset=\"https:\/\/srm.solidar.org\/wp-content\/uploads\/2023\/05\/Social-Rights-Monitor-2020-1-214x300.png 214w, https:\/\/srm.solidar.org\/wp-content\/uploads\/2023\/05\/Social-Rights-Monitor-2020-1-9x12.png 9w, https:\/\/srm.solidar.org\/wp-content\/uploads\/2023\/05\/Social-Rights-Monitor-2020-1-17x24.png 17w, https:\/\/srm.solidar.org\/wp-content\/uploads\/2023\/05\/Social-Rights-Monitor-2020-1-26x36.png 26w, https:\/\/srm.solidar.org\/wp-content\/uploads\/2023\/05\/Social-Rights-Monitor-2020-1-34x48.png 34w, https:\/\/srm.solidar.org\/wp-content\/uploads\/2023\/05\/Social-Rights-Monitor-2020-1.png 595w\" sizes=\"auto, (max-width: 214px) 100vw, 214px\" \/><\/a><\/figure><div class=\"wp-block-media-text__content\">\n<h3 class=\"wp-block-heading\">Monitor dos direitos sociais 2020<\/h3>\n\n\n\n<p>A segunda edi\u00e7\u00e3o do Monitor dos Direitos Sociais fornece informa\u00e7\u00f5es sobre a situa\u00e7\u00e3o dos direitos sociais em diferentes pa\u00edses europeus. A presente edi\u00e7\u00e3o abrange 14 pa\u00edses da Uni\u00e3o Europeia -<strong>&nbsp;B\u00e9lgica, Bulg\u00e1ria, Cro\u00e1cia, Ch\u00e9quia, Dinamarca, Est\u00f3nia, Fran\u00e7a, Alemanha, Gr\u00e9cia, Hungria, It\u00e1lia, Eslov\u00e1quia, Espanha e Pa\u00edses Baixos<\/strong>dois pa\u00edses candidatos -&nbsp;<strong>S\u00e9rvia e Maced\u00f3nia do Norte<\/strong>e um membro que deixou a UE em 2020, o&nbsp;<strong>Reino Unido<\/strong>.<\/p>\n\n\n\n<p>O Monitor 2020 avalia o estado da Europa social em termos de igualdade de oportunidades, condi\u00e7\u00f5es de trabalho justas, prote\u00e7\u00e3o social, inclus\u00e3o e espa\u00e7o c\u00edvico. Para o efeito, baseia-se nas observa\u00e7\u00f5es dos Grupos de Estrat\u00e9gia Nacional (GEN) criados em cada um dos 17 pa\u00edses por um membro ou parceiro da SOLIDAR. Estes grupos re\u00fanem os conhecimentos especializados de organiza\u00e7\u00f5es da sociedade civil, acad\u00e9micos e peritos na mat\u00e9ria e apoiam-nos com dados estat\u00edsticos e resultados cient\u00edficos.<\/p>\n\n\n\n<p>Tamb\u00e9m \u00e9 poss\u00edvel visualizar o <a href=\"https:\/\/www.solidar.org\/publications-page\/social-rights-monitor-2020-and-country-reports\/\" data-type=\"link\" data-id=\"https:\/\/www.solidar.org\/publications-page\/social-rights-monitor-2020-and-country-reports\/\">relat\u00f3rios separados por pa\u00eds em ingl\u00eas e tradu\u00e7\u00f5es em muitas das l\u00ednguas dos pa\u00edses.<\/a><\/p>\n\n\n\n<div class=\"wp-block-buttons is-layout-flex wp-block-buttons-is-layout-flex\">\n<div class=\"wp-block-button has-custom-font-size has-small-font-size\"><a class=\"wp-block-button__link has-background wp-element-button\" href=\"https:\/\/www.solidar.org\/wp-content\/uploads\/2024\/02\/srm2020_all_r3_online_ec.pdf\" style=\"background-color:#860000\">LER A PUBLICA\u00c7\u00c3O<\/a><\/div>\n<\/div>\n\n\n\n<p><\/p>\n<\/div><\/div>\n\n\n\n<hr class=\"wp-block-separator has-text-color has-white-color has-alpha-channel-opacity has-white-background-color has-background is-style-wide\"\/>\n\n\n\n<hr class=\"wp-block-separator has-alpha-channel-opacity is-style-wide\"\/>\n\n\n\n<div class=\"wp-block-media-text alignwide is-stacked-on-mobile\" style=\"grid-template-columns:15% auto\"><figure class=\"wp-block-media-text__media\"><a href=\"https:\/\/www.solidar.org\/system\/downloads\/attachments\/000\/001\/001\/original\/SRM_2019_Full_NO_BLANKS.pdf?1573578205\"><img loading=\"lazy\" decoding=\"async\" width=\"592\" height=\"837\" src=\"https:\/\/srm.solidar.org\/wp-content\/uploads\/2023\/05\/Social-Rights-Monitor-2019.png\" alt=\"\" class=\"wp-image-748 size-medium\" srcset=\"https:\/\/srm.solidar.org\/wp-content\/uploads\/2023\/05\/Social-Rights-Monitor-2019.png 592w, https:\/\/srm.solidar.org\/wp-content\/uploads\/2023\/05\/Social-Rights-Monitor-2019-212x300.png 212w, https:\/\/srm.solidar.org\/wp-content\/uploads\/2023\/05\/Social-Rights-Monitor-2019-8x12.png 8w, https:\/\/srm.solidar.org\/wp-content\/uploads\/2023\/05\/Social-Rights-Monitor-2019-17x24.png 17w, https:\/\/srm.solidar.org\/wp-content\/uploads\/2023\/05\/Social-Rights-Monitor-2019-25x36.png 25w, https:\/\/srm.solidar.org\/wp-content\/uploads\/2023\/05\/Social-Rights-Monitor-2019-34x48.png 34w\" sizes=\"auto, (max-width: 592px) 100vw, 592px\" \/><\/a><\/figure><div class=\"wp-block-media-text__content\">\n<h3 class=\"wp-block-heading\">Monitor dos direitos sociais 2019<\/h3>\n\n\n\n<p>A primeira edi\u00e7\u00e3o do Observat\u00f3rio dos Direitos Sociais fornece uma panor\u00e2mica da situa\u00e7\u00e3o dos direitos sociais em 16 pa\u00edses europeus: 15 da Uni\u00e3o Europeia <strong>\u00c1ustria, Bulg\u00e1ria, Cro\u00e1cia, Ch\u00e9quia, Est\u00f3nia, Fran\u00e7a, Alemanha, Gr\u00e9cia, Hungria, It\u00e1lia, Rom\u00e9nia, Eslov\u00e1quia, Espanha, Pa\u00edses Baixos, Reino Unido<\/strong> - e um pa\u00eds candidato, <strong>S\u00e9rvia<\/strong>. O Monitor avalia o estado da Europa social em termos de igualdade de oportunidades, condi\u00e7\u00f5es de trabalho justas, prote\u00e7\u00e3o social, inclus\u00e3o e espa\u00e7o c\u00edvico, com base nas observa\u00e7\u00f5es das organiza\u00e7\u00f5es da sociedade civil que trabalham no terreno, em combina\u00e7\u00e3o com dados estat\u00edsticos e conclus\u00f5es cient\u00edficas. <\/p>\n\n\n\n<p>Tamb\u00e9m \u00e9 poss\u00edvel visualizar o <a href=\"https:\/\/www.solidar.org\/publications-page\/social-rights-monitor-2019\/\">relat\u00f3rios por pa\u00eds separados e as tradu\u00e7\u00f5es em franc\u00eas, italiano, alem\u00e3o e espanhol dispon\u00edveis.<\/a><\/p>\n\n\n\n<div class=\"wp-block-buttons is-layout-flex wp-block-buttons-is-layout-flex\">\n<div class=\"wp-block-button has-custom-font-size has-small-font-size\"><a class=\"wp-block-button__link has-background wp-element-button\" href=\"https:\/\/www.solidar.org\/wp-content\/uploads\/2024\/02\/srm_2019_full_no_blanks.pdf\" style=\"background-color:#860000\">LER A PUBLICA\u00c7\u00c3O<\/a><\/div>\n<\/div>\n\n\n\n<p><\/p>\n<\/div><\/div>\n\n\n\n<p><\/p>\n<\/div>\n\n\n\n<hr class=\"wp-block-separator has-alpha-channel-opacity\"\/>\n\n\n\n<hr class=\"wp-block-separator has-text-color has-white-color has-alpha-channel-opacity has-white-background-color has-background is-style-wide\"\/>","protected":false},"excerpt":{"rendered":"<p>Social Rights Monitor This section collects the Past Editions of the Social Rights Monitor, which have been published in the format of reports since 2019. In 2022, no edition was published as SOLIDAR dedicated the year to revise the methodology for the data collection and visualisation. The 2023 Social Rights Monitor will be the first &hellip;<\/p>","protected":false},"author":2,"featured_media":0,"parent":0,"menu_order":0,"comment_status":"closed","ping_status":"closed","template":"","meta":{"_acf_changed":false,"footnotes":""},"class_list":["post-421","page","type-page","status-publish","hentry"],"acf":[],"_links":{"self":[{"href":"https:\/\/srm.solidar.org\/pt\/wp-json\/wp\/v2\/pages\/421","targetHints":{"allow":["GET"]}}],"collection":[{"href":"https:\/\/srm.solidar.org\/pt\/wp-json\/wp\/v2\/pages"}],"about":[{"href":"https:\/\/srm.solidar.org\/pt\/wp-json\/wp\/v2\/types\/page"}],"author":[{"embeddable":true,"href":"https:\/\/srm.solidar.org\/pt\/wp-json\/wp\/v2\/users\/2"}],"replies":[{"embeddable":true,"href":"https:\/\/srm.solidar.org\/pt\/wp-json\/wp\/v2\/comments?post=421"}],"version-history":[{"count":0,"href":"https:\/\/srm.solidar.org\/pt\/wp-json\/wp\/v2\/pages\/421\/revisions"}],"wp:attachment":[{"href":"https:\/\/srm.solidar.org\/pt\/wp-json\/wp\/v2\/media?parent=421"}],"curies":[{"name":"wp","href":"https:\/\/api.w.org\/{rel}","templated":true}]}}