{"id":423,"date":"2023-02-13T16:58:29","date_gmt":"2023-02-13T16:58:29","guid":{"rendered":"https:\/\/srm.solidar.org\/?page_id=423"},"modified":"2024-08-08T13:59:10","modified_gmt":"2024-08-08T13:59:10","slug":"equal-opportunities-and-access-to-the-labour-market","status":"publish","type":"page","link":"https:\/\/srm.solidar.org\/pt\/equal-opportunities-and-access-to-the-labour-market\/","title":{"rendered":"Igualdade de oportunidades e acesso ao mercado de trabalho"},"content":{"rendered":"<h2 class=\"wp-block-heading\">Igualdade de oportunidades e acesso ao mercado de trabalho<\/h2>\n\n\n\n<div class=\"wp-block-columns is-layout-flex wp-container-core-columns-is-layout-9d6595d7 wp-block-columns-is-layout-flex\">\n<div class=\"wp-block-column is-layout-flow wp-block-column-is-layout-flow\">\n<p>Este tema \u00e9 desenvolvido no Cap\u00edtulo 1 do Pilar Europeu dos Direitos Sociais. Analisa as pol\u00edticas e medidas adoptadas pelos pa\u00edses europeus para garantir que os grupos marginalizados t\u00eam oportunidades iguais de participar na sociedade, incluindo - mas n\u00e3o se limitando a - atrav\u00e9s do mercado de trabalho.  Atrav\u00e9s do question\u00e1rio do Monitor dos Direitos Sociais, avaliamos o seguinte para cada pa\u00eds<\/p>\n\n\n\n<ul class=\"wp-block-list\">\n<li>Investimento no sistema de prote\u00e7\u00e3o social<\/li>\n\n\n\n<li>Igualdade de g\u00e9nero<\/li>\n\n\n\n<li>Educa\u00e7\u00e3o, forma\u00e7\u00e3o e aprendizagem ao longo da vida<\/li>\n\n\n\n<li>A inclus\u00e3o de migrantes, refugiados e requerentes de asilo e outros grupos em situa\u00e7\u00e3o vulner\u00e1vel<\/li>\n\n\n\n<li>Emprego dos jovens<\/li>\n<\/ul>\n\n\n\n<p><\/p>\n<\/div>\n\n\n\n<div class=\"wp-block-column is-layout-flow wp-block-column-is-layout-flow\">\n<p>As perspectivas intersectoriais - como a do g\u00e9nero - destinadas a avaliar o impacto das pol\u00edticas nos grupos marginalizados n\u00e3o se limitam a esta sec\u00e7\u00e3o do Monitor, mas est\u00e3o inclu\u00eddas em todo o MUR.<\/p>\n<\/div>\n<\/div>","protected":false},"excerpt":{"rendered":"<p>Equal opportunities and access to the labour market This theme is developed in Chapter 1 of the European Pillar of Social Rights. It analyses the policies and measures put in place by European countries to ensure that marginalised groups have equal opportunities to participate in society, including \u2013 but not limited to \u2013 through the &hellip;<\/p>","protected":false},"author":2,"featured_media":0,"parent":0,"menu_order":0,"comment_status":"closed","ping_status":"closed","template":"","meta":{"_acf_changed":false,"footnotes":""},"class_list":["post-423","page","type-page","status-publish","hentry"],"acf":[],"_links":{"self":[{"href":"https:\/\/srm.solidar.org\/pt\/wp-json\/wp\/v2\/pages\/423","targetHints":{"allow":["GET"]}}],"collection":[{"href":"https:\/\/srm.solidar.org\/pt\/wp-json\/wp\/v2\/pages"}],"about":[{"href":"https:\/\/srm.solidar.org\/pt\/wp-json\/wp\/v2\/types\/page"}],"author":[{"embeddable":true,"href":"https:\/\/srm.solidar.org\/pt\/wp-json\/wp\/v2\/users\/2"}],"replies":[{"embeddable":true,"href":"https:\/\/srm.solidar.org\/pt\/wp-json\/wp\/v2\/comments?post=423"}],"version-history":[{"count":0,"href":"https:\/\/srm.solidar.org\/pt\/wp-json\/wp\/v2\/pages\/423\/revisions"}],"wp:attachment":[{"href":"https:\/\/srm.solidar.org\/pt\/wp-json\/wp\/v2\/media?parent=423"}],"curies":[{"name":"wp","href":"https:\/\/api.w.org\/{rel}","templated":true}]}}