{"id":425,"date":"2023-02-13T16:58:50","date_gmt":"2023-02-13T16:58:50","guid":{"rendered":"https:\/\/srm.solidar.org\/?page_id=425"},"modified":"2024-08-08T13:57:30","modified_gmt":"2024-08-08T13:57:30","slug":"fair-working-conditions","status":"publish","type":"page","link":"https:\/\/srm.solidar.org\/pt\/fair-working-conditions\/","title":{"rendered":"Condi\u00e7\u00f5es de trabalho justas"},"content":{"rendered":"<h2 class=\"wp-block-heading\">Condi\u00e7\u00f5es de trabalho justas<\/h2>\n\n\n\n<div class=\"wp-block-columns is-layout-flex wp-container-core-columns-is-layout-9d6595d7 wp-block-columns-is-layout-flex\">\n<div class=\"wp-block-column is-layout-flow wp-block-column-is-layout-flow\">\n<p>Nesta sec\u00e7\u00e3o, avaliamos a aplica\u00e7\u00e3o do Cap\u00edtulo 2 do Pilar Europeu dos Direitos Sociais. Os nossos membros e parceiros apresentam relat\u00f3rios sobre a qualidade dos empregos e das condi\u00e7\u00f5es de trabalho nos seus pa\u00edses, nomeadamente sobre os seguintes aspectos<\/p>\n\n\n\n<ul class=\"wp-block-list\">\n<li>Sal\u00e1rios adequados<\/li>\n\n\n\n<li>Seguran\u00e7a no emprego<\/li>\n\n\n\n<li>Sa\u00fade e seguran\u00e7a no trabalho<\/li>\n\n\n\n<li>Economia social e solid\u00e1ria<\/li>\n\n\n\n<li>Equil\u00edbrio entre vida profissional e pessoal<\/li>\n\n\n\n<li>Di\u00e1logo social<\/li>\n<\/ul>\n<\/div>\n\n\n\n<div class=\"wp-block-column is-layout-flow wp-block-column-is-layout-flow\">\n<p><\/p>\n<\/div>\n<\/div>","protected":false},"excerpt":{"rendered":"<p>Fair Working Conditions In this section, we assess the implementation of Chapter 2 of the European Pillar of Social Rights. Our members and partners report on the quality of jobs and working conditions in their countries, specifically the following:<\/p>","protected":false},"author":2,"featured_media":0,"parent":0,"menu_order":0,"comment_status":"closed","ping_status":"closed","template":"","meta":{"_acf_changed":false,"footnotes":""},"class_list":["post-425","page","type-page","status-publish","hentry"],"acf":[],"_links":{"self":[{"href":"https:\/\/srm.solidar.org\/pt\/wp-json\/wp\/v2\/pages\/425","targetHints":{"allow":["GET"]}}],"collection":[{"href":"https:\/\/srm.solidar.org\/pt\/wp-json\/wp\/v2\/pages"}],"about":[{"href":"https:\/\/srm.solidar.org\/pt\/wp-json\/wp\/v2\/types\/page"}],"author":[{"embeddable":true,"href":"https:\/\/srm.solidar.org\/pt\/wp-json\/wp\/v2\/users\/2"}],"replies":[{"embeddable":true,"href":"https:\/\/srm.solidar.org\/pt\/wp-json\/wp\/v2\/comments?post=425"}],"version-history":[{"count":0,"href":"https:\/\/srm.solidar.org\/pt\/wp-json\/wp\/v2\/pages\/425\/revisions"}],"wp:attachment":[{"href":"https:\/\/srm.solidar.org\/pt\/wp-json\/wp\/v2\/media?parent=425"}],"curies":[{"name":"wp","href":"https:\/\/api.w.org\/{rel}","templated":true}]}}