{"id":429,"date":"2023-02-13T16:59:25","date_gmt":"2023-02-13T16:59:25","guid":{"rendered":"https:\/\/srm.solidar.org\/?page_id=429"},"modified":"2024-08-08T14:06:16","modified_gmt":"2024-08-08T14:06:16","slug":"civic-space","status":"publish","type":"page","link":"https:\/\/srm.solidar.org\/pt\/civic-space\/","title":{"rendered":"Espa\u00e7o C\u00edvico"},"content":{"rendered":"<h2 class=\"wp-block-heading\">Espa\u00e7o C\u00edvico<\/h2>\n\n\n\n<div class=\"wp-block-columns is-layout-flex wp-container-core-columns-is-layout-9d6595d7 wp-block-columns-is-layout-flex\">\n<div class=\"wp-block-column is-layout-flow wp-block-column-is-layout-flow\">\n<p>No \u00e2mbito do Monitor dos Direitos Sociais, interpretamos o espa\u00e7o c\u00edvico como um espa\u00e7o prop\u00edcio em que a sociedade civil organizada e os cidad\u00e3os participam na elabora\u00e7\u00e3o de pol\u00edticas. Podem faz\u00ea-lo gra\u00e7as \u00e0 garantia e \u00e0 prote\u00e7\u00e3o dos seguintes elementos<\/p>\n\n\n\n<ul class=\"wp-block-list\">\n<li>Um espa\u00e7o prop\u00edcio para as organiza\u00e7\u00f5es da sociedade civil<\/li>\n\n\n\n<li>Envolvimento das OSC no di\u00e1logo civil<\/li>\n<\/ul>\n\n\n\n<p>No que respeita ao segundo ponto, tamb\u00e9m avaliamos se a sociedade civil participa de forma significativa no processo do Semestre Europeu. No caso dos pa\u00edses candidatos \u00e0 UE, monitorizamos a participa\u00e7\u00e3o das organiza\u00e7\u00f5es da sociedade civil nas reformas necess\u00e1rias para o processo de ades\u00e3o.<\/p>\n\n\n\n<p><\/p>\n<\/div>\n\n\n\n<div class=\"wp-block-column is-layout-flow wp-block-column-is-layout-flow\">\n<p>Consideramos que o espa\u00e7o c\u00edvico \u00e9 essencial para a realiza\u00e7\u00e3o de uma Europa mais social. A sociedade civil \u00e9 vital para a democracia e para amplificar a voz das pessoas que s\u00e3o mais<a> <\/a>negligenciada<a href=\"https:\/\/srm.solidar.org\/wp-admin\/post.php?post=429&amp;action=edit#_msocom_3\">. <\/a>O Observat\u00f3rio dos Direitos Sociais baseia-se nos contributos das organiza\u00e7\u00f5es da sociedade civil e apoia-se nas suas perspectivas privilegiadas sobre as necessidades dos grupos marginalizados e o estado da inclus\u00e3o a n\u00edvel nacional. &nbsp;<\/p>\n<\/div>\n<\/div>","protected":false},"excerpt":{"rendered":"<p>Civic Space In the framework of the Social Rights Monitor, we interpret civic space as an enabling space in which organised civil society and citizens participate in policymaking. They can do this thanks to the guarantee and protection of the following elements: With reference to the second point, we also assess whether civil society is &hellip;<\/p>","protected":false},"author":2,"featured_media":0,"parent":0,"menu_order":0,"comment_status":"closed","ping_status":"closed","template":"","meta":{"_acf_changed":false,"footnotes":""},"class_list":["post-429","page","type-page","status-publish","hentry"],"acf":[],"_links":{"self":[{"href":"https:\/\/srm.solidar.org\/pt\/wp-json\/wp\/v2\/pages\/429","targetHints":{"allow":["GET"]}}],"collection":[{"href":"https:\/\/srm.solidar.org\/pt\/wp-json\/wp\/v2\/pages"}],"about":[{"href":"https:\/\/srm.solidar.org\/pt\/wp-json\/wp\/v2\/types\/page"}],"author":[{"embeddable":true,"href":"https:\/\/srm.solidar.org\/pt\/wp-json\/wp\/v2\/users\/2"}],"replies":[{"embeddable":true,"href":"https:\/\/srm.solidar.org\/pt\/wp-json\/wp\/v2\/comments?post=429"}],"version-history":[{"count":0,"href":"https:\/\/srm.solidar.org\/pt\/wp-json\/wp\/v2\/pages\/429\/revisions"}],"wp:attachment":[{"href":"https:\/\/srm.solidar.org\/pt\/wp-json\/wp\/v2\/media?parent=429"}],"curies":[{"name":"wp","href":"https:\/\/api.w.org\/{rel}","templated":true}]}}