{"id":431,"date":"2023-02-13T16:59:43","date_gmt":"2023-02-13T16:59:43","guid":{"rendered":"https:\/\/srm.solidar.org\/?page_id=431"},"modified":"2024-08-08T13:55:49","modified_gmt":"2024-08-08T13:55:49","slug":"just-transition-page","status":"publish","type":"page","link":"https:\/\/srm.solidar.org\/pt\/just-transition-page\/","title":{"rendered":"Apenas a transi\u00e7\u00e3o"},"content":{"rendered":"<h2 class=\"wp-block-heading\">Apenas a transi\u00e7\u00e3o<\/h2>\n\n\n\n<div class=\"wp-block-columns is-layout-flex wp-container-core-columns-is-layout-9d6595d7 wp-block-columns-is-layout-flex\">\n<div class=\"wp-block-column is-layout-flow wp-block-column-is-layout-flow\">\n<p>As pessoas em situa\u00e7\u00f5es vulner\u00e1veis - devido a factores como o estatuto socioecon\u00f3mico, a geografia, a idade e o g\u00e9nero - est\u00e3o relativamente mais expostas aos impactos das altera\u00e7\u00f5es clim\u00e1ticas e da degrada\u00e7\u00e3o ambiental. Ao mesmo tempo, as desigualdades socioecon\u00f3micas est\u00e3o entre as causas profundas da crise clim\u00e1tica: os segmentos mais ricos da popula\u00e7\u00e3o poluem muito mais do que os mais pobres, por exemplo.<\/p>\n\n\n\n<p>Por conseguinte, a transi\u00e7\u00e3o ecol\u00f3gica deve abordar simultaneamente as quest\u00f5es ambientais, econ\u00f3micas e sociais. Na SOLIDAR, definimos uma \"transi\u00e7\u00e3o ecol\u00f3gica socialmente justa\" como a coloca\u00e7\u00e3o das pessoas e da justi\u00e7a social no centro das pol\u00edticas clim\u00e1ticas e ambientais. No Monitor dos Direitos Sociais, o nosso objetivo \u00e9 avaliar em que medida as medidas nacionais destinadas a implementar a transi\u00e7\u00e3o ecol\u00f3gica tamb\u00e9m promovem a justi\u00e7a social, a igualdade e a inclus\u00e3o.<\/p>\n\n\n\n<p>.<\/p>\n<\/div>\n\n\n\n<div class=\"wp-block-column is-layout-flow wp-block-column-is-layout-flow\">\n<p>A transi\u00e7\u00e3o ecol\u00f3gica tem v\u00e1rias dimens\u00f5es sociais. No entanto, para o Monitor dos Direitos Sociais, decidimos concentrar-nos nas quatro \u00e1reas seguintes, uma vez que as suas liga\u00e7\u00f5es aos direitos sociais s\u00e3o claras:<\/p>\n\n\n\n<ul class=\"wp-block-list\">\n<li>Qualidade dos empregos na transi\u00e7\u00e3o ecol\u00f3gica<\/li>\n\n\n\n<li>Acesso \u00e0 energia e pobreza energ\u00e9tica<\/li>\n\n\n\n<li>Acesso \u00e0 mobilidade sustent\u00e1vel e pobreza da mobilidade<\/li>\n<\/ul>\n\n\n\n<p>Por qualidade do emprego, entendemos o que a OIT designa por \"empregos dignos que contribuem para preservar ou restaurar o ambiente\". <\/p>\n<\/div>\n<\/div>","protected":false},"excerpt":{"rendered":"<p>Just Transition People in vulnerable situations \u2013 due to factors such as socio-economic status, geography, age and gender \u2013 are relatively more exposed to the impacts of climate change and environmental degradation. At the same time, socio-economic inequalities are among the root causes of the climate crisis: richer segments of the population pollute far more &hellip;<\/p>","protected":false},"author":2,"featured_media":0,"parent":0,"menu_order":0,"comment_status":"closed","ping_status":"closed","template":"","meta":{"_acf_changed":false,"footnotes":""},"class_list":["post-431","page","type-page","status-publish","hentry"],"acf":[],"_links":{"self":[{"href":"https:\/\/srm.solidar.org\/pt\/wp-json\/wp\/v2\/pages\/431","targetHints":{"allow":["GET"]}}],"collection":[{"href":"https:\/\/srm.solidar.org\/pt\/wp-json\/wp\/v2\/pages"}],"about":[{"href":"https:\/\/srm.solidar.org\/pt\/wp-json\/wp\/v2\/types\/page"}],"author":[{"embeddable":true,"href":"https:\/\/srm.solidar.org\/pt\/wp-json\/wp\/v2\/users\/2"}],"replies":[{"embeddable":true,"href":"https:\/\/srm.solidar.org\/pt\/wp-json\/wp\/v2\/comments?post=431"}],"version-history":[{"count":0,"href":"https:\/\/srm.solidar.org\/pt\/wp-json\/wp\/v2\/pages\/431\/revisions"}],"wp:attachment":[{"href":"https:\/\/srm.solidar.org\/pt\/wp-json\/wp\/v2\/media?parent=431"}],"curies":[{"name":"wp","href":"https:\/\/api.w.org\/{rel}","templated":true}]}}