{"id":1825,"date":"2025-08-29T05:45:58","date_gmt":"2025-08-29T05:45:58","guid":{"rendered":"https:\/\/srm.solidar.org\/?page_id=1825"},"modified":"2026-04-30T09:43:31","modified_gmt":"2026-04-30T09:43:31","slug":"other-monitors","status":"publish","type":"page","link":"https:\/\/srm.solidar.org\/sl\/other-monitors\/","title":{"rendered":"Drugi monitorji"},"content":{"rendered":"<h2 class=\"wp-block-heading\"><strong>Matrika ENHANCE<\/strong><\/h2>\n\n\n\n<p>Spletna stran <strong>Kartezi\u010dna matrika ENHANCE<\/strong> je edinstveno orodje, ki poudarja <em>glasovi in sodelovanje u\u010dencev<\/em> po vsej Evropi. Matrika je interaktivni zemljevid, ki omogo\u010da organizacijam za izobra\u017eevanje odraslih, da okrepijo glas u\u010dencev, soustvarjajo re\u0161itve in spodbujajo vklju\u010dujo\u010de spremembe. Razi\u0161\u010dite ve\u010d kot 30 dobrih praks iz vse Evrope!<\/p>\n\n\n\n<p>Matrika vsebuje <strong>primeri dobre prakse<\/strong> iz Irske, \u0160vice, Nizozemske, Belgije, Mad\u017earske in Avstrije ter mednarodne prakse. Matrica raziskuje:<\/p>\n\n\n\n<ul class=\"wp-block-list\">\n<li>Kdo lahko sodeluje v izobra\u017eevalnih procesih in kak\u0161ni so pogoji sodelovanja<\/li>\n\n\n\n<li>Kako lahko sodelovanje odraslih udele\u017eencev v izobra\u017eevanju vpliva na skupnosti, dru\u017ebe in politike.<\/li>\n\n\n\n<li>Kako so lahko glasovi u\u010dencev enako dragoceni in vplivni kot glasovi drugih dele\u017enikov v izobra\u017eevanju.<\/li>\n<\/ul>\n\n\n\n<div style=\"width: 100%;\"><div style=\"position: relative; padding-bottom: 56.25%; padding-top: 0; height: 0;\"><iframe loading=\"lazy\" title=\"Matrika ENHANCE\" frameborder=\"0\" width=\"1200px\" height=\"675px\" style=\"position: absolute; top: 0; left: 0; width: 100%; height: 100%;\" src=\"https:\/\/view.genially.com\/6687ae6995a2850014a4212d\" type=\"text\/html\" allowscriptaccess=\"always\" allowfullscreen=\"true\" scrolling=\"yes\" allownetworking=\"all\"><\/iframe> <\/div> <\/div>\n\n\n\n<p><strong>Odkrijte ve\u010d o ENHANCE<\/strong> <strong>projekt <\/strong>in kako to orodje oblikuje prakse vklju\u010dujo\u010dega izobra\u017eevanja po Evropi. <strong><a href=\"https:\/\/enhancelearnervoice.com\/enhance-matrix\/\" target=\"_blank\" rel=\"noreferrer noopener\">tukaj<\/a>.<\/strong><\/p>\n\n\n\n<p><\/p>\n\n\n\n<p><\/p>\n\n\n\n<h2 class=\"wp-block-heading\"><strong>Just4All Nacionalni referen\u010dni dokumenti o pravi\u010dnem prehodu, vse\u017eivljenjskem u\u010denju in izobra\u017eevanju odraslih<\/strong><\/h2>\n\n\n\n<p><strong>ABF<\/strong>,&nbsp;<strong>Ligue de l'enseignement<\/strong>,&nbsp;<strong>CARDET&nbsp;<\/strong>in .&nbsp;<strong>AONTAS<\/strong>, povezani subjekti projekta, ki ga financira EU<a href=\"https:\/\/www.solidar.org\/project\/just4all-adult-education-for-a-just-transition\/\"><strong>Projekt Just4All&nbsp;<\/strong><\/a>so pripravili \u0161tiri informativne dokumente o razmerah na Irskem, v Franciji, na Cipru in na \u0160vedskem.<\/p>\n\n\n\n<p>\u0160tirje nacionalni referen\u010dni dokumenti prikazujejo stanje politik, katerih cilj je razviti ustrezne programe izobra\u017eevanja odraslih v podporo pravi\u010dnemu prehodu. Dokumenti vklju\u010dujejo priporo\u010dila za politike na nacionalni ravni. SOLIDAR je na podlagi priporo\u010dil partnerjev o nacionalnih okvirih pripravil letak s priporo\u010dili za evropsko raven. Bro\u0161ura z enim okvirom je na voljo v angle\u0161\u010dini, \u0161tirje temeljni dokumenti pa v angle\u0161\u010dini, gr\u0161\u010dini, franco\u0161\u010dini in \u0161ved\u0161\u010dini.<\/p>\n\n\n\n<p><strong>En pager:<\/strong><\/p>\n\n\n\n<ul class=\"wp-block-list\">\n<li><a href=\"https:\/\/www.solidar.org\/publications-page\/just4all-national-background-papers-on-just-transition-lifelong-learning-and-adult-education\/\">PRAVI\u010cEN PREHOD IN VSE\u017dIVLJENJSKO U\u010cENJE<\/a>: 5 priporo\u010dil za u\u010dinkovite politike (SI)<\/li>\n<\/ul>\n\n\n\n<p><strong>AONTAS, Irska<\/strong><\/p>\n\n\n\n<ul class=\"wp-block-list\">\n<li><a href=\"https:\/\/www.solidar.org\/wp-content\/uploads\/2024\/11\/backgr1.pdf\">Nacionalni temeljni dokument: Pravi\u010den prehod, vse\u017eivljenjsko u\u010denje in izobra\u017eevanje odraslih na Irskem<\/a> (ENG)<\/li>\n<\/ul>\n\n\n\n<p><strong>CARDET, Ciper<\/strong><\/p>\n\n\n\n<ul class=\"wp-block-list\">\n<li><a href=\"https:\/\/www.solidar.org\/wp-content\/uploads\/2024\/11\/backgr2.pdf\">Nacionalni temeljni dokument: Pravi\u010den prehod, vse\u017eivljenjsko u\u010denje in izobra\u017eevanje odraslih na Cipru (ZA)<\/a><\/li>\n\n\n\n<li><a href=\"https:\/\/www.solidar.org\/wp-content\/uploads\/2024\/11\/just4all-greek-3.pdf\">Nacionalni temeljni dokument: Pravi\u010den prehod, vse\u017eivljenjsko u\u010denje in izobra\u017eevanje odraslih na Cipru (GR)<\/a><\/li>\n<\/ul>\n\n\n\n<p><strong>Ligue de l'enseignement, Francija<\/strong><\/p>\n\n\n\n<ul class=\"wp-block-list\">\n<li><a href=\"https:\/\/www.solidar.org\/wp-content\/uploads\/2024\/11\/backgr3.pdf\">Nacionalni referen\u010dni dokument: Pravi\u010den prehod, vse\u017eivljenjsko u\u010denje in izobra\u017eevanje odraslih v Franciji (ZA)<\/a><\/li>\n\n\n\n<li><a href=\"https:\/\/www.solidar.org\/wp-content\/uploads\/2024\/11\/just4all-french-2.pdf\">Nacionalni referen\u010dni dokument: Pravi\u010den prehod, vse\u017eivljenjsko u\u010denje in izobra\u017eevanje odraslih v Franciji (FR)<\/a><\/li>\n<\/ul>\n\n\n\n<p><strong>ABF, \u0160vedska<\/strong><\/p>\n\n\n\n<ul class=\"wp-block-list\">\n<li><a href=\"https:\/\/www.solidar.org\/wp-content\/uploads\/2024\/11\/backgr4.pdf\">Nacionalni referen\u010dni dokument: Pravi\u010den prehod, vse\u017eivljenjsko u\u010denje in izobra\u017eevanje odraslih na \u0160vedskem (angle\u0161\u010dina)<\/a><\/li>\n\n\n\n<li><a href=\"https:\/\/www.solidar.org\/wp-content\/uploads\/2024\/11\/just4all-sweden-final-2.pdf\">Nacionalni referen\u010dni dokument: Pravi\u010den prehod, vse\u017eivljenjsko u\u010denje in izobra\u017eevanje odraslih na \u0160vedskem (SWE)<\/a><\/li>\n<\/ul>","protected":false},"excerpt":{"rendered":"<p>The ENHANCE Matrix The ENHANCE Cartesian Matrix is a unique tool that highlights learners\u2019 voices and participation across Europe. The Matrix is an interactive map on empowering adult learning organisations to amplify learners\u2019 voices, co-create solutions, and drive inclusive change. Explore more than 30 good practices from around Europe! The Matrix contains good practice examples &hellip;<\/p>","protected":false},"author":24,"featured_media":0,"parent":0,"menu_order":0,"comment_status":"closed","ping_status":"closed","template":"","meta":{"_acf_changed":false,"footnotes":""},"class_list":["post-1825","page","type-page","status-publish","hentry"],"acf":[],"_links":{"self":[{"href":"https:\/\/srm.solidar.org\/sl\/wp-json\/wp\/v2\/pages\/1825","targetHints":{"allow":["GET"]}}],"collection":[{"href":"https:\/\/srm.solidar.org\/sl\/wp-json\/wp\/v2\/pages"}],"about":[{"href":"https:\/\/srm.solidar.org\/sl\/wp-json\/wp\/v2\/types\/page"}],"author":[{"embeddable":true,"href":"https:\/\/srm.solidar.org\/sl\/wp-json\/wp\/v2\/users\/24"}],"replies":[{"embeddable":true,"href":"https:\/\/srm.solidar.org\/sl\/wp-json\/wp\/v2\/comments?post=1825"}],"version-history":[{"count":0,"href":"https:\/\/srm.solidar.org\/sl\/wp-json\/wp\/v2\/pages\/1825\/revisions"}],"wp:attachment":[{"href":"https:\/\/srm.solidar.org\/sl\/wp-json\/wp\/v2\/media?parent=1825"}],"curies":[{"name":"wp","href":"https:\/\/api.w.org\/{rel}","templated":true}]}}