{"id":423,"date":"2023-02-13T16:58:29","date_gmt":"2023-02-13T16:58:29","guid":{"rendered":"https:\/\/srm.solidar.org\/?page_id=423"},"modified":"2024-08-08T13:59:10","modified_gmt":"2024-08-08T13:59:10","slug":"equal-opportunities-and-access-to-the-labour-market","status":"publish","type":"page","link":"https:\/\/srm.solidar.org\/sl\/equal-opportunities-and-access-to-the-labour-market\/","title":{"rendered":"Enake mo\u017enosti in dostop do trga dela"},"content":{"rendered":"<h2 class=\"wp-block-heading\">Enake mo\u017enosti in dostop do trga dela<\/h2>\n\n\n\n<div class=\"wp-block-columns is-layout-flex wp-container-core-columns-is-layout-9d6595d7 wp-block-columns-is-layout-flex\">\n<div class=\"wp-block-column is-layout-flow wp-block-column-is-layout-flow\">\n<p>Ta tema je obravnavana v poglavju 1 evropskega stebra socialnih pravic. V njem so analizirane politike in ukrepi, ki so jih uvedle evropske dr\u017eave, da bi marginaliziranim skupinam zagotovile enake mo\u017enosti za sodelovanje v dru\u017ebi, med drugim tudi na trgu dela.  Z vpra\u0161alnikom za spremljanje socialnih pravic za vsako dr\u017eavo ocenjujemo naslednje:<\/p>\n\n\n\n<ul class=\"wp-block-list\">\n<li>Nalo\u017ebe v sistem socialnega varstva<\/li>\n\n\n\n<li>Enakost spolov<\/li>\n\n\n\n<li>Izobra\u017eevanje, usposabljanje in vse\u017eivljenjsko u\u010denje<\/li>\n\n\n\n<li>Vklju\u010devanje migrantov, beguncev in prosilcev za azil ter drugih skupin v ranljivem polo\u017eaju<\/li>\n\n\n\n<li>Zaposlovanje mladih<\/li>\n<\/ul>\n\n\n\n<p><\/p>\n<\/div>\n\n\n\n<div class=\"wp-block-column is-layout-flow wp-block-column-is-layout-flow\">\n<p>Medsektorski vidiki, kot je vidik spola, katerih cilj je oceniti vpliv politik na marginalizirane skupine, niso omejeni na ta del Monitorja, temve\u010d so vklju\u010deni v celoten SRM.<\/p>\n<\/div>\n<\/div>","protected":false},"excerpt":{"rendered":"<p>Equal opportunities and access to the labour market This theme is developed in Chapter 1 of the European Pillar of Social Rights. It analyses the policies and measures put in place by European countries to ensure that marginalised groups have equal opportunities to participate in society, including \u2013 but not limited to \u2013 through the &hellip;<\/p>","protected":false},"author":2,"featured_media":0,"parent":0,"menu_order":0,"comment_status":"closed","ping_status":"closed","template":"","meta":{"_acf_changed":false,"footnotes":""},"class_list":["post-423","page","type-page","status-publish","hentry"],"acf":[],"_links":{"self":[{"href":"https:\/\/srm.solidar.org\/sl\/wp-json\/wp\/v2\/pages\/423","targetHints":{"allow":["GET"]}}],"collection":[{"href":"https:\/\/srm.solidar.org\/sl\/wp-json\/wp\/v2\/pages"}],"about":[{"href":"https:\/\/srm.solidar.org\/sl\/wp-json\/wp\/v2\/types\/page"}],"author":[{"embeddable":true,"href":"https:\/\/srm.solidar.org\/sl\/wp-json\/wp\/v2\/users\/2"}],"replies":[{"embeddable":true,"href":"https:\/\/srm.solidar.org\/sl\/wp-json\/wp\/v2\/comments?post=423"}],"version-history":[{"count":0,"href":"https:\/\/srm.solidar.org\/sl\/wp-json\/wp\/v2\/pages\/423\/revisions"}],"wp:attachment":[{"href":"https:\/\/srm.solidar.org\/sl\/wp-json\/wp\/v2\/media?parent=423"}],"curies":[{"name":"wp","href":"https:\/\/api.w.org\/{rel}","templated":true}]}}