{"id":429,"date":"2023-02-13T16:59:25","date_gmt":"2023-02-13T16:59:25","guid":{"rendered":"https:\/\/srm.solidar.org\/?page_id=429"},"modified":"2024-08-08T14:06:16","modified_gmt":"2024-08-08T14:06:16","slug":"civic-space","status":"publish","type":"page","link":"https:\/\/srm.solidar.org\/sl\/civic-space\/","title":{"rendered":"Dr\u017eavljanski prostor"},"content":{"rendered":"<h2 class=\"wp-block-heading\">Dr\u017eavljanski prostor<\/h2>\n\n\n\n<div class=\"wp-block-columns is-layout-flex wp-container-core-columns-is-layout-9d6595d7 wp-block-columns-is-layout-flex\">\n<div class=\"wp-block-column is-layout-flow wp-block-column-is-layout-flow\">\n<p>V okviru Monitorja socialnih pravic razlagamo dr\u017eavljanski prostor kot prostor, ki omogo\u010da sodelovanje organizirane civilne dru\u017ebe in dr\u017eavljanov pri oblikovanju politik. To lahko storijo zaradi zagotavljanja in za\u0161\u010dite naslednjih elementov:<\/p>\n\n\n\n<ul class=\"wp-block-list\">\n<li>Prostor, ki omogo\u010da delovanje organizacij civilne dru\u017ebe<\/li>\n\n\n\n<li>Vklju\u010devanje organizacij civilne dru\u017ebe v civilni dialog<\/li>\n<\/ul>\n\n\n\n<p>V zvezi z drugo to\u010dko ocenjujemo tudi, ali je civilna dru\u017eba smiselno vklju\u010dena v proces evropskega semestra. Pri dr\u017eavah kandidatkah za \u010dlanstvo v EU spremljamo vklju\u010denost organizacij civilne dru\u017ebe v reforme, potrebne za pristopni proces.<\/p>\n\n\n\n<p><\/p>\n<\/div>\n\n\n\n<div class=\"wp-block-column is-layout-flow wp-block-column-is-layout-flow\">\n<p>Menimo, da je dr\u017eavljanski prostor bistvenega pomena za uresni\u010ditev bolj socialne Evrope. Civilna dru\u017eba je bistvenega pomena za demokracijo in krepitev glasu ljudi, ki so najbolj<a> <\/a>zanemarjen<a href=\"https:\/\/srm.solidar.org\/wp-admin\/post.php?post=429&amp;action=edit#_msocom_3\">. <\/a>Sam Monitor socialnih pravic temelji na prispevkih organizacij civilne dru\u017ebe in se opira na njihov privilegiran pogled na potrebe marginaliziranih skupin in stanje vklju\u010devanja na nacionalni ravni. &nbsp;<\/p>\n<\/div>\n<\/div>","protected":false},"excerpt":{"rendered":"<p>Civic Space In the framework of the Social Rights Monitor, we interpret civic space as an enabling space in which organised civil society and citizens participate in policymaking. They can do this thanks to the guarantee and protection of the following elements: With reference to the second point, we also assess whether civil society is &hellip;<\/p>","protected":false},"author":2,"featured_media":0,"parent":0,"menu_order":0,"comment_status":"closed","ping_status":"closed","template":"","meta":{"_acf_changed":false,"footnotes":""},"class_list":["post-429","page","type-page","status-publish","hentry"],"acf":[],"_links":{"self":[{"href":"https:\/\/srm.solidar.org\/sl\/wp-json\/wp\/v2\/pages\/429","targetHints":{"allow":["GET"]}}],"collection":[{"href":"https:\/\/srm.solidar.org\/sl\/wp-json\/wp\/v2\/pages"}],"about":[{"href":"https:\/\/srm.solidar.org\/sl\/wp-json\/wp\/v2\/types\/page"}],"author":[{"embeddable":true,"href":"https:\/\/srm.solidar.org\/sl\/wp-json\/wp\/v2\/users\/2"}],"replies":[{"embeddable":true,"href":"https:\/\/srm.solidar.org\/sl\/wp-json\/wp\/v2\/comments?post=429"}],"version-history":[{"count":0,"href":"https:\/\/srm.solidar.org\/sl\/wp-json\/wp\/v2\/pages\/429\/revisions"}],"wp:attachment":[{"href":"https:\/\/srm.solidar.org\/sl\/wp-json\/wp\/v2\/media?parent=429"}],"curies":[{"name":"wp","href":"https:\/\/api.w.org\/{rel}","templated":true}]}}