{"id":386,"date":"2023-02-10T09:56:08","date_gmt":"2023-02-10T09:56:08","guid":{"rendered":"https:\/\/srm.solidar.org\/?page_id=386"},"modified":"2023-07-17T16:19:05","modified_gmt":"2023-07-17T16:19:05","slug":"about-us","status":"publish","type":"page","link":"https:\/\/srm.solidar.org\/sq\/about-us\/","title":{"rendered":"Rreth Nesh"},"content":{"rendered":"<div class=\"wp-block-columns is-layout-flex wp-container-core-columns-is-layout-9d6595d7 wp-block-columns-is-layout-flex\">\n<div class=\"wp-block-column is-layout-flow wp-block-column-is-layout-flow\" style=\"flex-basis:25%\">\n<h2 class=\"wp-block-heading\">Navigimi<\/h2>\n\n\n<nav class=\"has-medium-font-size is-responsive items-justified-left custom-sidebar-menu wp-block-navigation is-content-justification-left is-layout-flex wp-container-core-navigation-is-layout-fdcfc74e wp-block-navigation-is-layout-flex\" aria-label=\"Shiriti an\u00ebsor\" \n\t\t data-wp-interactive=\"core\/navigation\" data-wp-context='{\"overlayOpenedBy\":{\"click\":false,\"hover\":false,\"focus\":false},\"type\":\"overlay\",\"roleAttribute\":\"\",\"ariaLabel\":\"Menu\"}'><button aria-haspopup=\"dialog\" aria-label=\"Hape menun\u00eb\" class=\"wp-block-navigation__responsive-container-open\" \n\t\t\t\tdata-wp-on--click=\"actions.openMenuOnClick\"\n\t\t\t\tdata-wp-on--keydown=\"actions.handleMenuKeydown\"\n\t\t\t><svg width=\"24\" height=\"24\" xmlns=\"http:\/\/www.w3.org\/2000\/svg\" viewbox=\"0 0 24 24\"><path d=\"M5 5v1.5h14V5H5z\"><\/path><path d=\"M5 12.8h14v-1.5H5v1.5z\"><\/path><path d=\"M5 19h14v-1.5H5V19z\"><\/path><\/svg><\/button>\n\t\t\t\t<div class=\"wp-block-navigation__responsive-container\"  id=\"modal-1\" \n\t\t\t\tdata-wp-class--has-modal-open=\"state.isMenuOpen\"\n\t\t\t\tdata-wp-class--is-menu-open=\"state.isMenuOpen\"\n\t\t\t\tdata-wp-watch=\"callbacks.initMenu\"\n\t\t\t\tdata-wp-on--keydown=\"actions.handleMenuKeydown\"\n\t\t\t\tdata-wp-on--focusout=\"actions.handleMenuFocusout\"\n\t\t\t\ttabindex=\"-1\"\n\t\t\t>\n\t\t\t\t\t<div class=\"wp-block-navigation__responsive-close\" tabindex=\"-1\">\n\t\t\t\t\t\t<div class=\"wp-block-navigation__responsive-dialog\" \n\t\t\t\tdata-wp-bind--aria-modal=\"state.ariaModal\"\n\t\t\t\tdata-wp-bind--aria-label=\"state.ariaLabel\"\n\t\t\t\tdata-wp-bind--role=\"state.roleAttribute\"\n\t\t\t>\n\t\t\t\t\t\t\t<button aria-label=\"Mbylle menun\u00eb\" class=\"wp-block-navigation__responsive-container-close\" \n\t\t\t\tdata-wp-on--click=\"actions.closeMenuOnClick\"\n\t\t\t><svg xmlns=\"http:\/\/www.w3.org\/2000\/svg\" viewbox=\"0 0 24 24\" width=\"24\" height=\"24\" aria-hidden=\"true\" focusable=\"false\"><path d=\"m13.06 12 6.47-6.47-1.06-1.06L12 10.94 5.53 4.47 4.47 5.53 10.94 12l-6.47 6.47 1.06 1.06L12 13.06l6.47 6.47 1.06-1.06L13.06 12Z\"><\/path><\/svg><\/button>\n\t\t\t\t\t\t\t<div class=\"wp-block-navigation__responsive-container-content\" \n\t\t\t\tdata-wp-watch=\"callbacks.focusFirstElement\"\n\t\t\t id=\"modal-1-content\">\n\t\t\t\t\t\t\t\t<ul class=\"wp-block-navigation__container has-medium-font-size is-responsive items-justified-left custom-sidebar-menu wp-block-navigation has-medium-font-size\"><li class=\"has-medium-font-size wp-block-navigation-item wp-block-navigation-link\"><a class=\"wp-block-navigation-item__content\"  href=\"https:\/\/srm.solidar.org\/sq\/about-us\/\"><span class=\"wp-block-navigation-item__label\">Rreth Nesh<\/span><\/a><\/li><\/ul>\n\t\t\t\t\t\t\t<\/div>\n\t\t\t\t\t\t<\/div>\n\t\t\t\t\t<\/div>\n\t\t\t\t<\/div><\/nav><\/div>\n\n\n\n<div class=\"wp-block-column is-layout-flow wp-block-column-is-layout-flow\" style=\"flex-basis:75%\">\n<p>Monitoruesi i t\u00eb Drejtave Sociale \u00ebsht\u00eb nj\u00eb mjet q\u00eb p\u00ebrforcon z\u00ebrin e shoq\u00ebris\u00eb civile progresive n\u00eb nivel komb\u00ebtar. P\u00ebrmbajtja e tij bazohet n\u00eb t\u00eb dh\u00ebnat e ofruara nga Grupet e Strategjis\u00eb Komb\u00ebtare (NSG) t\u00eb krijuara nga an\u00ebtar\u00ebt dhe partner\u00ebt e SOLIDAR, t\u00eb cil\u00ebt jan\u00eb aktiv\u00eb n\u00eb vendet e analizuara. Ato p\u00ebrb\u00ebhen nga OJQ, shoqata, l\u00ebvizje, sindikata, akademi dhe grupe t\u00eb mendimit, duke siguruar q\u00eb perspektiva e shoq\u00ebris\u00eb civile t\u00eb pasqyrohet n\u00eb analiz\u00ebn e Monitorit t\u00eb t\u00eb Drejtave Sociale. Monitori pasqyron eksperiencat e k\u00ebtyre organizatave, t\u00eb cilat jan\u00eb aktive n\u00eb terren, dhe p\u00ebrvojat plot\u00ebsohen nga t\u00eb dh\u00ebnat shkencore t\u00eb mbledhura p\u00ebrmes hulumtimit n\u00eb zyr\u00eb.<\/p>\n\n\n\n<p>T\u00eb dh\u00ebnat e p\u00ebrpunuara n\u00eb Monitorin e t\u00eb Drejtave Sociale mblidhen nga sekretariati i SOLIDAR-it n\u00ebp\u00ebrmjet nj\u00eb pyet\u00ebsori t\u00eb shp\u00ebrndar\u00eb tek Drejtuesit e Grupit t\u00eb Strategjis\u00eb Komb\u00ebtare (an\u00ebtar\u00ebt tan\u00eb komb\u00ebtar\u00eb) dhe t\u00eb plot\u00ebsuar me informacionin e prodhuar nga secili grup. Nga viti 2023, ky pyet\u00ebsor \u00ebsht\u00eb realizuar online.<\/p>\n\n\n\n<p>Bazuar n\u00eb pamjen q\u00eb del nga Monitor, SOLIDAR dhe NSG-t\u00eb s\u00eb bashku hartojn\u00eb rekomandime politikash p\u00ebr politik\u00ebb\u00ebr\u00ebsit e BE-s\u00eb. K\u00ebto synojn\u00eb t&#039;i b\u00ebjn\u00eb t\u00eb drejtat sociale, nj\u00eb planet t\u00eb sh\u00ebndetsh\u00ebm dhe nj\u00eb hap\u00ebsir\u00eb qytetare aft\u00ebsuese, t\u00eb lir\u00eb dhe t\u00eb mbrojtur, t\u00eb jen\u00eb realitet p\u00ebr t\u00eb gjith\u00eb n\u00eb Evrop\u00eb. Rekomandimet kryesore q\u00eb rrjedhin nga analiza jan\u00eb p\u00ebrdorur si baz\u00eb p\u00ebr pun\u00ebn e SOLIDAR-it p\u00ebr avokim p\u00ebr \u00e7\u00ebshtjet sociale.<\/p>\n\n\n\n<hr class=\"wp-block-separator has-alpha-channel-opacity\"\/>\n\n\n\n<p><\/p>\n<\/div>\n<\/div>\n\n\n\n<style>\n#main{width: 90%;\n    margin: 0 auto;\n    box-shadow: none;\n    border: 0px;}\n.cities_list,\n.advc_btn_class{display: none}\n.site-branding{position: relative}\n#main-column .post, #main-column .page{border: 0px}\n<\/style>","protected":false},"excerpt":{"rendered":"<p>Navigation The Social Rights Monitor is a tool that amplifies the voice of progressive civil society at national level. Its content is based on the inputs provided by the National Strategy Groups (NSGs) set up by SOLIDAR\u2019s members and partners, which are active in the countries analysed. They consist of NGOs, associations, movements, trade unions, &hellip;<\/p>","protected":false},"author":2,"featured_media":0,"parent":0,"menu_order":0,"comment_status":"closed","ping_status":"closed","template":"","meta":{"_acf_changed":false,"footnotes":""},"class_list":["post-386","page","type-page","status-publish","hentry"],"acf":[],"_links":{"self":[{"href":"https:\/\/srm.solidar.org\/sq\/wp-json\/wp\/v2\/pages\/386","targetHints":{"allow":["GET"]}}],"collection":[{"href":"https:\/\/srm.solidar.org\/sq\/wp-json\/wp\/v2\/pages"}],"about":[{"href":"https:\/\/srm.solidar.org\/sq\/wp-json\/wp\/v2\/types\/page"}],"author":[{"embeddable":true,"href":"https:\/\/srm.solidar.org\/sq\/wp-json\/wp\/v2\/users\/2"}],"replies":[{"embeddable":true,"href":"https:\/\/srm.solidar.org\/sq\/wp-json\/wp\/v2\/comments?post=386"}],"version-history":[{"count":0,"href":"https:\/\/srm.solidar.org\/sq\/wp-json\/wp\/v2\/pages\/386\/revisions"}],"wp:attachment":[{"href":"https:\/\/srm.solidar.org\/sq\/wp-json\/wp\/v2\/media?parent=386"}],"curies":[{"name":"wp","href":"https:\/\/api.w.org\/{rel}","templated":true}]}}