{"id":417,"date":"2023-02-13T16:57:14","date_gmt":"2023-02-13T16:57:14","guid":{"rendered":"https:\/\/srm.solidar.org\/?page_id=417"},"modified":"2023-05-08T10:06:19","modified_gmt":"2023-05-08T10:06:19","slug":"solidar","status":"publish","type":"page","link":"https:\/\/srm.solidar.org\/sq\/solidar\/","title":{"rendered":"Solidar"},"content":{"rendered":"<h2 class=\"wp-block-heading\">Kush \u00ebsht\u00eb Solidar<\/h2>\n\n\n\n<div class=\"wp-block-columns is-layout-flex wp-container-core-columns-is-layout-9d6595d7 wp-block-columns-is-layout-flex\">\n<div class=\"wp-block-column is-layout-flow wp-block-column-is-layout-flow\">\n<p><\/p>\n<\/div>\n<\/div>\n\n\n\n<div class=\"wp-block-columns is-layout-flex wp-container-core-columns-is-layout-9d6595d7 wp-block-columns-is-layout-flex\">\n<div class=\"wp-block-column is-layout-flow wp-block-column-is-layout-flow\">\n<p><strong>SOLIDAR \u00ebsht\u00eb nj\u00eb rrjet evropian i Organizatave progresive t\u00eb Shoq\u00ebris\u00eb Civile (OSHC) q\u00eb punojn\u00eb p\u00ebr t\u00eb avancuar drejt\u00ebsin\u00eb sociale p\u00ebrmes nj\u00eb tranzicioni t\u00eb drejt\u00eb n\u00eb Evrop\u00eb dhe n\u00eb mbar\u00eb bot\u00ebn. Ne p\u00ebrfaq\u00ebsojm\u00eb mbi&nbsp;<a href=\"http:\/\/www.solidar.org\/en\/about-us\/members-and-partners\">50 organizata an\u00ebtare<\/a>&nbsp;me baz\u00eb n\u00eb 26 vende (19 prej t\u00eb cilave jan\u00eb vende t\u00eb BE-s\u00eb), nd\u00ebr t\u00eb cilat OSHC-t\u00eb komb\u00ebtare n\u00eb Evrop\u00eb, si dhe disa organizata jo-BE dhe n\u00eb mbar\u00eb BE-n\u00eb, q\u00eb punojn\u00eb n\u00eb nj\u00eb ose m\u00eb shum\u00eb nga fushat tona t\u00eb veprimtaris\u00eb.<\/strong> <\/p>\n<\/div>\n\n\n\n<div class=\"wp-block-column is-layout-flow wp-block-column-is-layout-flow\">\n<p>Rrjeti \u00ebsht\u00eb bashkuar nga vlerat e p\u00ebrbashk\u00ebta t\u00eb solidaritetit, barazis\u00eb dhe pjes\u00ebmarrjes.<\/p>\n\n\n\n<p>SOLIDAR shpreh shqet\u00ebsimet e organizatave t\u00eb tij an\u00ebtare n\u00eb BE dhe institucionet nd\u00ebrkomb\u00ebtare duke kryer veprime avokuese, menaxhimin dhe koordinimin e projekteve, monitorimin e politikave dhe rritjen e nd\u00ebrgjegj\u00ebsimit n\u00eb fusha t\u00eb ndryshme t\u00eb politikave t\u00eb tij.<\/p>\n<\/div>\n<\/div>\n\n\n\n<iframe src=\"https:\/\/www.google.com\/maps\/d\/u\/0\/embed?mid=1xPDtler32u7ZDXKeFWJSNUh_ynUUM7zd&#038;ehbc=2E312F\" \n style=\"width:100%; height: 750px\"><\/iframe>","protected":false},"excerpt":{"rendered":"<p>Who is Solidar SOLIDAR&nbsp;is a European network of progressive Civil Society Organisations (CSOs) working to advance social justice through a just transition in Europe and worldwide.&nbsp;We represent over&nbsp;50 member organisations&nbsp;based in 26&nbsp;countries (19&nbsp;of which are EU countries), among which national CSOs in Europe, as well as some non-EU and EU-wide organisations, working in one or &hellip;<\/p>","protected":false},"author":2,"featured_media":0,"parent":0,"menu_order":0,"comment_status":"closed","ping_status":"closed","template":"","meta":{"_acf_changed":false,"footnotes":""},"class_list":["post-417","page","type-page","status-publish","hentry"],"acf":[],"_links":{"self":[{"href":"https:\/\/srm.solidar.org\/sq\/wp-json\/wp\/v2\/pages\/417","targetHints":{"allow":["GET"]}}],"collection":[{"href":"https:\/\/srm.solidar.org\/sq\/wp-json\/wp\/v2\/pages"}],"about":[{"href":"https:\/\/srm.solidar.org\/sq\/wp-json\/wp\/v2\/types\/page"}],"author":[{"embeddable":true,"href":"https:\/\/srm.solidar.org\/sq\/wp-json\/wp\/v2\/users\/2"}],"replies":[{"embeddable":true,"href":"https:\/\/srm.solidar.org\/sq\/wp-json\/wp\/v2\/comments?post=417"}],"version-history":[{"count":0,"href":"https:\/\/srm.solidar.org\/sq\/wp-json\/wp\/v2\/pages\/417\/revisions"}],"wp:attachment":[{"href":"https:\/\/srm.solidar.org\/sq\/wp-json\/wp\/v2\/media?parent=417"}],"curies":[{"name":"wp","href":"https:\/\/api.w.org\/{rel}","templated":true}]}}