{"id":419,"date":"2023-02-13T16:57:35","date_gmt":"2023-02-13T16:57:35","guid":{"rendered":"https:\/\/srm.solidar.org\/?page_id=419"},"modified":"2025-10-14T13:03:26","modified_gmt":"2025-10-14T13:03:26","slug":"srm","status":"publish","type":"page","link":"https:\/\/srm.solidar.org\/sq\/srm\/","title":{"rendered":"SRM"},"content":{"rendered":"<div class=\"wp-block-pb-accordion-item c-accordion__item js-accordion-item no-js is-open\" data-initially-open=\"true\" data-click-to-close=\"true\" data-auto-close=\"true\" data-scroll=\"false\" data-scroll-offset=\"0\"><h2 id=\"at-4190\" class=\"c-accordion__title js-accordion-controller\" role=\"button\">\u00c7far\u00eb \u00ebsht\u00eb Monitoruesi i t\u00eb Drejtave Sociale (SRM)?<\/h2><div id=\"ac-4190\" class=\"c-accordion__content\">\n<div class=\"wp-block-columns is-layout-flex wp-container-core-columns-is-layout-9d6595d7 wp-block-columns-is-layout-flex\">\n<div class=\"wp-block-column is-layout-flow wp-block-column-is-layout-flow\">\n<p>Monitoruesi i t\u00eb Drejtave Sociale vler\u00ebson zbatimin e Shtyll\u00ebs Evropiane t\u00eb t\u00eb Drejtave Sociale (EPSR) n\u00eb nivel komb\u00ebtar nga perspektiva e shoq\u00ebris\u00eb civile. EPSR - i njohur gjithashtu si Shtylla Sociale - \u00ebsht\u00eb nj\u00eb grup prej 20 parimesh q\u00eb udh\u00ebheqin veprimin e Bashkimit Evropian n\u00eb fush\u00ebn e \u00e7\u00ebshtjeve dhe politikave sociale. Me fjal\u00eb t\u00eb tjera, synohet t\u00eb jet\u00eb nj\u00eb busull q\u00eb drejton BE-n\u00eb drejt nj\u00eb Evrope m\u00eb sociale. P\u00ebr shum\u00eb njer\u00ebz, megjithat\u00eb, zbatimi i k\u00ebtyre parimeve n\u00eb nivel komb\u00ebtar dhe t\u00eb BE-s\u00eb nuk \u00ebsht\u00eb ende nj\u00eb realitet.<\/p>\n\n\n\n<p>Fal\u00eb kontributit t\u00eb an\u00ebtar\u00ebve tan\u00eb dhe rrjeteve t\u00eb tyre n\u00eb terren (Grupet e Strategjis\u00eb Komb\u00ebtare), SOLIDAR monitoron shkall\u00ebn n\u00eb t\u00eb cil\u00ebn t\u00eb drejtat sociale respektohen, mb\u00ebshteten dhe promovohen p\u00ebr t\u00eb gjith\u00eb njer\u00ebzit q\u00eb jetojn\u00eb n\u00eb BE. Monitoruesi i t\u00eb Drejtave Sociale gjithashtu heton sh\u00ebndetin e hap\u00ebsir\u00ebs qytetare dhe dialogun social dhe civil n\u00eb BE, si dhe shkall\u00ebn n\u00eb t\u00eb cil\u00ebn po ndiqet nj\u00eb tranzicion i drejt\u00eb. Prandaj, fushat tematike t\u00eb mbuluara nga Monitori jan\u00eb si m\u00eb posht\u00eb: Mund\u00ebsi t\u00eb barabarta dhe akses n\u00eb tregun e pun\u00ebs; Kushtet e drejta t\u00eb pun\u00ebs; P\u00ebrfshirja dhe mbrojtja sociale; nj\u00eb tranzicion i drejt\u00eb; dhe hap\u00ebsir\u00eb qytetare. Tre t\u00eb par\u00ebt korrespondojn\u00eb me tre kapitujt e EPSR, nd\u00ebrsa dy t\u00eb fundit jan\u00eb shtuar p\u00ebr t\u00eb dh\u00ebn\u00eb nj\u00eb pamje m\u00eb t\u00eb plot\u00eb t\u00eb drejt\u00ebsis\u00eb sociale n\u00eb Evrop\u00eb.<\/p>\n\n\n\n<p>Fal\u00eb t\u00eb dh\u00ebnave t\u00eb dor\u00ebs s\u00eb par\u00eb t\u00eb mbledhura nga organizatat komb\u00ebtare t\u00eb shoq\u00ebris\u00eb civile, Monitoruesi i t\u00eb Drejtave Sociale p\u00ebrb\u00ebn nj\u00eb kanal t\u00eb drejtp\u00ebrdrejt\u00eb t\u00eb rekomandimeve t\u00eb politikave nd\u00ebrmjet nivelit komb\u00ebtar dhe politik\u00ebb\u00ebr\u00ebsve t\u00eb BE-s\u00eb. N\u00eb k\u00ebt\u00eb m\u00ebnyr\u00eb ai amplifikon z\u00ebrat dhe nevojat e grupeve m\u00eb t\u00eb margjinalizuara. Monitori i kushton nj\u00eb seksion &quot;mesazheve avokuese&quot; t\u00eb cilat rezultojn\u00eb nga analizat n\u00eb nivel komb\u00ebtar n\u00eb secil\u00ebn fush\u00eb tematike dhe u drejtohen politik\u00ebb\u00ebr\u00ebsve t\u00eb BE-s\u00eb.<\/p>\n<\/div>\n\n\n\n<div class=\"wp-block-column is-layout-flow wp-block-column-is-layout-flow\">\n<p>Vendeve u caktohet nj\u00eb pik\u00eb p\u00ebr secil\u00ebn fush\u00eb tematike nga nj\u00eb maksimum prej 100 pik\u00ebsh. Kjo e b\u00ebn t\u00eb dukshme menj\u00ebher\u00eb se si \u00e7do vend po performon n\u00eb \u00e7do fush\u00eb dhe mund\u00ebson krahasimin me vendet e tjera. Rezultatet numerike burojn\u00eb nga vler\u00ebsimet e Grupeve t\u00eb Strategjis\u00eb Komb\u00ebtare (NSG) p\u00ebr zhvillimet komb\u00ebtare n\u00eb lidhje me t\u00eb drejtat sociale, hap\u00ebsir\u00ebn qytetare dhe tranzicionin e drejt\u00eb. Zhvillimet negative n\u00eb nj\u00eb zon\u00eb rezultojn\u00eb n\u00eb rezultate m\u00eb t\u00eb ul\u00ebta. NSG-t\u00eb i vler\u00ebsojn\u00eb k\u00ebto zhvillime p\u00ebr \u00e7do vend duke iu p\u00ebrgjigjur pyetjeve t\u00eb shkall\u00ebs Linkert. Kjo do t\u00eb thot\u00eb se rezultati i fush\u00ebs tematike t\u00eb nj\u00eb vendi jepet duke mbledhur t\u00eb gjitha normat e dh\u00ebna p\u00ebr pyetjet n\u00eb lidhje me at\u00eb fush\u00eb tematike dhe duke shprehur pik\u00ebt nga 100. Rezultati i p\u00ebrgjithsh\u00ebm i nj\u00eb vendi \u00ebsht\u00eb mesatarja e pik\u00ebve t\u00eb fushave tematike. Detaje t\u00eb m\u00ebtejshme mbi pyet\u00ebsorin dhe mbledhjen e t\u00eb dh\u00ebnave jepen n\u00eb seksionin &quot;Rreth: Cili \u00ebsht\u00eb procesi?&quot; <\/p>\n\n\n\n<p>Since the SRM score reflects the NSG\u2019s assessment of changes\u2014either improvements or deteriorations\u2014in each of the five areas over the past 12 months, it does not represent the overall status of these dimensions in absolute terms. Instead, it highlights recent trends. For example, a country with a historically strong welfare state might receive a low score if recent reforms have significantly weakened social rights or pose a risk of doing so. This does not imply that the overall situation is poor, but rather that recent developments are cause for concern and may undermine social standards over time.<br>Therefore, the SRM should not be used to compare the overall situation of social rights across countries\u2014official statistics are more appropriate for that purpose. Instead, it serves as a tool to track short-term national trends and to understand the perspectives of civil society organizations (CSOs) on these developments.<\/p>\n<\/div>\n<\/div>\n<\/div><\/div>\n\n\n\n<div class=\"wp-block-pb-accordion-item c-accordion__item js-accordion-item no-js\" data-initially-open=\"false\" data-click-to-close=\"true\" data-auto-close=\"true\" data-scroll=\"false\" data-scroll-offset=\"0\"><h2 id=\"at-4191\" class=\"c-accordion__title js-accordion-controller\" role=\"button\">Cili \u00ebsht\u00eb procesi?<\/h2><div id=\"ac-4191\" class=\"c-accordion__content\">\n<div class=\"wp-block-columns is-layout-flex wp-container-core-columns-is-layout-9d6595d7 wp-block-columns-is-layout-flex\">\n<div class=\"wp-block-column is-layout-flow wp-block-column-is-layout-flow\">\n<p>Monitoruesi i t\u00eb Drejtave Sociale \u00ebsht\u00eb nj\u00eb mjet q\u00eb p\u00ebrforcon z\u00ebrin e shoq\u00ebris\u00eb civile progresive n\u00eb nivel komb\u00ebtar. P\u00ebrmbajtja e tij bazohet n\u00eb t\u00eb dh\u00ebnat e ofruara nga Grupet e Strategjis\u00eb Komb\u00ebtare (NSG) t\u00eb krijuara nga an\u00ebtar\u00ebt dhe partner\u00ebt e SOLIDAR, t\u00eb cil\u00ebt jan\u00eb aktiv\u00eb n\u00eb vendet e analizuara. Ato p\u00ebrb\u00ebhen nga OJQ, shoqata, l\u00ebvizje, sindikata, akademi dhe grupe t\u00eb mendimit, duke siguruar q\u00eb perspektiva e shoq\u00ebris\u00eb civile t\u00eb pasqyrohet n\u00eb analiz\u00ebn e Monitorit t\u00eb t\u00eb Drejtave Sociale. Monitori pasqyron eksperiencat e k\u00ebtyre organizatave, t\u00eb cilat jan\u00eb aktive n\u00eb terren, dhe p\u00ebrvojat plot\u00ebsohen nga t\u00eb dh\u00ebnat shkencore t\u00eb mbledhura p\u00ebrmes hulumtimit n\u00eb zyr\u00eb.<\/p>\n\n\n\n<p><\/p>\n<\/div>\n\n\n\n<div class=\"wp-block-column is-layout-flow wp-block-column-is-layout-flow\">\n<p>T\u00eb dh\u00ebnat e p\u00ebrpunuara n\u00eb Monitorin e t\u00eb Drejtave Sociale mblidhen nga sekretariati i SOLIDAR-it n\u00ebp\u00ebrmjet nj\u00eb pyet\u00ebsori t\u00eb shp\u00ebrndar\u00eb tek Drejtuesit e Grupit t\u00eb Strategjis\u00eb Komb\u00ebtare (an\u00ebtar\u00ebt tan\u00eb komb\u00ebtar\u00eb) dhe t\u00eb plot\u00ebsuar me informacionin e prodhuar nga secili grup. Nga viti 2023, ky pyet\u00ebsor \u00ebsht\u00eb realizuar online.<\/p>\n\n\n\n<p>Bazuar n\u00eb pamjen q\u00eb del nga Monitor, SOLIDAR dhe NSG-t\u00eb s\u00eb bashku hartojn\u00eb rekomandime politikash p\u00ebr politik\u00ebb\u00ebr\u00ebsit e BE-s\u00eb. K\u00ebto synojn\u00eb t&#039;i b\u00ebjn\u00eb t\u00eb drejtat sociale, nj\u00eb planet t\u00eb sh\u00ebndetsh\u00ebm dhe nj\u00eb hap\u00ebsir\u00eb qytetare aft\u00ebsuese, t\u00eb lir\u00eb dhe t\u00eb mbrojtur, t\u00eb jen\u00eb realitet p\u00ebr t\u00eb gjith\u00eb n\u00eb Evrop\u00eb. Rekomandimet kryesore q\u00eb rrjedhin nga analiza jan\u00eb p\u00ebrdorur si baz\u00eb p\u00ebr pun\u00ebn e SOLIDAR-it p\u00ebr avokim p\u00ebr \u00e7\u00ebshtjet sociale.<\/p>\n\n\n\n<p>SRM publikohet \u00e7do vit, rreth fundit t\u00eb n\u00ebntorit\/fillimit t\u00eb dhjetorit dhe gjetjet e tij mbulojn\u00eb periudh\u00ebn nga qershori i vitit t\u00eb kaluar deri n\u00eb maj t\u00eb vitit t\u00eb botimit. Ky afat kohor \u00ebsht\u00eb p\u00ebr faktin se NSG-t\u00eb dor\u00ebzojn\u00eb pyet\u00ebsorin e tyre deri n\u00eb fund t\u00eb majit t\u00eb vitit t\u00eb botimit. <\/p>\n<\/div>\n<\/div>\n<\/div><\/div>\n\n\n\n<div class=\"wp-block-pb-accordion-item c-accordion__item js-accordion-item no-js\" data-initially-open=\"false\" data-click-to-close=\"true\" data-auto-close=\"true\" data-scroll=\"false\" data-scroll-offset=\"0\"><h2 id=\"at-4192\" class=\"c-accordion__title js-accordion-controller\" role=\"button\">Si e p\u00ebrdorim at\u00eb?<\/h2><div id=\"ac-4192\" class=\"c-accordion__content\">\n<div class=\"wp-block-columns is-layout-flex wp-container-core-columns-is-layout-9d6595d7 wp-block-columns-is-layout-flex\">\n<div class=\"wp-block-column is-layout-flow wp-block-column-is-layout-flow\">\n<p>Roli kryesor i SOLIDAR-it si nj\u00eb rrjet i shoq\u00ebris\u00eb civile n\u00eb nivel evropian \u00ebsht\u00eb si nj\u00eb ur\u00eb lidh\u00ebse midis institucioneve t\u00eb BE-s\u00eb dhe politikave t\u00eb tyre nga nj\u00ebra an\u00eb dhe an\u00ebtar\u00ebve tan\u00eb progresiv\u00eb q\u00eb punojn\u00eb n\u00eb nivel komb\u00ebtar nga ana tjet\u00ebr. Monitoruesi i t\u00eb Drejtave Sociale \u00ebsht\u00eb nj\u00eb mjet i vlefsh\u00ebm p\u00ebr t\u00eb mbledhur informacion nga terreni dhe p\u00ebr ta sjell\u00eb at\u00eb n\u00eb v\u00ebmendjen e politik\u00ebb\u00ebr\u00ebsve. Kjo siguron q\u00eb z\u00ebrat e grupeve sociale m\u00eb t\u00eb neglizhuara t\u00eb merren parasysh si\u00e7 duhet. P\u00ebr shembull, SRM plot\u00ebson Semestrin Evropian, duke ofruar nj\u00eb vler\u00ebsim m\u00eb t\u00eb plot\u00eb t\u00eb politikave t\u00eb shteteve an\u00ebtare. Fatkeq\u00ebsisht, semestri \u00ebsht\u00eb ende shum\u00eb i fokusuar n\u00eb performanc\u00ebn ekonomike dhe financiare t\u00eb vendeve dhe nuk ofron udh\u00ebzime t\u00eb mjaftueshme p\u00ebr konvergjenc\u00ebn sociale n\u00eb rritje n\u00eb Bashkimin Evropian.<\/p>\n\n\n\n<p><\/p>\n<\/div>\n\n\n\n<div class=\"wp-block-column is-layout-flow wp-block-column-is-layout-flow\">\n<p>SOLIDAR shp\u00ebrndan gjetjet e Monitorit t\u00eb t\u00eb Drejtave Sociale n\u00eb m\u00ebnyra t\u00eb ndryshme, duke p\u00ebrfshir\u00eb Konferenc\u00ebn e Evrop\u00ebs Sociale, nj\u00eb ngjarje vjetore n\u00eb t\u00eb cil\u00ebn prezantohet, dhe e cila gjithashtu eksploron nj\u00eb tem\u00eb prioritare p\u00ebr Evrop\u00ebn sociale. N\u00eb p\u00ebrgjith\u00ebsi, Monitori \u00ebsht\u00eb nj\u00eb nga m\u00ebnyrat kryesore p\u00ebrmes s\u00eb cil\u00ebs rrjeti SOLIDAR prezanton q\u00ebndrimet e tij p\u00ebr \u00e7\u00ebshtjet sociale, k\u00ebshtu q\u00eb gjetjet e tij jan\u00eb t\u00eb integruara gjat\u00eb gjith\u00eb pun\u00ebs son\u00eb avokuese.<\/p>\n<\/div>\n<\/div>\n<\/div><\/div>","protected":false},"excerpt":{"rendered":"","protected":false},"author":2,"featured_media":0,"parent":0,"menu_order":0,"comment_status":"closed","ping_status":"closed","template":"","meta":{"_acf_changed":false,"footnotes":""},"class_list":["post-419","page","type-page","status-publish","hentry"],"acf":[],"_links":{"self":[{"href":"https:\/\/srm.solidar.org\/sq\/wp-json\/wp\/v2\/pages\/419","targetHints":{"allow":["GET"]}}],"collection":[{"href":"https:\/\/srm.solidar.org\/sq\/wp-json\/wp\/v2\/pages"}],"about":[{"href":"https:\/\/srm.solidar.org\/sq\/wp-json\/wp\/v2\/types\/page"}],"author":[{"embeddable":true,"href":"https:\/\/srm.solidar.org\/sq\/wp-json\/wp\/v2\/users\/2"}],"replies":[{"embeddable":true,"href":"https:\/\/srm.solidar.org\/sq\/wp-json\/wp\/v2\/comments?post=419"}],"version-history":[{"count":0,"href":"https:\/\/srm.solidar.org\/sq\/wp-json\/wp\/v2\/pages\/419\/revisions"}],"wp:attachment":[{"href":"https:\/\/srm.solidar.org\/sq\/wp-json\/wp\/v2\/media?parent=419"}],"curies":[{"name":"wp","href":"https:\/\/api.w.org\/{rel}","templated":true}]}}