{"id":421,"date":"2023-02-13T16:58:01","date_gmt":"2023-02-13T16:58:01","guid":{"rendered":"https:\/\/srm.solidar.org\/?page_id=421"},"modified":"2024-09-11T14:10:40","modified_gmt":"2024-09-11T14:10:40","slug":"past-editions","status":"publish","type":"page","link":"https:\/\/srm.solidar.org\/sq\/past-editions\/","title":{"rendered":"Botimet e kaluara"},"content":{"rendered":"<h2 class=\"wp-block-heading\">Monitoruesi i t\u00eb Drejtave Sociale<\/h2>\n\n\n\n<p>Ky seksion mbledh botimet e kaluara t\u00eb Monitorit t\u00eb t\u00eb Drejtave Sociale, t\u00eb cilat jan\u00eb botuar n\u00eb formatin e raporteve q\u00eb nga viti 2019. N\u00eb vitin 2022, asnj\u00eb botim nuk u botua pasi SOLIDAR i kushtoi vitin rishikimit t\u00eb metodologjis\u00eb p\u00ebr mbledhjen dhe vizualizimin e t\u00eb dh\u00ebnave.<\/p>\n\n\n\n<p>Monitoruesi i t\u00eb Drejtave Sociale 2023 do t\u00eb jet\u00eb edicioni i par\u00eb n\u00eb formatin e Hart\u00ebs interaktive. Ju mund t\u00eb rikuperoni botimet e m\u00ebparshme nga viti 2023 e tutje duke zgjedhur vitin n\u00eb faqen &quot;P\u00ebrmbledhja e hart\u00ebs&quot;. <\/p>\n\n\n\n<hr class=\"wp-block-separator has-text-color has-cyan-bluish-gray-color has-alpha-channel-opacity has-cyan-bluish-gray-background-color has-background is-style-wide\"\/>\n\n\n\n<div class=\"wp-block-group is-vertical is-layout-flex wp-container-core-group-is-layout-8cf370e7 wp-block-group-is-layout-flex\">\n<div class=\"wp-block-media-text alignwide is-stacked-on-mobile\" style=\"grid-template-columns:15% auto\"><figure class=\"wp-block-media-text__media\"><a href=\"https:\/\/www.solidar.org\/system\/downloads\/attachments\/000\/001\/408\/original\/Social_Rights_Monitor_2021.pdf?1638292164\"><img loading=\"lazy\" decoding=\"async\" width=\"215\" height=\"300\" src=\"https:\/\/srm.solidar.org\/wp-content\/uploads\/2023\/05\/Social-Rights-Monitor-2021-2-215x300.png\" alt=\"\" class=\"wp-image-736 size-medium\" srcset=\"https:\/\/srm.solidar.org\/wp-content\/uploads\/2023\/05\/Social-Rights-Monitor-2021-2-215x300.png 215w, https:\/\/srm.solidar.org\/wp-content\/uploads\/2023\/05\/Social-Rights-Monitor-2021-2-9x12.png 9w, https:\/\/srm.solidar.org\/wp-content\/uploads\/2023\/05\/Social-Rights-Monitor-2021-2-17x24.png 17w, https:\/\/srm.solidar.org\/wp-content\/uploads\/2023\/05\/Social-Rights-Monitor-2021-2-26x36.png 26w, https:\/\/srm.solidar.org\/wp-content\/uploads\/2023\/05\/Social-Rights-Monitor-2021-2-34x48.png 34w, https:\/\/srm.solidar.org\/wp-content\/uploads\/2023\/05\/Social-Rights-Monitor-2021-2.png 576w\" sizes=\"auto, (max-width: 215px) 100vw, 215px\" \/><\/a><\/figure><div class=\"wp-block-media-text__content\">\n<h3 class=\"wp-block-heading\">Monitoruesi i t\u00eb Drejtave Sociale 2021<\/h3>\n\n\n\n<p>Edicioni i tret\u00eb i Monitorit t\u00eb t\u00eb Drejtave Sociale \u00ebsht\u00eb redaktuar nga SOLIDAR &amp;&nbsp;<a href=\"https:\/\/www.feps-europe.eu\/about.html\">FEPS<\/a>&nbsp;dhe vler\u00ebson gjendjen e t\u00eb drejtave sociale n\u00eb vende t\u00eb ndryshme evropiane. Edicioni 20221 mbulon 16 vende n\u00eb Evrop\u00eb: 13 vende t\u00eb BE-s\u00eb -&nbsp;<strong>Bullgaria, Kroacia, \u00c7ekia, Danimarka, Estonia, Franca, Gjermania, Greqia, Hungaria, Italia, Luksemburgu, Spanja dhe Holanda<\/strong>&nbsp;\u2013 2 vende kandidate \u2013&nbsp;<strong>Maqedonia e Veriut dhe Serbia<\/strong>\u2013 dhe&nbsp;<strong>Mbret\u00ebria e Bashkuar<\/strong>.&nbsp;&nbsp;<\/p>\n\n\n\n<p>An\u00ebtar\u00ebt dhe partner\u00ebt e SOLIDAR kan\u00eb krijuar 16 Grupe t\u00eb Strategjis\u00eb Komb\u00ebtare (NSG), nj\u00eb n\u00eb secilin prej vendeve t\u00eb mbuluara nga Monitori, t\u00eb p\u00ebrb\u00ebr\u00eb nga ekspert\u00eb nga OSHC-t\u00eb, sindikatat dhe akademia. Monitoruesi i t\u00eb Drejtave Sociale \u00ebsht\u00eb zhvilluar bazuar n\u00eb v\u00ebzhgimet e tyre nga terreni dhe i plot\u00ebsuar me t\u00eb dh\u00ebna statistikore dhe gjetje shkencore. Prandaj, Monitori pasqyron gjithashtu ekspertiz\u00ebn e shoq\u00ebris\u00eb civile q\u00eb lufton p\u00ebr drejt\u00ebsi sociale n\u00eb Evrop\u00eb dhe p\u00ebrb\u00ebn nj\u00eb baz\u00eb t\u00eb vlefshme provash p\u00ebr politik\u00ebb\u00ebrjen.<\/p>\n\n\n\n<p>Ju gjithashtu mund t\u00eb shikoni <a href=\"https:\/\/www.solidar.org\/publications-page\/social-rights-monitor-2021-the-state-of-social-rights-in-europe\/#:~:text=The%20Social%20Rights%20Monitor%20has,valuable%20evidence%20base%20for%20policymaking.\" data-type=\"URL\" data-id=\"https:\/\/www.solidar.org\/en\/publications\/social-rights-monitor-2021-country-monitors\"><\/a><a href=\"https:\/\/www.solidar.org\/publications-page\/social-rights-monitor-2021-the-state-of-social-rights-in-europe\/#:~:text=The%20Social%20Rights%20Monitor%20has,valuable%20evidence%20base%20for%20policymaking.\" data-type=\"link\" data-id=\"https:\/\/www.solidar.org\/publications-page\/social-rights-monitor-2021-the-state-of-social-rights-in-europe\/#:~:text=The%20Social%20Rights%20Monitor%20has,valuable%20evidence%20base%20for%20policymaking.\">Raporte t\u00eb ve\u00e7anta p\u00ebr shtetin n\u00eb anglisht dhe p\u00ebrkthime n\u00eb shum\u00eb nga gjuh\u00ebt e vendeve<\/a>.<\/p>\n\n\n\n<div class=\"wp-block-buttons is-layout-flex wp-block-buttons-is-layout-flex\">\n<div class=\"wp-block-button has-custom-font-size has-small-font-size\"><a class=\"wp-block-button__link has-background wp-element-button\" href=\"https:\/\/www.solidar.org\/wp-content\/uploads\/2024\/02\/social_rights_monitor_2021.pdf\" style=\"background-color:#860000\">LEXONI PUBLIKIMIN<\/a><\/div>\n<\/div>\n<\/div><\/div>\n\n\n\n<hr class=\"wp-block-separator has-text-color has-black-color has-alpha-channel-opacity has-black-background-color has-background is-style-wide\"\/>\n\n\n\n<hr class=\"wp-block-separator has-text-color has-cyan-bluish-gray-color has-alpha-channel-opacity has-cyan-bluish-gray-background-color has-background is-style-wide\"\/>\n\n\n\n<div class=\"wp-block-buttons is-layout-flex wp-block-buttons-is-layout-flex\"><\/div>\n\n\n\n<div class=\"wp-block-media-text alignwide is-stacked-on-mobile\" style=\"grid-template-columns:15% auto\"><figure class=\"wp-block-media-text__media\"><a href=\"https:\/\/www.solidar.org\/system\/downloads\/attachments\/000\/001\/210\/original\/SRM2020_ALL_R3_online_EC.pdf?1608289382\"><img loading=\"lazy\" decoding=\"async\" width=\"214\" height=\"300\" src=\"https:\/\/srm.solidar.org\/wp-content\/uploads\/2023\/05\/Social-Rights-Monitor-2020-1-214x300.png\" alt=\"\" class=\"wp-image-740 size-medium\" srcset=\"https:\/\/srm.solidar.org\/wp-content\/uploads\/2023\/05\/Social-Rights-Monitor-2020-1-214x300.png 214w, https:\/\/srm.solidar.org\/wp-content\/uploads\/2023\/05\/Social-Rights-Monitor-2020-1-9x12.png 9w, https:\/\/srm.solidar.org\/wp-content\/uploads\/2023\/05\/Social-Rights-Monitor-2020-1-17x24.png 17w, https:\/\/srm.solidar.org\/wp-content\/uploads\/2023\/05\/Social-Rights-Monitor-2020-1-26x36.png 26w, https:\/\/srm.solidar.org\/wp-content\/uploads\/2023\/05\/Social-Rights-Monitor-2020-1-34x48.png 34w, https:\/\/srm.solidar.org\/wp-content\/uploads\/2023\/05\/Social-Rights-Monitor-2020-1.png 595w\" sizes=\"auto, (max-width: 214px) 100vw, 214px\" \/><\/a><\/figure><div class=\"wp-block-media-text__content\">\n<h3 class=\"wp-block-heading\">Monitoruesi i t\u00eb Drejtave Sociale 2020<\/h3>\n\n\n\n<p>Edicioni i dyt\u00eb i Monitorit t\u00eb t\u00eb Drejtave Sociale ofron njohuri p\u00ebr gjendjen e t\u00eb drejtave sociale n\u00eb vende t\u00eb ndryshme evropiane. Ky botim raporton p\u00ebr 14 vende nga Bashkimi Evropian \u2013<strong>&nbsp;Belgjika, Bullgaria, Kroacia, \u00c7ekia, Danimarka, Estonia, Franca, Gjermania, Greqia, Hungaria, Italia, Sllovakia, Spanja dhe Holanda<\/strong>; dy vende kandidate \u2013&nbsp;<strong>Serbis\u00eb dhe Maqedonis\u00eb s\u00eb Veriut<\/strong>; dhe nj\u00eb an\u00ebtar q\u00eb u largua nga BE n\u00eb 2020,&nbsp;<strong>Mbret\u00ebria e Bashkuar<\/strong>.<\/p>\n\n\n\n<p>Monitori 2020 vler\u00ebson gjendjen e Evrop\u00ebs sociale p\u00ebr sa i p\u00ebrket barazis\u00eb s\u00eb mund\u00ebsive, kushteve t\u00eb drejta t\u00eb pun\u00ebs, mbrojtjes sociale, p\u00ebrfshirjes dhe hap\u00ebsir\u00ebs qytetare. Ai e b\u00ebn k\u00ebt\u00eb n\u00eb baz\u00eb t\u00eb v\u00ebzhgimeve t\u00eb Grupeve t\u00eb Strategjis\u00eb Komb\u00ebtare (NSG) t\u00eb ngritura n\u00eb secilin prej 17 vendeve nga nj\u00eb an\u00ebtar ose partner SOLIDAR. K\u00ebto grupe bashkojn\u00eb ekspertiz\u00ebn e organizatave t\u00eb shoq\u00ebris\u00eb civile, akademik\u00eb dhe ekspert\u00eb t\u00eb fush\u00ebs dhe e mb\u00ebshtesin k\u00ebt\u00eb me t\u00eb dh\u00ebna statistikore dhe gjetje shkencore.<\/p>\n\n\n\n<p>Ju gjithashtu mund t\u00eb shikoni <a href=\"https:\/\/www.solidar.org\/publications-page\/social-rights-monitor-2020-and-country-reports\/\" data-type=\"link\" data-id=\"https:\/\/www.solidar.org\/publications-page\/social-rights-monitor-2020-and-country-reports\/\">Raporte t\u00eb ve\u00e7anta p\u00ebr shtetin n\u00eb anglisht dhe p\u00ebrkthime n\u00eb shum\u00eb nga gjuh\u00ebt e vendeve.<\/a><\/p>\n\n\n\n<div class=\"wp-block-buttons is-layout-flex wp-block-buttons-is-layout-flex\">\n<div class=\"wp-block-button has-custom-font-size has-small-font-size\"><a class=\"wp-block-button__link has-background wp-element-button\" href=\"https:\/\/www.solidar.org\/wp-content\/uploads\/2024\/02\/srm2020_all_r3_online_ec.pdf\" style=\"background-color:#860000\">LEXONI PUBLIKIMIN<\/a><\/div>\n<\/div>\n\n\n\n<p><\/p>\n<\/div><\/div>\n\n\n\n<hr class=\"wp-block-separator has-text-color has-white-color has-alpha-channel-opacity has-white-background-color has-background is-style-wide\"\/>\n\n\n\n<hr class=\"wp-block-separator has-alpha-channel-opacity is-style-wide\"\/>\n\n\n\n<div class=\"wp-block-media-text alignwide is-stacked-on-mobile\" style=\"grid-template-columns:15% auto\"><figure class=\"wp-block-media-text__media\"><a href=\"https:\/\/www.solidar.org\/system\/downloads\/attachments\/000\/001\/001\/original\/SRM_2019_Full_NO_BLANKS.pdf?1573578205\"><img loading=\"lazy\" decoding=\"async\" width=\"592\" height=\"837\" src=\"https:\/\/srm.solidar.org\/wp-content\/uploads\/2023\/05\/Social-Rights-Monitor-2019.png\" alt=\"\" class=\"wp-image-748 size-medium\" srcset=\"https:\/\/srm.solidar.org\/wp-content\/uploads\/2023\/05\/Social-Rights-Monitor-2019.png 592w, https:\/\/srm.solidar.org\/wp-content\/uploads\/2023\/05\/Social-Rights-Monitor-2019-212x300.png 212w, https:\/\/srm.solidar.org\/wp-content\/uploads\/2023\/05\/Social-Rights-Monitor-2019-8x12.png 8w, https:\/\/srm.solidar.org\/wp-content\/uploads\/2023\/05\/Social-Rights-Monitor-2019-17x24.png 17w, https:\/\/srm.solidar.org\/wp-content\/uploads\/2023\/05\/Social-Rights-Monitor-2019-25x36.png 25w, https:\/\/srm.solidar.org\/wp-content\/uploads\/2023\/05\/Social-Rights-Monitor-2019-34x48.png 34w\" sizes=\"auto, (max-width: 592px) 100vw, 592px\" \/><\/a><\/figure><div class=\"wp-block-media-text__content\">\n<h3 class=\"wp-block-heading\">Monitor i t\u00eb Drejtave Sociale 2019<\/h3>\n\n\n\n<p>Edicioni i par\u00eb i Monitorit t\u00eb t\u00eb Drejtave Sociale ofron nj\u00eb pasqyr\u00eb t\u00eb gjendjes s\u00eb t\u00eb drejtave sociale n\u00eb 16 vende evropiane: 15 nga Bashkimi Evropian \u2013 <strong>Austria, Bullgaria, Kroacia, \u00c7ekia, Estonia, Franca, Gjermania, Greqia, Hungaria, Italia, Rumania, Sllovakia, Spanja, Holanda, Mbret\u00ebria e Bashkuar<\/strong> \u2013 dhe nj\u00eb vend kandidat, <strong>Serbis\u00eb<\/strong>. Monitori vler\u00ebson gjendjen e Evrop\u00ebs sociale p\u00ebr sa i p\u00ebrket barazis\u00eb s\u00eb mund\u00ebsive, kushteve t\u00eb drejta t\u00eb pun\u00ebs, mbrojtjes sociale, p\u00ebrfshirjes dhe hap\u00ebsir\u00ebs qytetare bazuar n\u00eb v\u00ebzhgimet e Organizatave t\u00eb Shoq\u00ebris\u00eb Civile q\u00eb punojn\u00eb n\u00eb terren n\u00eb kombinim me t\u00eb dh\u00ebnat statistikore dhe gjetjet shkencore. <\/p>\n\n\n\n<p>Ju gjithashtu mund t\u00eb shikoni <a href=\"https:\/\/www.solidar.org\/publications-page\/social-rights-monitor-2019\/\">disponohen raporte t\u00eb ve\u00e7anta p\u00ebr shtetin dhe p\u00ebrkthimet n\u00eb fr\u00ebngjisht, italisht, gjermanisht dhe spanjisht.<\/a><\/p>\n\n\n\n<div class=\"wp-block-buttons is-layout-flex wp-block-buttons-is-layout-flex\">\n<div class=\"wp-block-button has-custom-font-size has-small-font-size\"><a class=\"wp-block-button__link has-background wp-element-button\" href=\"https:\/\/www.solidar.org\/wp-content\/uploads\/2024\/02\/srm_2019_full_no_blanks.pdf\" style=\"background-color:#860000\">LEXONI PUBLIKIMIN<\/a><\/div>\n<\/div>\n\n\n\n<p><\/p>\n<\/div><\/div>\n\n\n\n<p><\/p>\n<\/div>\n\n\n\n<hr class=\"wp-block-separator has-alpha-channel-opacity\"\/>\n\n\n\n<hr class=\"wp-block-separator has-text-color has-white-color has-alpha-channel-opacity has-white-background-color has-background is-style-wide\"\/>","protected":false},"excerpt":{"rendered":"<p>Social Rights Monitor This section collects the Past Editions of the Social Rights Monitor, which have been published in the format of reports since 2019. In 2022, no edition was published as SOLIDAR dedicated the year to revise the methodology for the data collection and visualisation. The 2023 Social Rights Monitor will be the first &hellip;<\/p>","protected":false},"author":2,"featured_media":0,"parent":0,"menu_order":0,"comment_status":"closed","ping_status":"closed","template":"","meta":{"_acf_changed":false,"footnotes":""},"class_list":["post-421","page","type-page","status-publish","hentry"],"acf":[],"_links":{"self":[{"href":"https:\/\/srm.solidar.org\/sq\/wp-json\/wp\/v2\/pages\/421","targetHints":{"allow":["GET"]}}],"collection":[{"href":"https:\/\/srm.solidar.org\/sq\/wp-json\/wp\/v2\/pages"}],"about":[{"href":"https:\/\/srm.solidar.org\/sq\/wp-json\/wp\/v2\/types\/page"}],"author":[{"embeddable":true,"href":"https:\/\/srm.solidar.org\/sq\/wp-json\/wp\/v2\/users\/2"}],"replies":[{"embeddable":true,"href":"https:\/\/srm.solidar.org\/sq\/wp-json\/wp\/v2\/comments?post=421"}],"version-history":[{"count":0,"href":"https:\/\/srm.solidar.org\/sq\/wp-json\/wp\/v2\/pages\/421\/revisions"}],"wp:attachment":[{"href":"https:\/\/srm.solidar.org\/sq\/wp-json\/wp\/v2\/media?parent=421"}],"curies":[{"name":"wp","href":"https:\/\/api.w.org\/{rel}","templated":true}]}}