{"id":423,"date":"2023-02-13T16:58:29","date_gmt":"2023-02-13T16:58:29","guid":{"rendered":"https:\/\/srm.solidar.org\/?page_id=423"},"modified":"2024-08-08T13:59:10","modified_gmt":"2024-08-08T13:59:10","slug":"equal-opportunities-and-access-to-the-labour-market","status":"publish","type":"page","link":"https:\/\/srm.solidar.org\/sq\/equal-opportunities-and-access-to-the-labour-market\/","title":{"rendered":"Mund\u00ebsi t\u00eb barabarta dhe akses n\u00eb tregun e pun\u00ebs"},"content":{"rendered":"<h2 class=\"wp-block-heading\">Mund\u00ebsi t\u00eb barabarta dhe akses n\u00eb tregun e pun\u00ebs<\/h2>\n\n\n\n<div class=\"wp-block-columns is-layout-flex wp-container-core-columns-is-layout-9d6595d7 wp-block-columns-is-layout-flex\">\n<div class=\"wp-block-column is-layout-flow wp-block-column-is-layout-flow\">\n<p>Kjo tem\u00eb \u00ebsht\u00eb zhvilluar n\u00eb Kapitullin 1 t\u00eb Shtyll\u00ebs Evropiane t\u00eb t\u00eb Drejtave Sociale. Ai analizon politikat dhe masat e vendosura nga vendet evropiane p\u00ebr t\u00eb siguruar q\u00eb grupet e margjinalizuara t\u00eb ken\u00eb mund\u00ebsi t\u00eb barabarta p\u00ebr t\u00eb marr\u00eb pjes\u00eb n\u00eb shoq\u00ebri, duke p\u00ebrfshir\u00eb \u2013 por pa u kufizuar n\u00eb \u2013 p\u00ebrmes tregut t\u00eb pun\u00ebs. N\u00ebp\u00ebrmjet pyet\u00ebsorit t\u00eb Monitorimit t\u00eb t\u00eb Drejtave Sociale, ne vler\u00ebsojm\u00eb sa m\u00eb posht\u00eb p\u00ebr secilin vend:<\/p>\n\n\n\n<ul class=\"wp-block-list\">\n<li>Investimi n\u00eb sistemin e mir\u00ebqenies<\/li>\n\n\n\n<li>Barazia gjinore<\/li>\n\n\n\n<li>Edukimi, trajnimi dhe m\u00ebsimi gjat\u00eb gjith\u00eb jet\u00ebs<\/li>\n\n\n\n<li>P\u00ebrfshirja e migrant\u00ebve, refugjat\u00ebve dhe azilk\u00ebrkuesve dhe grupeve t\u00eb tjera n\u00eb nj\u00eb situat\u00eb t\u00eb cenueshme<\/li>\n\n\n\n<li>Pun\u00ebsimi i t\u00eb rinjve<\/li>\n<\/ul>\n\n\n\n<p><\/p>\n<\/div>\n\n\n\n<div class=\"wp-block-column is-layout-flow wp-block-column-is-layout-flow\">\n<p>Perspektivat nd\u00ebrsektoriale \u2013 si ajo e gjinis\u00eb \u2013 q\u00eb synojn\u00eb vler\u00ebsimin e ndikimit t\u00eb politikave mbi grupet e margjinalizuara nuk kufizohen n\u00eb k\u00ebt\u00eb seksion t\u00eb Monitorit, por p\u00ebrfshihen n\u00eb t\u00eb gjith\u00eb SRM-n\u00eb.<\/p>\n<\/div>\n<\/div>","protected":false},"excerpt":{"rendered":"<p>Equal opportunities and access to the labour market This theme is developed in Chapter 1 of the European Pillar of Social Rights. It analyses the policies and measures put in place by European countries to ensure that marginalised groups have equal opportunities to participate in society, including \u2013 but not limited to \u2013 through the &hellip;<\/p>","protected":false},"author":2,"featured_media":0,"parent":0,"menu_order":0,"comment_status":"closed","ping_status":"closed","template":"","meta":{"_acf_changed":false,"footnotes":""},"class_list":["post-423","page","type-page","status-publish","hentry"],"acf":[],"_links":{"self":[{"href":"https:\/\/srm.solidar.org\/sq\/wp-json\/wp\/v2\/pages\/423","targetHints":{"allow":["GET"]}}],"collection":[{"href":"https:\/\/srm.solidar.org\/sq\/wp-json\/wp\/v2\/pages"}],"about":[{"href":"https:\/\/srm.solidar.org\/sq\/wp-json\/wp\/v2\/types\/page"}],"author":[{"embeddable":true,"href":"https:\/\/srm.solidar.org\/sq\/wp-json\/wp\/v2\/users\/2"}],"replies":[{"embeddable":true,"href":"https:\/\/srm.solidar.org\/sq\/wp-json\/wp\/v2\/comments?post=423"}],"version-history":[{"count":0,"href":"https:\/\/srm.solidar.org\/sq\/wp-json\/wp\/v2\/pages\/423\/revisions"}],"wp:attachment":[{"href":"https:\/\/srm.solidar.org\/sq\/wp-json\/wp\/v2\/media?parent=423"}],"curies":[{"name":"wp","href":"https:\/\/api.w.org\/{rel}","templated":true}]}}