{"id":425,"date":"2023-02-13T16:58:50","date_gmt":"2023-02-13T16:58:50","guid":{"rendered":"https:\/\/srm.solidar.org\/?page_id=425"},"modified":"2024-08-08T13:57:30","modified_gmt":"2024-08-08T13:57:30","slug":"fair-working-conditions","status":"publish","type":"page","link":"https:\/\/srm.solidar.org\/sq\/fair-working-conditions\/","title":{"rendered":"Kushtet e drejta t\u00eb pun\u00ebs"},"content":{"rendered":"<h2 class=\"wp-block-heading\">Kushtet e drejta t\u00eb pun\u00ebs<\/h2>\n\n\n\n<div class=\"wp-block-columns is-layout-flex wp-container-core-columns-is-layout-9d6595d7 wp-block-columns-is-layout-flex\">\n<div class=\"wp-block-column is-layout-flow wp-block-column-is-layout-flow\">\n<p>N\u00eb k\u00ebt\u00eb seksion, ne vler\u00ebsojm\u00eb zbatimin e Kapitullit 2 t\u00eb Shtyll\u00ebs Evropiane t\u00eb t\u00eb Drejtave Sociale. An\u00ebtar\u00ebt dhe partner\u00ebt tan\u00eb raportojn\u00eb p\u00ebr cil\u00ebsin\u00eb e vendeve t\u00eb pun\u00ebs dhe kushteve t\u00eb pun\u00ebs n\u00eb vendet e tyre, ve\u00e7an\u00ebrisht sa vijon:<\/p>\n\n\n\n<ul class=\"wp-block-list\">\n<li>Paga adekuate<\/li>\n\n\n\n<li>Siguria e pun\u00ebs<\/li>\n\n\n\n<li>Sh\u00ebndeti dhe Siguria n\u00eb Pun\u00eb<\/li>\n\n\n\n<li>Ekonomi sociale dhe solidare<\/li>\n\n\n\n<li>Balanci jet\u00eb-pun\u00eb<\/li>\n\n\n\n<li>Dialogu social<\/li>\n<\/ul>\n<\/div>\n\n\n\n<div class=\"wp-block-column is-layout-flow wp-block-column-is-layout-flow\">\n<p><\/p>\n<\/div>\n<\/div>","protected":false},"excerpt":{"rendered":"<p>Fair Working Conditions In this section, we assess the implementation of Chapter 2 of the European Pillar of Social Rights. Our members and partners report on the quality of jobs and working conditions in their countries, specifically the following:<\/p>","protected":false},"author":2,"featured_media":0,"parent":0,"menu_order":0,"comment_status":"closed","ping_status":"closed","template":"","meta":{"_acf_changed":false,"footnotes":""},"class_list":["post-425","page","type-page","status-publish","hentry"],"acf":[],"_links":{"self":[{"href":"https:\/\/srm.solidar.org\/sq\/wp-json\/wp\/v2\/pages\/425","targetHints":{"allow":["GET"]}}],"collection":[{"href":"https:\/\/srm.solidar.org\/sq\/wp-json\/wp\/v2\/pages"}],"about":[{"href":"https:\/\/srm.solidar.org\/sq\/wp-json\/wp\/v2\/types\/page"}],"author":[{"embeddable":true,"href":"https:\/\/srm.solidar.org\/sq\/wp-json\/wp\/v2\/users\/2"}],"replies":[{"embeddable":true,"href":"https:\/\/srm.solidar.org\/sq\/wp-json\/wp\/v2\/comments?post=425"}],"version-history":[{"count":0,"href":"https:\/\/srm.solidar.org\/sq\/wp-json\/wp\/v2\/pages\/425\/revisions"}],"wp:attachment":[{"href":"https:\/\/srm.solidar.org\/sq\/wp-json\/wp\/v2\/media?parent=425"}],"curies":[{"name":"wp","href":"https:\/\/api.w.org\/{rel}","templated":true}]}}