{"id":429,"date":"2023-02-13T16:59:25","date_gmt":"2023-02-13T16:59:25","guid":{"rendered":"https:\/\/srm.solidar.org\/?page_id=429"},"modified":"2024-08-08T14:06:16","modified_gmt":"2024-08-08T14:06:16","slug":"civic-space","status":"publish","type":"page","link":"https:\/\/srm.solidar.org\/sq\/civic-space\/","title":{"rendered":"Hap\u00ebsir\u00eb Qytetare"},"content":{"rendered":"<h2 class=\"wp-block-heading\">Hap\u00ebsir\u00eb Qytetare<\/h2>\n\n\n\n<div class=\"wp-block-columns is-layout-flex wp-container-core-columns-is-layout-9d6595d7 wp-block-columns-is-layout-flex\">\n<div class=\"wp-block-column is-layout-flow wp-block-column-is-layout-flow\">\n<p>N\u00eb kuad\u00ebr t\u00eb Monitorimit t\u00eb t\u00eb Drejtave Sociale, ne e interpretojm\u00eb hap\u00ebsir\u00ebn qytetare si nj\u00eb hap\u00ebsir\u00eb mund\u00ebsuese n\u00eb t\u00eb cil\u00ebn shoq\u00ebria civile e organizuar dhe qytetar\u00ebt marrin pjes\u00eb n\u00eb politik\u00ebb\u00ebrje. Ata mund ta b\u00ebjn\u00eb k\u00ebt\u00eb fal\u00eb garancis\u00eb dhe mbrojtjes s\u00eb element\u00ebve t\u00eb m\u00ebposht\u00ebm:<\/p>\n\n\n\n<ul class=\"wp-block-list\">\n<li>Nj\u00eb hap\u00ebsir\u00eb e favorshme p\u00ebr organizatat e shoq\u00ebris\u00eb civile<\/li>\n\n\n\n<li>P\u00ebrfshirja e OSHC-ve n\u00eb dialogun civil<\/li>\n<\/ul>\n\n\n\n<p>Duke iu referuar pik\u00ebs s\u00eb dyt\u00eb, ne gjithashtu vler\u00ebsojm\u00eb n\u00ebse shoq\u00ebria civile \u00ebsht\u00eb e p\u00ebrfshir\u00eb n\u00eb m\u00ebnyr\u00eb dometh\u00ebn\u00ebse n\u00eb procesin e Semestrit Evropian. P\u00ebr vendet kandidate p\u00ebr n\u00eb BE, ne monitorojm\u00eb p\u00ebrfshirjen e organizatave t\u00eb shoq\u00ebris\u00eb civile n\u00eb reformat e nevojshme p\u00ebr procesin e an\u00ebtar\u00ebsimit.<\/p>\n\n\n\n<p><\/p>\n<\/div>\n\n\n\n<div class=\"wp-block-column is-layout-flow wp-block-column-is-layout-flow\">\n<p>Ne e konsiderojm\u00eb hap\u00ebsir\u00ebn qytetare thelb\u00ebsore p\u00ebr realizimin e nj\u00eb Evrope m\u00eb sociale. Shoq\u00ebria civile \u00ebsht\u00eb jetike p\u00ebr demokracin\u00eb dhe p\u00ebr t\u00eb p\u00ebrforcuar z\u00ebrin e njer\u00ebzve q\u00eb jan\u00eb m\u00eb s\u00eb shumti<a> <\/a>i l\u00ebn\u00eb pas dore<a href=\"https:\/\/srm.solidar.org\/wp-admin\/post.php?post=429&amp;action=edit#_msocom_3\">. <\/a>Vet\u00eb Monitori i t\u00eb Drejtave Sociale bazohet n\u00eb inputet e organizatave t\u00eb shoq\u00ebris\u00eb civile dhe bazohet n\u00eb perspektivat e tyre t\u00eb privilegjuara p\u00ebr nevojat e grupeve t\u00eb margjinalizuara dhe gjendjen e p\u00ebrfshirjes n\u00eb nivel komb\u00ebtar. &nbsp;<\/p>\n<\/div>\n<\/div>","protected":false},"excerpt":{"rendered":"<p>Civic Space In the framework of the Social Rights Monitor, we interpret civic space as an enabling space in which organised civil society and citizens participate in policymaking. They can do this thanks to the guarantee and protection of the following elements: With reference to the second point, we also assess whether civil society is &hellip;<\/p>","protected":false},"author":2,"featured_media":0,"parent":0,"menu_order":0,"comment_status":"closed","ping_status":"closed","template":"","meta":{"_acf_changed":false,"footnotes":""},"class_list":["post-429","page","type-page","status-publish","hentry"],"acf":[],"_links":{"self":[{"href":"https:\/\/srm.solidar.org\/sq\/wp-json\/wp\/v2\/pages\/429","targetHints":{"allow":["GET"]}}],"collection":[{"href":"https:\/\/srm.solidar.org\/sq\/wp-json\/wp\/v2\/pages"}],"about":[{"href":"https:\/\/srm.solidar.org\/sq\/wp-json\/wp\/v2\/types\/page"}],"author":[{"embeddable":true,"href":"https:\/\/srm.solidar.org\/sq\/wp-json\/wp\/v2\/users\/2"}],"replies":[{"embeddable":true,"href":"https:\/\/srm.solidar.org\/sq\/wp-json\/wp\/v2\/comments?post=429"}],"version-history":[{"count":0,"href":"https:\/\/srm.solidar.org\/sq\/wp-json\/wp\/v2\/pages\/429\/revisions"}],"wp:attachment":[{"href":"https:\/\/srm.solidar.org\/sq\/wp-json\/wp\/v2\/media?parent=429"}],"curies":[{"name":"wp","href":"https:\/\/api.w.org\/{rel}","templated":true}]}}