{"id":431,"date":"2023-02-13T16:59:43","date_gmt":"2023-02-13T16:59:43","guid":{"rendered":"https:\/\/srm.solidar.org\/?page_id=431"},"modified":"2024-08-08T13:55:49","modified_gmt":"2024-08-08T13:55:49","slug":"just-transition-page","status":"publish","type":"page","link":"https:\/\/srm.solidar.org\/sq\/just-transition-page\/","title":{"rendered":"Tranzicioni i gjelb\u00ebr me drejt\u00ebsi sociale"},"content":{"rendered":"<h2 class=\"wp-block-heading\">Tranzicioni i gjelb\u00ebr me drejt\u00ebsi sociale<\/h2>\n\n\n\n<div class=\"wp-block-columns is-layout-flex wp-container-core-columns-is-layout-9d6595d7 wp-block-columns-is-layout-flex\">\n<div class=\"wp-block-column is-layout-flow wp-block-column-is-layout-flow\">\n<p>Njer\u00ebzit n\u00eb situata t\u00eb cenueshme \u2013 p\u00ebr shkak t\u00eb faktor\u00ebve t\u00eb till\u00eb si statusi socio-ekonomik, gjeografia, mosha dhe gjinia \u2013 jan\u00eb relativisht m\u00eb t\u00eb ekspozuar ndaj ndikimeve t\u00eb ndryshimeve klimatike dhe degradimit t\u00eb mjedisit. N\u00eb t\u00eb nj\u00ebjt\u00ebn koh\u00eb, pabarazit\u00eb socio-ekonomike jan\u00eb nd\u00ebr shkaqet kryesore t\u00eb kriz\u00ebs klimatike: segmentet m\u00eb t\u00eb pasura t\u00eb popullsis\u00eb ndotin shum\u00eb m\u00eb tep\u00ebr sesa m\u00eb t\u00eb varf\u00ebrit, p\u00ebr shembull.<\/p>\n\n\n\n<p>Prandaj, tranzicioni ekologjik duhet t\u00eb trajtoj\u00eb nj\u00ebkoh\u00ebsisht \u00e7\u00ebshtjet mjedisore, ekonomike dhe sociale. N\u00eb SOLIDAR, ne p\u00ebrkufizojm\u00eb nj\u00eb &quot;tranzicion t\u00eb gjelb\u00ebr shoq\u00ebror t\u00eb drejt\u00eb&quot; si vendosja e njer\u00ebzve dhe drejt\u00ebsis\u00eb sociale n\u00eb qend\u00ebr t\u00eb politikave klimatike dhe mjedisore. N\u00eb Monitorin e t\u00eb Drejtave Sociale ne synojm\u00eb t\u00eb vler\u00ebsojm\u00eb shkall\u00ebn n\u00eb t\u00eb cil\u00ebn masat komb\u00ebtare p\u00ebr t\u00eb zbatuar tranzicionin e gjelb\u00ebr nxisin gjithashtu drejt\u00ebsin\u00eb sociale, barazin\u00eb dhe p\u00ebrfshirjen.<\/p>\n\n\n\n<p>.<\/p>\n<\/div>\n\n\n\n<div class=\"wp-block-column is-layout-flow wp-block-column-is-layout-flow\">\n<p>Ka dimensione t\u00eb ndryshme sociale t\u00eb tranzicionit ekologjik. Megjithat\u00eb, p\u00ebr Monitorin e t\u00eb Drejtave Sociale, ne kemi vendosur t\u00eb fokusohemi n\u00eb kat\u00ebr fushat e m\u00ebposhtme, pasi lidhjet e tyre me t\u00eb drejtat sociale jan\u00eb t\u00eb qarta:<\/p>\n\n\n\n<ul class=\"wp-block-list\">\n<li>Cil\u00ebsia e vendeve t\u00eb pun\u00ebs n\u00eb tranzicionin e gjelb\u00ebr<\/li>\n\n\n\n<li>Aksesi n\u00eb energji dhe varf\u00ebria energjetike<\/li>\n\n\n\n<li>Qasja n\u00eb l\u00ebvizshm\u00ebri t\u00eb q\u00ebndrueshme dhe varf\u00ebri n\u00eb transport<\/li>\n<\/ul>\n\n\n\n<p>Me cil\u00ebsin\u00eb e vendeve t\u00eb pun\u00ebs, n\u00ebnkuptojm\u00eb at\u00eb q\u00eb ILO i referohet si &quot;pun\u00eb t\u00eb denj\u00eb q\u00eb kontribuojn\u00eb n\u00eb ruajtjen ose rivendosjen e mjedisit&quot;. <\/p>\n<\/div>\n<\/div>","protected":false},"excerpt":{"rendered":"<p>Just Transition People in vulnerable situations \u2013 due to factors such as socio-economic status, geography, age and gender \u2013 are relatively more exposed to the impacts of climate change and environmental degradation. At the same time, socio-economic inequalities are among the root causes of the climate crisis: richer segments of the population pollute far more &hellip;<\/p>","protected":false},"author":2,"featured_media":0,"parent":0,"menu_order":0,"comment_status":"closed","ping_status":"closed","template":"","meta":{"_acf_changed":false,"footnotes":""},"class_list":["post-431","page","type-page","status-publish","hentry"],"acf":[],"_links":{"self":[{"href":"https:\/\/srm.solidar.org\/sq\/wp-json\/wp\/v2\/pages\/431","targetHints":{"allow":["GET"]}}],"collection":[{"href":"https:\/\/srm.solidar.org\/sq\/wp-json\/wp\/v2\/pages"}],"about":[{"href":"https:\/\/srm.solidar.org\/sq\/wp-json\/wp\/v2\/types\/page"}],"author":[{"embeddable":true,"href":"https:\/\/srm.solidar.org\/sq\/wp-json\/wp\/v2\/users\/2"}],"replies":[{"embeddable":true,"href":"https:\/\/srm.solidar.org\/sq\/wp-json\/wp\/v2\/comments?post=431"}],"version-history":[{"count":0,"href":"https:\/\/srm.solidar.org\/sq\/wp-json\/wp\/v2\/pages\/431\/revisions"}],"wp:attachment":[{"href":"https:\/\/srm.solidar.org\/sq\/wp-json\/wp\/v2\/media?parent=431"}],"curies":[{"name":"wp","href":"https:\/\/api.w.org\/{rel}","templated":true}]}}